{"id":105392,"date":"2025-11-30T20:07:47","date_gmt":"2025-11-30T19:07:47","guid":{"rendered":"https:\/\/nimedixmedical.com\/notre-catalogue\/regle-des-lesions-cutanees\/"},"modified":"2026-01-12T15:07:27","modified_gmt":"2026-01-12T14:07:27","slug":"regle-des-lesions-cutanees","status":"publish","type":"product","link":"https:\/\/nimedixmedical.com\/en\/our-catalog\/regle-des-lesions-cutanees\/","title":{"rendered":"Cutaneous lesions rule"},"content":{"rendered":"<p>La r\u00e8gle des l\u00e9sions cutan\u00e9es est un outil essentiel en dermatologie, permettant aux professionnels de sant\u00e9 d&#8217;\u00e9valuer et de mesurer les l\u00e9sions cutan\u00e9es avec pr\u00e9cision. Son design ergonomique et ses dimensions adapt\u00e9es garantissent une utilisation facile lors des consultations.<\/p>\n<h2>Features<\/h2>\n<ul>\n<li>Dimensions : 21 x 5 cm, id\u00e9al pour des mesures pr\u00e9cises.<\/li>\n<li>Personnalisation disponible avec votre logo pour un minimum de 2000 unit\u00e9s.<\/li>\n<li>Mat\u00e9riau durable et r\u00e9sistant, con\u00e7u pour un usage professionnel.<\/li>\n<li>Facilit\u00e9 de lecture avec un marquage clair des \u00e9chelles de mesure.<\/li>\n<\/ul>\n<h2>Delivery<\/h2>\n<ul>\n<li><strong>France :<\/strong> Direct delivery.<\/li>\n<li><strong>Export (Europe and Africa) :<\/strong> Quote.<\/li>\n<\/ul>","protected":false},"excerpt":{"rendered":"<ul>\n<li>Outil indispensable pour \u00e9valuer les l\u00e9sions cutan\u00e9es avec pr\u00e9cision.<\/li>\n<li>Facilite la communication des r\u00e9sultats aux patients et aux coll\u00e8gues.<\/li>\n<li>Personnalisable avec votre logo pour renforcer votre image professionnelle.<\/li>\n<li>Dimensions adapt\u00e9es pour une utilisation facile et pratique.<\/li>\n<\/ul>","protected":false},"featured_media":105393,"comment_status":"open","ping_status":"open","template":"","meta":{"inline_featured_image":false},"product_brand":[],"product_cat":[980,983,951],"product_tag":[],"class_list":{"0":"post-105392","1":"product","2":"type-product","3":"status-publish","4":"has-post-thumbnail","6":"product_cat-dermatologie","7":"product_cat-dermatoscopes-et-accessoires","8":"product_cat-produits-orl","10":"first","11":"instock","12":"sale","13":"taxable","14":"shipping-taxable","15":"purchasable","16":"product-type-simple"},"_links":{"self":[{"href":"https:\/\/nimedixmedical.com\/en\/wp-json\/wp\/v2\/product\/105392","targetHints":{"allow":["GET"]}}],"collection":[{"href":"https:\/\/nimedixmedical.com\/en\/wp-json\/wp\/v2\/product"}],"about":[{"href":"https:\/\/nimedixmedical.com\/en\/wp-json\/wp\/v2\/types\/product"}],"replies":[{"embeddable":true,"href":"https:\/\/nimedixmedical.com\/en\/wp-json\/wp\/v2\/comments?post=105392"}],"wp:featuredmedia":[{"embeddable":true,"href":"https:\/\/nimedixmedical.com\/en\/wp-json\/wp\/v2\/media\/105393"}],"wp:attachment":[{"href":"https:\/\/nimedixmedical.com\/en\/wp-json\/wp\/v2\/media?parent=105392"}],"wp:term":[{"taxonomy":"product_brand","embeddable":true,"href":"https:\/\/nimedixmedical.com\/en\/wp-json\/wp\/v2\/product_brand?post=105392"},{"taxonomy":"product_cat","embeddable":true,"href":"https:\/\/nimedixmedical.com\/en\/wp-json\/wp\/v2\/product_cat?post=105392"},{"taxonomy":"product_tag","embeddable":true,"href":"https:\/\/nimedixmedical.com\/en\/wp-json\/wp\/v2\/product_tag?post=105392"}],"curies":[{"name":"wp","href":"https:\/\/api.w.org\/{rel}","templated":true}]}}