{"id":105383,"date":"2025-11-30T20:07:47","date_gmt":"2025-11-30T19:07:47","guid":{"rendered":"https:\/\/nimedixmedical.com\/notre-catalogue\/dermatoscope-gima-10x\/"},"modified":"2026-01-12T15:07:25","modified_gmt":"2026-01-12T14:07:25","slug":"dermatoscope-gima-10x","status":"publish","type":"product","link":"https:\/\/nimedixmedical.com\/en\/our-catalog\/dermatoscope-gima-10x\/","title":{"rendered":"Dermatoscope GIMA &#8211; 10x"},"content":{"rendered":"<p>Le dermatoscope GIMA &#8211; 10X est un outil essentiel pour les professionnels de la sant\u00e9, permettant une analyse d\u00e9taill\u00e9e des l\u00e9sions pigment\u00e9es de la peau. Gr\u00e2ce \u00e0 son \u00e9clairage halog\u00e8ne et son grossissement de 10X, il assure des diagnostics pr\u00e9cis et fiables.<\/p>\n<h2>Features<\/h2>\n<ul>\n<li>Grossissement : 10X pour un niveau de d\u00e9tail \u00e9lev\u00e9.<\/li>\n<li>\u00c9clairage : Halog\u00e8ne avec une dur\u00e9e de vie pratiquement illimit\u00e9e.<\/li>\n<li>Accessoires : Comprend 2 embouts de contact autoclavables (dont un gradu\u00e9) de \u00d8 2,5 cm.<\/li>\n<li>\u00c9tat : Fini satin\u00e9, sans latex.<\/li>\n<li>Alimentation : Fonctionne avec 2 piles C, batterie rechargeable, ou chargeur inclus.<\/li>\n<li>Facilit\u00e9 d&#8217;utilisation : Mise au point ais\u00e9e gr\u00e2ce \u00e0 la grande bague de mise au point.<\/li>\n<li>Documentation : Mode d&#8217;emploi multilingue inclus (GB, FR, IT, ES, PT, SE, HU, RO).<\/li>\n<\/ul>\n<h2>Delivery<\/h2>\n<ul>\n<li><strong>France :<\/strong> Direct delivery.<\/li>\n<li><strong>Export (Europe and Africa) :<\/strong> Quote.<\/li>\n<\/ul>","protected":false},"excerpt":{"rendered":"<ul>\n<li>Grossissement 10X pour une pr\u00e9cision accrue dans l&#8217;examen des l\u00e9sions cutan\u00e9es.<\/li>\n<li>\u00c9clairage halog\u00e8ne offrant une dur\u00e9e de vie presque illimit\u00e9e pour une meilleure visualisation.<\/li>\n<li>Inclus : embouts de contact autoclavables pour une utilisation hygi\u00e9nique.<\/li>\n<li>Facilit\u00e9 de mise au point gr\u00e2ce \u00e0 une grande bague de mise au point.<\/li>\n<\/ul>","protected":false},"featured_media":105384,"comment_status":"open","ping_status":"open","template":"","meta":{"inline_featured_image":false},"product_brand":[],"product_cat":[980,983,951],"product_tag":[],"class_list":{"0":"post-105383","1":"product","2":"type-product","3":"status-publish","4":"has-post-thumbnail","6":"product_cat-dermatologie","7":"product_cat-dermatoscopes-et-accessoires","8":"product_cat-produits-orl","10":"first","11":"instock","12":"sale","13":"taxable","14":"shipping-taxable","15":"purchasable","16":"product-type-simple"},"_links":{"self":[{"href":"https:\/\/nimedixmedical.com\/en\/wp-json\/wp\/v2\/product\/105383","targetHints":{"allow":["GET"]}}],"collection":[{"href":"https:\/\/nimedixmedical.com\/en\/wp-json\/wp\/v2\/product"}],"about":[{"href":"https:\/\/nimedixmedical.com\/en\/wp-json\/wp\/v2\/types\/product"}],"replies":[{"embeddable":true,"href":"https:\/\/nimedixmedical.com\/en\/wp-json\/wp\/v2\/comments?post=105383"}],"wp:featuredmedia":[{"embeddable":true,"href":"https:\/\/nimedixmedical.com\/en\/wp-json\/wp\/v2\/media\/105384"}],"wp:attachment":[{"href":"https:\/\/nimedixmedical.com\/en\/wp-json\/wp\/v2\/media?parent=105383"}],"wp:term":[{"taxonomy":"product_brand","embeddable":true,"href":"https:\/\/nimedixmedical.com\/en\/wp-json\/wp\/v2\/product_brand?post=105383"},{"taxonomy":"product_cat","embeddable":true,"href":"https:\/\/nimedixmedical.com\/en\/wp-json\/wp\/v2\/product_cat?post=105383"},{"taxonomy":"product_tag","embeddable":true,"href":"https:\/\/nimedixmedical.com\/en\/wp-json\/wp\/v2\/product_tag?post=105383"}],"curies":[{"name":"wp","href":"https:\/\/api.w.org\/{rel}","templated":true}]}}