{"id":105176,"date":"2025-11-30T20:04:56","date_gmt":"2025-11-30T19:04:56","guid":{"rendered":"https:\/\/nimedixmedical.com\/notre-catalogue\/ophtalmoscope-a-f-o-sigma-25v-xenon-halogene-mallette\/"},"modified":"2026-01-12T15:06:26","modified_gmt":"2026-01-12T14:06:26","slug":"ophtalmoscope-a-f-o-sigma-25v-xenon-halogene-mallette","status":"publish","type":"product","link":"https:\/\/nimedixmedical.com\/en\/our-catalog\/ophtalmoscope-a-f-o-sigma-25v-xenon-halogene-mallette\/","title":{"rendered":"Ophtalmoscope \u00c0 F.o. Sigma 2,5v &#8211; X\u00e9non\/halog\u00e8ne &#8211; Mallette"},"content":{"rendered":"<p>Con\u00e7u pour les professionnels de la sant\u00e9, l&#8217;ophtalmoscope \u00e0 fibre optique Sigma 2,5V est un instrument essentiel pour des examens ophtalmologiques pr\u00e9cis. Sa technologie avanc\u00e9e assure une visualisation claire, facilitant le diagnostic.<\/p>\n<h2>Features<\/h2>\n<ul>\n<li>Mod\u00e8le : Ophtalmoscope \u00e0 F.O. Sigma 2,5V &#8211; poign\u00e9e standard<\/li>\n<li>Color : Black<\/li>\n<li>Type d&#8217;\u00e9clairage : X\u00e9non\/Halog\u00e8ne avec illumination distale \u00e0 fibre optique<\/li>\n<li>Emballage : Fournie avec mallette de transport<\/li>\n<li>Optique : Fen\u00eatre d\u2019observation rotative avec lentille grossissante 3X<\/li>\n<li>Fonctionnalit\u00e9 : Insufflation pour test pneumatique de mobilit\u00e9 du tympan<\/li>\n<li>Mat\u00e9riaux : Plastique renforc\u00e9 pour une durabilit\u00e9 accrue<\/li>\n<\/ul>\n<h2>Delivery<\/h2>\n<ul>\n<li><strong>France :<\/strong> Direct delivery.<\/li>\n<li><strong>Export (Europe and Africa) :<\/strong> Quote.<\/li>\n<\/ul>","protected":false},"excerpt":{"rendered":"<ul>\n<li>Usage : Ophtalmoscope \u00e0 fibre optique pour examens ophtalmologiques et ORL.<\/li>\n<li>B\u00e9n\u00e9fice : \u00c9clairage X\u00e9non\/Halog\u00e8ne pour une visibilit\u00e9 optimale.<\/li>\n<li>Conception l\u00e9g\u00e8re : Fabriqu\u00e9 en plastique renforc\u00e9 pour une utilisation prolong\u00e9e.<\/li>\n<li>Fonctionnalit\u00e9 : Fen\u00eatre d\u2019observation rotative avec lentille 3X pour des images pr\u00e9cises.<\/li>\n<\/ul>","protected":false},"featured_media":105177,"comment_status":"open","ping_status":"open","template":"","meta":{"inline_featured_image":false},"product_brand":[],"product_cat":[968,973,951],"product_tag":[],"class_list":{"0":"post-105176","1":"product","2":"type-product","3":"status-publish","4":"has-post-thumbnail","6":"product_cat-ophtalmoscopes-et-retinoscopes","7":"product_cat-ophtalmoscopes-gima","8":"product_cat-produits-orl","10":"first","11":"instock","12":"sale","13":"taxable","14":"shipping-taxable","15":"purchasable","16":"product-type-simple"},"_links":{"self":[{"href":"https:\/\/nimedixmedical.com\/en\/wp-json\/wp\/v2\/product\/105176","targetHints":{"allow":["GET"]}}],"collection":[{"href":"https:\/\/nimedixmedical.com\/en\/wp-json\/wp\/v2\/product"}],"about":[{"href":"https:\/\/nimedixmedical.com\/en\/wp-json\/wp\/v2\/types\/product"}],"replies":[{"embeddable":true,"href":"https:\/\/nimedixmedical.com\/en\/wp-json\/wp\/v2\/comments?post=105176"}],"wp:featuredmedia":[{"embeddable":true,"href":"https:\/\/nimedixmedical.com\/en\/wp-json\/wp\/v2\/media\/105177"}],"wp:attachment":[{"href":"https:\/\/nimedixmedical.com\/en\/wp-json\/wp\/v2\/media?parent=105176"}],"wp:term":[{"taxonomy":"product_brand","embeddable":true,"href":"https:\/\/nimedixmedical.com\/en\/wp-json\/wp\/v2\/product_brand?post=105176"},{"taxonomy":"product_cat","embeddable":true,"href":"https:\/\/nimedixmedical.com\/en\/wp-json\/wp\/v2\/product_cat?post=105176"},{"taxonomy":"product_tag","embeddable":true,"href":"https:\/\/nimedixmedical.com\/en\/wp-json\/wp\/v2\/product_tag?post=105176"}],"curies":[{"name":"wp","href":"https:\/\/api.w.org\/{rel}","templated":true}]}}