{"id":105170,"date":"2025-11-30T20:04:56","date_gmt":"2025-11-30T19:04:56","guid":{"rendered":"https:\/\/nimedixmedical.com\/notre-catalogue\/ophtalmoscope-a-led-f-o-sigma-25v-trousse\/"},"modified":"2026-01-12T15:06:24","modified_gmt":"2026-01-12T14:06:24","slug":"ophtalmoscope-a-led-f-o-sigma-25v-trousse","status":"publish","type":"product","link":"https:\/\/nimedixmedical.com\/en\/our-catalog\/ophtalmoscope-a-led-f-o-sigma-25v-trousse\/","title":{"rendered":"Ophtalmoscope \u00c0 LED F.o. Sigma 2,5v &#8211; Trousse"},"content":{"rendered":"<p>L&#8217;ophtalmoscope \u00e0 LED F.O. Sigma 2,5V est un instrument de diagnostic de haute qualit\u00e9, sp\u00e9cialement con\u00e7u pour les professionnels de la sant\u00e9 en O.R.L. et ophtalmoscopie. Sa conception l\u00e9g\u00e8re et robuste facilite une utilisation prolong\u00e9e lors des examens cliniques.<\/p>\n<h2>Features<\/h2>\n<ul>\n<li>Mod\u00e8le : Ophtalmoscope \u00e0 F.O. Sigma 2,5V avec poign\u00e9e standard.<\/li>\n<li>Color : Black.<\/li>\n<li>Source lumineuse : \u00c9clairage par LED, illumination distale \u00e0 fibre optique.<\/li>\n<li>Accessoires : Fourni avec une mallette pour un rangement et un transport faciles.<\/li>\n<li>Grossissement : Lentille grossissante 3X pour des images pr\u00e9cises et minimisation des r\u00e9flexions.<\/li>\n<li>Autonomie : Dur\u00e9e de batterie six fois sup\u00e9rieure \u00e0 celle des ampoules classiques.<\/li>\n<li>Fonctionnalit\u00e9 : Insufflation pour test pneumatique de la mobilit\u00e9 du tympan.<\/li>\n<\/ul>\n<h2>Delivery<\/h2>\n<ul>\n<li><strong>France :<\/strong> Direct delivery.<\/li>\n<li><strong>Export (Europe and Africa) :<\/strong> Quote.<\/li>\n<\/ul>","protected":false},"excerpt":{"rendered":"<ul>\n<li>Utilisation professionnelle en O.R.L. et ophtalmoscopie.<\/li>\n<li>\u00c9clairage LED offrant une dur\u00e9e de vie six fois plus longue que les ampoules traditionnelles.<\/li>\n<li>Fen\u00eatre d&#8217;observation rotative avec lentille grossissante 3X pour des images nettes.<\/li>\n<li>Possibilit\u00e9 d&#8217;insufflation pour tester la mobilit\u00e9 du tympan.<\/li>\n<\/ul>","protected":false},"featured_media":105171,"comment_status":"open","ping_status":"open","template":"","meta":{"inline_featured_image":false},"product_brand":[],"product_cat":[968,973,951],"product_tag":[],"class_list":{"0":"post-105170","1":"product","2":"type-product","3":"status-publish","4":"has-post-thumbnail","6":"product_cat-ophtalmoscopes-et-retinoscopes","7":"product_cat-ophtalmoscopes-gima","8":"product_cat-produits-orl","10":"first","11":"instock","12":"sale","13":"taxable","14":"shipping-taxable","15":"purchasable","16":"product-type-simple"},"_links":{"self":[{"href":"https:\/\/nimedixmedical.com\/en\/wp-json\/wp\/v2\/product\/105170","targetHints":{"allow":["GET"]}}],"collection":[{"href":"https:\/\/nimedixmedical.com\/en\/wp-json\/wp\/v2\/product"}],"about":[{"href":"https:\/\/nimedixmedical.com\/en\/wp-json\/wp\/v2\/types\/product"}],"replies":[{"embeddable":true,"href":"https:\/\/nimedixmedical.com\/en\/wp-json\/wp\/v2\/comments?post=105170"}],"wp:featuredmedia":[{"embeddable":true,"href":"https:\/\/nimedixmedical.com\/en\/wp-json\/wp\/v2\/media\/105171"}],"wp:attachment":[{"href":"https:\/\/nimedixmedical.com\/en\/wp-json\/wp\/v2\/media?parent=105170"}],"wp:term":[{"taxonomy":"product_brand","embeddable":true,"href":"https:\/\/nimedixmedical.com\/en\/wp-json\/wp\/v2\/product_brand?post=105170"},{"taxonomy":"product_cat","embeddable":true,"href":"https:\/\/nimedixmedical.com\/en\/wp-json\/wp\/v2\/product_cat?post=105170"},{"taxonomy":"product_tag","embeddable":true,"href":"https:\/\/nimedixmedical.com\/en\/wp-json\/wp\/v2\/product_tag?post=105170"}],"curies":[{"name":"wp","href":"https:\/\/api.w.org\/{rel}","templated":true}]}}