{"id":105100,"date":"2025-11-30T20:04:20","date_gmt":"2025-11-30T19:04:20","guid":{"rendered":"https:\/\/nimedixmedical.com\/notre-catalogue\/ophtalmoscope-f-o-e-scope-led-37v-blanc-etui-rigide\/"},"modified":"2026-01-12T15:06:13","modified_gmt":"2026-01-12T14:06:13","slug":"ophtalmoscope-f-o-e-scope-led-37v-blanc-etui-rigide","status":"publish","type":"product","link":"https:\/\/nimedixmedical.com\/en\/our-catalog\/ophtalmoscope-f-o-e-scope-led-37v-blanc-etui-rigide\/","title":{"rendered":"Ophtalmoscope F.o. E-scope &#8211; LED 3,7v &#8211; Blanc &#8211; \u00c9tui Rigide"},"content":{"rendered":"<p>L&#8217;ophtalmoscope E-SCOPE\u00ae est un outil essentiel pour les professionnels de sant\u00e9, offrant une visualisation optimale des structures oculaires. Gr\u00e2ce \u00e0 son \u00e9clairage LED innovant et \u00e0 ses fonctionnalit\u00e9s avanc\u00e9es, il permet des diagnostics pr\u00e9cis et fiables.<\/p>\n<h2>Features<\/h2>\n<ul>\n<li>Eclairage LED 3,7 V pour un diagnostic contrast\u00e9 et efficace<\/li>\n<li>Molette de r\u00e9glage de dioptrie avec 18 lentilles de correction (\u00b1 1 \u00e0 20)<\/li>\n<li>6 types de diaphragmes pour une manipulation facile<\/li>\n<li>Optique de haute performance avec lentille de condensation asph\u00e9rique<\/li>\n<li>Lumi\u00e8re blanche \u00e0 5 500 \u00b0K pour un rendu colorim\u00e9trique optimal<\/li>\n<li>Ampoules LED longue dur\u00e9e : jusqu&#8217;\u00e0 20 000 heures<\/li>\n<li>Faible consommation d\u2019\u00e9nergie : jusqu&#8217;\u00e0 50 heures d&#8217;utilisation<\/li>\n<\/ul>\n<h2>Delivery<\/h2>\n<ul>\n<li><strong>France :<\/strong> Direct delivery.<\/li>\n<li><strong>Export (Europe and Africa) :<\/strong> Quote.<\/li>\n<\/ul>","protected":false},"excerpt":{"rendered":"<ul>\n<li>Usage : Id\u00e9al pour les examens ophtalmiques professionnels.<\/li>\n<li>B\u00e9n\u00e9fice : \u00c9clairage LED performant pour des diagnostics pr\u00e9cis et contrast\u00e9s.<\/li>\n<li>Flexibilit\u00e9 : Molette de r\u00e9glage de dioptrie avec 18 lentilles de correction.<\/li>\n<li>Durabilit\u00e9 : Ampoules LED avec une dur\u00e9e de vie allant jusqu&#8217;\u00e0 20 000 heures.<\/li>\n<\/ul>","protected":false},"featured_media":105101,"comment_status":"open","ping_status":"open","template":"","meta":{"inline_featured_image":false},"product_brand":[],"product_cat":[968,971,951],"product_tag":[],"class_list":{"0":"post-105100","1":"product","2":"type-product","3":"status-publish","4":"has-post-thumbnail","6":"product_cat-ophtalmoscopes-et-retinoscopes","7":"product_cat-ophtalmoscopes-riester","8":"product_cat-produits-orl","10":"first","11":"instock","12":"sale","13":"taxable","14":"shipping-taxable","15":"purchasable","16":"product-type-simple"},"_links":{"self":[{"href":"https:\/\/nimedixmedical.com\/en\/wp-json\/wp\/v2\/product\/105100","targetHints":{"allow":["GET"]}}],"collection":[{"href":"https:\/\/nimedixmedical.com\/en\/wp-json\/wp\/v2\/product"}],"about":[{"href":"https:\/\/nimedixmedical.com\/en\/wp-json\/wp\/v2\/types\/product"}],"replies":[{"embeddable":true,"href":"https:\/\/nimedixmedical.com\/en\/wp-json\/wp\/v2\/comments?post=105100"}],"wp:featuredmedia":[{"embeddable":true,"href":"https:\/\/nimedixmedical.com\/en\/wp-json\/wp\/v2\/media\/105101"}],"wp:attachment":[{"href":"https:\/\/nimedixmedical.com\/en\/wp-json\/wp\/v2\/media?parent=105100"}],"wp:term":[{"taxonomy":"product_brand","embeddable":true,"href":"https:\/\/nimedixmedical.com\/en\/wp-json\/wp\/v2\/product_brand?post=105100"},{"taxonomy":"product_cat","embeddable":true,"href":"https:\/\/nimedixmedical.com\/en\/wp-json\/wp\/v2\/product_cat?post=105100"},{"taxonomy":"product_tag","embeddable":true,"href":"https:\/\/nimedixmedical.com\/en\/wp-json\/wp\/v2\/product_tag?post=105100"}],"curies":[{"name":"wp","href":"https:\/\/api.w.org\/{rel}","templated":true}]}}