{"id":105098,"date":"2025-11-30T20:04:20","date_gmt":"2025-11-30T19:04:20","guid":{"rendered":"https:\/\/nimedixmedical.com\/notre-catalogue\/kit-de-diagnostic-e-scope-led-37v-blanc-etui-rigide\/"},"modified":"2026-01-12T15:06:11","modified_gmt":"2026-01-12T14:06:11","slug":"diagnostic-kit-e-scope-led-37v-white-hard-case","status":"publish","type":"product","link":"https:\/\/nimedixmedical.com\/en\/our-catalog\/diagnostic-kit-e-scope-led-37v-white-hard-case\/","title":{"rendered":"Kit de Diagnostic E-scope &#8211; LED 3,7v &#8211; Blanc &#8211; \u00c9tui Rigide"},"content":{"rendered":"<p>Le KIT DE DIAGNOSTIC E-SCOPE\u00ae est un instrument m\u00e9dical essentiel pour les professionnels de la sant\u00e9. Con\u00e7u pour des diagnostics oto-ophtalmiques pr\u00e9cis, il combine technologie avanc\u00e9e et ergonomie pour une utilisation optimale.<\/p>\n<h2>Features<\/h2>\n<ul>\n<li>Otoscope avec optique de pr\u00e9cision herm\u00e9tique, grossissement de 3X<\/li>\n<li>Ophtalmoscope avec \u00e9clairage LED 3,7 V pour un diagnostic contrast\u00e9<\/li>\n<li>Molette de r\u00e9glage de dioptrie avec 18 lentilles de correction<\/li>\n<li>6 diaphragmes pour diff\u00e9rents types de visualisation<\/li>\n<li>Lentille de condensation asph\u00e9rique pour une optique haute performance<\/li>\n<li>Dur\u00e9e de vie des ampoules LED jusqu&#8217;\u00e0 20 000 heures<\/li>\n<li>\u00c9conomie d&#8217;\u00e9nergie gr\u00e2ce \u00e0 l&#8217;IPC qui optimise le voltage<\/li>\n<\/ul>\n<h2>Delivery<\/h2>\n<ul>\n<li><strong>France :<\/strong> Direct delivery.<\/li>\n<li><strong>Export (Europe and Africa) :<\/strong> Quote.<\/li>\n<\/ul>","protected":false},"excerpt":{"rendered":"<ul>\n<li>Kit complet pour diagnostics oto-ophtalmiques<\/li>\n<li>\u00c9clairage LED 3,7 V pour une meilleure visibilit\u00e9<\/li>\n<li>Optique de pr\u00e9cision avec plusieurs r\u00e9glages de dioptrie<\/li>\n<li>\u00c9tui rigide pour un transport s\u00e9curis\u00e9 et pratique<\/li>\n<\/ul>","protected":false},"featured_media":105099,"comment_status":"open","ping_status":"open","template":"","meta":{"inline_featured_image":false},"product_brand":[],"product_cat":[968,971,951],"product_tag":[],"class_list":{"0":"post-105098","1":"product","2":"type-product","3":"status-publish","4":"has-post-thumbnail","6":"product_cat-ophtalmoscopes-et-retinoscopes","7":"product_cat-ophtalmoscopes-riester","8":"product_cat-produits-orl","10":"first","11":"instock","12":"sale","13":"taxable","14":"shipping-taxable","15":"purchasable","16":"product-type-simple"},"_links":{"self":[{"href":"https:\/\/nimedixmedical.com\/en\/wp-json\/wp\/v2\/product\/105098","targetHints":{"allow":["GET"]}}],"collection":[{"href":"https:\/\/nimedixmedical.com\/en\/wp-json\/wp\/v2\/product"}],"about":[{"href":"https:\/\/nimedixmedical.com\/en\/wp-json\/wp\/v2\/types\/product"}],"replies":[{"embeddable":true,"href":"https:\/\/nimedixmedical.com\/en\/wp-json\/wp\/v2\/comments?post=105098"}],"wp:featuredmedia":[{"embeddable":true,"href":"https:\/\/nimedixmedical.com\/en\/wp-json\/wp\/v2\/media\/105099"}],"wp:attachment":[{"href":"https:\/\/nimedixmedical.com\/en\/wp-json\/wp\/v2\/media?parent=105098"}],"wp:term":[{"taxonomy":"product_brand","embeddable":true,"href":"https:\/\/nimedixmedical.com\/en\/wp-json\/wp\/v2\/product_brand?post=105098"},{"taxonomy":"product_cat","embeddable":true,"href":"https:\/\/nimedixmedical.com\/en\/wp-json\/wp\/v2\/product_cat?post=105098"},{"taxonomy":"product_tag","embeddable":true,"href":"https:\/\/nimedixmedical.com\/en\/wp-json\/wp\/v2\/product_tag?post=105098"}],"curies":[{"name":"wp","href":"https:\/\/api.w.org\/{rel}","templated":true}]}}