{"id":105096,"date":"2025-11-30T20:04:20","date_gmt":"2025-11-30T19:04:20","guid":{"rendered":"https:\/\/nimedixmedical.com\/notre-catalogue\/ophtalmoscope-f-o-e-scope-led-37v-noir-etui-rigide\/"},"modified":"2026-01-22T18:58:33","modified_gmt":"2026-01-22T17:58:33","slug":"ophtalmoscope-f-o-e-scope-led-37v-noir-etui-rigide","status":"publish","type":"product","link":"https:\/\/nimedixmedical.com\/en\/our-catalog\/ophtalmoscope-f-o-e-scope-led-37v-noir-etui-rigide\/","title":{"rendered":"Ophthalmoscope F.o. E-scope - LED 3,7v - Black - Hard Case"},"content":{"rendered":"<p>D\u00e9couvrez l&#8217;Ophtalmoscope F.O. E-SCOPE, un instrument m\u00e9dical de pr\u00e9cision con\u00e7u pour les professionnels de la sant\u00e9. Gr\u00e2ce \u00e0 son \u00e9clairage LED innovant et \u00e0 ses fonctionnalit\u00e9s avanc\u00e9es, cet ophtalmoscope facilite les examens ophtalmologiques tout en garantissant un diagnostic pr\u00e9cis.<\/p>\n<h2>Features<\/h2>\n<ul>\n<li>\u00c9clairage LED 3,7 V pour un diagnostic plus contrast\u00e9 et efficace<\/li>\n<li>Molette de r\u00e9glage de dioptrie avec 18 lentilles de correction (\u00b1 1 \u00e0 20)<\/li>\n<li>R\u00e9glage diaphragme avec 6 options : \u00e9toile, grand cercle, petit cercle, \u00e9cran sans rouge, filtre bleu, demi-cercle<\/li>\n<li>Optique haute performance avec lentille de condensation asph\u00e9rique<\/li>\n<li>Protection pour lunettes et parcours parall\u00e8le des faisceaux lumineux<\/li>\n<li>Lumi\u00e8re blanche \u00e0 5 500 \u00b0K et faible consommation d\u2019\u00e9nergie avec IPC int\u00e9gr\u00e9<\/li>\n<\/ul>\n<h2>Delivery<\/h2>\n<ul>\n<li><strong>France :<\/strong> Direct delivery.<\/li>\n<li><strong>Export (Europe and Africa) :<\/strong> Quote.<\/li>\n<\/ul>","protected":false},"excerpt":{"rendered":"<ul>\n<li>Usage : Ophtalmoscope F.O. E-SCOPE avec \u00e9clairage LED pour diagnostics oculaires.<\/li>\n<li>B\u00e9n\u00e9fice : Meilleure visibilit\u00e9 et contraste gr\u00e2ce \u00e0 la technologie LED innovante.<\/li>\n<li>Facilit\u00e9 d&#8217;utilisation : R\u00e9glage de dioptrie et diaphragme intuitifs pour un usage quotidien.<\/li>\n<li>Durabilit\u00e9 : Ampoules LED longue dur\u00e9e jusqu&#8217;\u00e0 20 000 heures.<\/li>\n<\/ul>","protected":false},"featured_media":105097,"comment_status":"open","ping_status":"open","template":"","meta":{"inline_featured_image":false},"product_brand":[],"product_cat":[968,971,951],"product_tag":[],"class_list":{"0":"post-105096","1":"product","2":"type-product","3":"status-publish","4":"has-post-thumbnail","6":"product_cat-ophtalmoscopes-et-retinoscopes","7":"product_cat-ophtalmoscopes-riester","8":"product_cat-produits-orl","10":"first","11":"instock","12":"sale","13":"taxable","14":"shipping-taxable","15":"purchasable","16":"product-type-simple"},"_links":{"self":[{"href":"https:\/\/nimedixmedical.com\/en\/wp-json\/wp\/v2\/product\/105096","targetHints":{"allow":["GET"]}}],"collection":[{"href":"https:\/\/nimedixmedical.com\/en\/wp-json\/wp\/v2\/product"}],"about":[{"href":"https:\/\/nimedixmedical.com\/en\/wp-json\/wp\/v2\/types\/product"}],"replies":[{"embeddable":true,"href":"https:\/\/nimedixmedical.com\/en\/wp-json\/wp\/v2\/comments?post=105096"}],"wp:featuredmedia":[{"embeddable":true,"href":"https:\/\/nimedixmedical.com\/en\/wp-json\/wp\/v2\/media\/105097"}],"wp:attachment":[{"href":"https:\/\/nimedixmedical.com\/en\/wp-json\/wp\/v2\/media?parent=105096"}],"wp:term":[{"taxonomy":"product_brand","embeddable":true,"href":"https:\/\/nimedixmedical.com\/en\/wp-json\/wp\/v2\/product_brand?post=105096"},{"taxonomy":"product_cat","embeddable":true,"href":"https:\/\/nimedixmedical.com\/en\/wp-json\/wp\/v2\/product_cat?post=105096"},{"taxonomy":"product_tag","embeddable":true,"href":"https:\/\/nimedixmedical.com\/en\/wp-json\/wp\/v2\/product_tag?post=105096"}],"curies":[{"name":"wp","href":"https:\/\/api.w.org\/{rel}","templated":true}]}}