{"id":105075,"date":"2025-11-30T20:03:27","date_gmt":"2025-11-30T19:03:27","guid":{"rendered":"https:\/\/nimedixmedical.com\/notre-catalogue\/trousse-combi-otoscopelampe-stylo\/"},"modified":"2026-01-12T15:06:07","modified_gmt":"2026-01-12T14:06:07","slug":"combi-kit-otoscopelampe-stylo","status":"publish","type":"product","link":"https:\/\/nimedixmedical.com\/en\/our-catalog\/combi-kit-otoscopelampe-stylo\/","title":{"rendered":"Trousse Combi &#8211; Otoscope+lampe Stylo"},"content":{"rendered":"<p>La trousse Combi est un outil indispensable pour les professionnels de la sant\u00e9, permettant un diagnostic pr\u00e9cis gr\u00e2ce \u00e0 sa double fonction. Compact et facile \u00e0 utiliser, cet instrument est con\u00e7u pour r\u00e9pondre aux besoins des examens ORL.<\/p>\n<h2>Features<\/h2>\n<ul>\n<li>Instrument transformable : lampe stylo de diagnostic et mini-otoscope.<\/li>\n<li>3 tailles de sp\u00e9culums inclus : 2,5 mm, 3,5 mm, et 4,5 mm.<\/li>\n<li>\u00c9clairage LED blanc pour une visibilit\u00e9 am\u00e9lior\u00e9e.<\/li>\n<li>Indicateur d&#8217;\u00e9cartement des pupilles et r\u00e8gle \u00e0 double coulisse int\u00e9gr\u00e9s.<\/li>\n<li>Piles fournies (2 x AAA).<\/li>\n<li>Pr\u00e9sent\u00e9 dans un coffret-cadeau \u00e9l\u00e9gant.<\/li>\n<\/ul>\n<h2>Delivery<\/h2>\n<ul>\n<li><strong>France :<\/strong> Direct delivery.<\/li>\n<li><strong>Export (Europe and Africa) :<\/strong> Quote.<\/li>\n<\/ul>","protected":false},"excerpt":{"rendered":"<ul>\n<li>Double fonction : se transforme facilement en lampe stylo de diagnostic et mini-otoscope.<\/li>\n<li>Inclut 3 tailles de sp\u00e9culums pour s&#8217;adapter \u00e0 diff\u00e9rents besoins (2,5 &#8211; 3,5 &#8211; 4,5 x 38 mm).<\/li>\n<li>Lumi\u00e8re blanche LED pour un \u00e9clairage optimal lors des examens.<\/li>\n<li>Pratique et \u00e9l\u00e9gant, pr\u00e9sent\u00e9 dans un coffret-cadeau id\u00e9al pour les professionnels de la sant\u00e9.<\/li>\n<\/ul>","protected":false},"featured_media":105076,"comment_status":"open","ping_status":"open","template":"","meta":{"inline_featured_image":false},"product_brand":[],"product_cat":[963,967,951],"product_tag":[],"class_list":{"0":"post-105075","1":"product","2":"type-product","3":"status-publish","4":"has-post-thumbnail","6":"product_cat-otoscopes","7":"product_cat-otoscopes-gima","8":"product_cat-produits-orl","10":"first","11":"instock","12":"sale","13":"taxable","14":"shipping-taxable","15":"purchasable","16":"product-type-simple"},"_links":{"self":[{"href":"https:\/\/nimedixmedical.com\/en\/wp-json\/wp\/v2\/product\/105075","targetHints":{"allow":["GET"]}}],"collection":[{"href":"https:\/\/nimedixmedical.com\/en\/wp-json\/wp\/v2\/product"}],"about":[{"href":"https:\/\/nimedixmedical.com\/en\/wp-json\/wp\/v2\/types\/product"}],"replies":[{"embeddable":true,"href":"https:\/\/nimedixmedical.com\/en\/wp-json\/wp\/v2\/comments?post=105075"}],"wp:featuredmedia":[{"embeddable":true,"href":"https:\/\/nimedixmedical.com\/en\/wp-json\/wp\/v2\/media\/105076"}],"wp:attachment":[{"href":"https:\/\/nimedixmedical.com\/en\/wp-json\/wp\/v2\/media?parent=105075"}],"wp:term":[{"taxonomy":"product_brand","embeddable":true,"href":"https:\/\/nimedixmedical.com\/en\/wp-json\/wp\/v2\/product_brand?post=105075"},{"taxonomy":"product_cat","embeddable":true,"href":"https:\/\/nimedixmedical.com\/en\/wp-json\/wp\/v2\/product_cat?post=105075"},{"taxonomy":"product_tag","embeddable":true,"href":"https:\/\/nimedixmedical.com\/en\/wp-json\/wp\/v2\/product_tag?post=105075"}],"curies":[{"name":"wp","href":"https:\/\/api.w.org\/{rel}","templated":true}]}}