{"id":104797,"date":"2025-11-30T20:00:18","date_gmt":"2025-11-30T19:00:18","guid":{"rendered":"https:\/\/nimedixmedical.com\/notre-catalogue\/camera-a-rayons-x-numerique-remex-t-100\/"},"modified":"2026-01-12T15:05:15","modified_gmt":"2026-01-12T14:05:15","slug":"camera-a-rayons-x-numerique-remex-t-100","status":"publish","type":"product","link":"https:\/\/nimedixmedical.com\/en\/our-catalog\/camera-a-rayons-x-numerique-remex-t-100\/","title":{"rendered":"Cam\u00e9ra \u00c0 Rayons X Num\u00e9rique Remex T-100"},"content":{"rendered":"<p>La cam\u00e9ra \u00e0 rayons X num\u00e9rique Remex T-100 est un \u00e9quipement m\u00e9dical r\u00e9volutionnaire, sp\u00e9cialement con\u00e7u pour offrir des images de haute qualit\u00e9 dans les domaines dentaire, p\u00e9diatrique et v\u00e9t\u00e9rinaire. Sa portabilit\u00e9 et sa facilit\u00e9 d&#8217;utilisation en font un outil essentiel pour les professionnels de la sant\u00e9.<\/p>\n<h2>Features<\/h2>\n<ul>\n<li>Fonctionne avec des capteurs intraoraux standard et tout d\u00e9tecteur disponible sur le march\u00e9.<\/li>\n<li>Mode de fonctionnement continu avec un temps d&#8217;exposition de 0,01 \u00e0 1,3 seconde.<\/li>\n<li>Images nettes avec une tache focale de 0,4 mm et une couverture de rayons X de \u00d8 60 mm \u00e0 SSD 200 mm.<\/li>\n<li>Tube kV\/mA : 70 kV \/ 2mA avec un angle d&#8217;anode de 12,5 degr\u00e9s.<\/li>\n<li>Batterie rechargeable CC 11,1 V, 1500 mAh pour une autonomie de plus de 250 expositions.<\/li>\n<li>Dimensions : 165&#215;236,5xh 153 mm, poids : 1,9 kg.<\/li>\n<li>Protection de Classe II, type B pour assurer la s\u00e9curit\u00e9 de l&#8217;utilisateur.<\/li>\n<\/ul>\n<h2>Delivery<\/h2>\n<ul>\n<li><strong>France :<\/strong> Direct delivery.<\/li>\n<li><strong>Export (Europe and Africa) :<\/strong> Quote.<\/li>\n<\/ul>","protected":false},"excerpt":{"rendered":"<ul>\n<li>Cam\u00e9ra portable pour images X des dents et petites parties du corps.<\/li>\n<li>Plus de 250 expositions par charge gr\u00e2ce \u00e0 sa batterie rechargeable.<\/li>\n<li>Radiation basse pour le patient et s\u00e9curit\u00e9 pour l&#8217;op\u00e9rateur.<\/li>\n<li>Haute r\u00e9solution d&#8217;image pour un diagnostic pr\u00e9cis.<\/li>\n<\/ul>","protected":false},"featured_media":104798,"comment_status":"open","ping_status":"open","template":"","meta":{"inline_featured_image":false},"product_brand":[],"product_cat":[951,962],"product_tag":[],"class_list":{"0":"post-104797","1":"product","2":"type-product","3":"status-publish","4":"has-post-thumbnail","6":"product_cat-produits-orl","7":"product_cat-rayons-x","9":"first","10":"instock","11":"sale","12":"taxable","13":"shipping-taxable","14":"purchasable","15":"product-type-simple"},"_links":{"self":[{"href":"https:\/\/nimedixmedical.com\/en\/wp-json\/wp\/v2\/product\/104797","targetHints":{"allow":["GET"]}}],"collection":[{"href":"https:\/\/nimedixmedical.com\/en\/wp-json\/wp\/v2\/product"}],"about":[{"href":"https:\/\/nimedixmedical.com\/en\/wp-json\/wp\/v2\/types\/product"}],"replies":[{"embeddable":true,"href":"https:\/\/nimedixmedical.com\/en\/wp-json\/wp\/v2\/comments?post=104797"}],"wp:featuredmedia":[{"embeddable":true,"href":"https:\/\/nimedixmedical.com\/en\/wp-json\/wp\/v2\/media\/104798"}],"wp:attachment":[{"href":"https:\/\/nimedixmedical.com\/en\/wp-json\/wp\/v2\/media?parent=104797"}],"wp:term":[{"taxonomy":"product_brand","embeddable":true,"href":"https:\/\/nimedixmedical.com\/en\/wp-json\/wp\/v2\/product_brand?post=104797"},{"taxonomy":"product_cat","embeddable":true,"href":"https:\/\/nimedixmedical.com\/en\/wp-json\/wp\/v2\/product_cat?post=104797"},{"taxonomy":"product_tag","embeddable":true,"href":"https:\/\/nimedixmedical.com\/en\/wp-json\/wp\/v2\/product_tag?post=104797"}],"curies":[{"name":"wp","href":"https:\/\/api.w.org\/{rel}","templated":true}]}}