{"id":104700,"date":"2025-11-30T19:59:29","date_gmt":"2025-11-30T18:59:29","guid":{"rendered":"https:\/\/nimedixmedical.com\/notre-catalogue\/test-chromatique-ishihara-boite-de-24-planches\/"},"modified":"2026-01-12T15:04:59","modified_gmt":"2026-01-12T14:04:59","slug":"test-chromatique-ishihara-boite-de-24-planches","status":"publish","type":"product","link":"https:\/\/nimedixmedical.com\/en\/our-catalog\/test-chromatique-ishihara-boite-de-24-planches\/","title":{"rendered":"Test Chromatique Ishihara &#8211; Bo\u00eete de 24 Planches"},"content":{"rendered":"<p>Le test chromatique Ishihara est un outil essentiel pour d\u00e9pister les d\u00e9ficiences de la vision des couleurs. Sa conception adapt\u00e9e permet une \u00e9valuation efficace, m\u00eame chez les jeunes enfants et les personnes ne sachant pas lire, garantissant ainsi une d\u00e9tection pr\u00e9coce des troubles visuels.<\/p>\n<h2>Features<\/h2>\n<ul>\n<li>Bo\u00eete contenant 24 planches de test.<\/li>\n<li>\u00c9valuation des d\u00e9ficiences de vision des couleurs d&#8217;origine cong\u00e9nitale.<\/li>\n<li>Types de d\u00e9ficiences test\u00e9es : protanomalie, deut\u00e9ranomalie, protanopie, deut\u00e9ranopie.<\/li>\n<li>Formes g\u00e9om\u00e9triques simples pour une meilleure accessibilit\u00e9.<\/li>\n<\/ul>\n<h2>Delivery<\/h2>\n<ul>\n<li><strong>France :<\/strong> Direct delivery.<\/li>\n<li><strong>Export (Europe and Africa) :<\/strong> Quote.<\/li>\n<\/ul>","protected":false},"excerpt":{"rendered":"<ul>\n<li>Con\u00e7u pour d\u00e9pister le daltonisme et les anomalies de vision des couleurs.<\/li>\n<li>Comprend 24 planches avec des formes g\u00e9om\u00e9triques simples pour faciliter la compr\u00e9hension.<\/li>\n<li>Permet une \u00e9valuation rapide et pr\u00e9cise des d\u00e9ficiences de la vision des couleurs.<\/li>\n<li>Id\u00e9al pour les personnes ne sachant pas lire et d\u00e8s le plus jeune \u00e2ge.<\/li>\n<\/ul>","protected":false},"featured_media":104701,"comment_status":"open","ping_status":"open","template":"","meta":{"inline_featured_image":false},"product_brand":[],"product_cat":[951,958,960],"product_tag":[],"class_list":{"0":"post-104700","1":"product","2":"type-product","3":"status-publish","4":"has-post-thumbnail","6":"product_cat-produits-orl","7":"product_cat-tests-dacuite-visuelle","8":"product_cat-tests-dacuite-visuelle-tests-dacuite-visuelle","10":"first","11":"instock","12":"sale","13":"taxable","14":"shipping-taxable","15":"purchasable","16":"product-type-simple"},"_links":{"self":[{"href":"https:\/\/nimedixmedical.com\/en\/wp-json\/wp\/v2\/product\/104700","targetHints":{"allow":["GET"]}}],"collection":[{"href":"https:\/\/nimedixmedical.com\/en\/wp-json\/wp\/v2\/product"}],"about":[{"href":"https:\/\/nimedixmedical.com\/en\/wp-json\/wp\/v2\/types\/product"}],"replies":[{"embeddable":true,"href":"https:\/\/nimedixmedical.com\/en\/wp-json\/wp\/v2\/comments?post=104700"}],"wp:featuredmedia":[{"embeddable":true,"href":"https:\/\/nimedixmedical.com\/en\/wp-json\/wp\/v2\/media\/104701"}],"wp:attachment":[{"href":"https:\/\/nimedixmedical.com\/en\/wp-json\/wp\/v2\/media?parent=104700"}],"wp:term":[{"taxonomy":"product_brand","embeddable":true,"href":"https:\/\/nimedixmedical.com\/en\/wp-json\/wp\/v2\/product_brand?post=104700"},{"taxonomy":"product_cat","embeddable":true,"href":"https:\/\/nimedixmedical.com\/en\/wp-json\/wp\/v2\/product_cat?post=104700"},{"taxonomy":"product_tag","embeddable":true,"href":"https:\/\/nimedixmedical.com\/en\/wp-json\/wp\/v2\/product_tag?post=104700"}],"curies":[{"name":"wp","href":"https:\/\/api.w.org\/{rel}","templated":true}]}}