{"id":104693,"date":"2025-11-30T19:59:29","date_gmt":"2025-11-30T18:59:29","guid":{"rendered":"https:\/\/nimedixmedical.com\/notre-catalogue\/test-chromatique-ishihara-boite-de-38-planches\/"},"modified":"2026-01-12T15:04:58","modified_gmt":"2026-01-12T14:04:58","slug":"test-chromatique-ishihara-boite-de-38-planches","status":"publish","type":"product","link":"https:\/\/nimedixmedical.com\/en\/our-catalog\/test-chromatique-ishihara-boite-de-38-planches\/","title":{"rendered":"Test Chromatique Ishihara &#8211; Bo\u00eete de 38 Planches"},"content":{"rendered":"<p>Le test chromatique Ishihara est un outil essentiel pour \u00e9valuer les d\u00e9ficiences de la vision des couleurs. Il est particuli\u00e8rement adapt\u00e9 aux jeunes enfants et aux personnes ne sachant pas lire, permettant un d\u00e9pistage pr\u00e9coce et pr\u00e9cis des troubles visuels.<\/p>\n<h2>Features<\/h2>\n<ul>\n<li>Bo\u00eete contenant 38 planches de test.<\/li>\n<li>\u00c9valuation des d\u00e9ficiences rouge-vert : protan et deutan.<\/li>\n<li>Planches avec des formes g\u00e9om\u00e9triques simples pour faciliter la compr\u00e9hension.<\/li>\n<li>Con\u00e7u pour un usage facile et rapide, id\u00e9al pour un d\u00e9pistage en milieu m\u00e9dical.<\/li>\n<\/ul>\n<h2>Delivery<\/h2>\n<ul>\n<li><strong>France :<\/strong> Direct delivery.<\/li>\n<li><strong>Export (Europe and Africa) :<\/strong> Quote.<\/li>\n<\/ul>","protected":false},"excerpt":{"rendered":"<ul>\n<li>D\u00e9tection facile du daltonisme et des anomalies de vision des couleurs.<\/li>\n<li>Con\u00e7u pour tous les \u00e2ges, m\u00eame pour ceux qui ne savent pas lire.<\/li>\n<li>\u00c9valuation rapide et pr\u00e9cise des d\u00e9ficiences cong\u00e9nitales de la vision des couleurs.<\/li>\n<li>Utilisation de formes g\u00e9om\u00e9triques simples pour une meilleure compr\u00e9hension.<\/li>\n<\/ul>","protected":false},"featured_media":104694,"comment_status":"open","ping_status":"open","template":"","meta":{"inline_featured_image":false},"product_brand":[],"product_cat":[951,958,960],"product_tag":[],"class_list":{"0":"post-104693","1":"product","2":"type-product","3":"status-publish","4":"has-post-thumbnail","6":"product_cat-produits-orl","7":"product_cat-tests-dacuite-visuelle","8":"product_cat-tests-dacuite-visuelle-tests-dacuite-visuelle","10":"first","11":"instock","12":"sale","13":"taxable","14":"shipping-taxable","15":"purchasable","16":"product-type-simple"},"_links":{"self":[{"href":"https:\/\/nimedixmedical.com\/en\/wp-json\/wp\/v2\/product\/104693","targetHints":{"allow":["GET"]}}],"collection":[{"href":"https:\/\/nimedixmedical.com\/en\/wp-json\/wp\/v2\/product"}],"about":[{"href":"https:\/\/nimedixmedical.com\/en\/wp-json\/wp\/v2\/types\/product"}],"replies":[{"embeddable":true,"href":"https:\/\/nimedixmedical.com\/en\/wp-json\/wp\/v2\/comments?post=104693"}],"wp:featuredmedia":[{"embeddable":true,"href":"https:\/\/nimedixmedical.com\/en\/wp-json\/wp\/v2\/media\/104694"}],"wp:attachment":[{"href":"https:\/\/nimedixmedical.com\/en\/wp-json\/wp\/v2\/media?parent=104693"}],"wp:term":[{"taxonomy":"product_brand","embeddable":true,"href":"https:\/\/nimedixmedical.com\/en\/wp-json\/wp\/v2\/product_brand?post=104693"},{"taxonomy":"product_cat","embeddable":true,"href":"https:\/\/nimedixmedical.com\/en\/wp-json\/wp\/v2\/product_cat?post=104693"},{"taxonomy":"product_tag","embeddable":true,"href":"https:\/\/nimedixmedical.com\/en\/wp-json\/wp\/v2\/product_tag?post=104693"}],"curies":[{"name":"wp","href":"https:\/\/api.w.org\/{rel}","templated":true}]}}