{"id":104671,"date":"2025-11-30T19:58:53","date_gmt":"2025-11-30T18:58:53","guid":{"rendered":"https:\/\/nimedixmedical.com\/notre-catalogue\/test-de-sensibilite-du-contraste-distance-de-3-m\/"},"modified":"2026-01-12T15:04:52","modified_gmt":"2026-01-12T14:04:52","slug":"test-de-sensibilite-du-contraste-distance-de-3-m","status":"publish","type":"product","link":"https:\/\/nimedixmedical.com\/en\/our-catalog\/test-de-sensibilite-du-contraste-distance-de-3-m\/","title":{"rendered":"Test de Sensibilit\u00e9 du Contraste &#8211; Distance de 3 M"},"content":{"rendered":"<p>Le test de sensibilit\u00e9 du contraste est un outil cl\u00e9 utilis\u00e9 dans les examens de la vision. Il permet de mesurer la capacit\u00e9 d&#8217;un individu \u00e0 distinguer les nuances de contrastes clairs et sombres, essentiel pour \u00e9valuer la sant\u00e9 visuelle, notamment en cas de cataracte.<\/p>\n<h2>Features<\/h2>\n<ul>\n<li>Test de sensibilit\u00e9 au contraste \u00e0 une distance de 3 m.<\/li>\n<li>Dimensions : 77 x 61 cm, adapt\u00e9 \u00e0 un usage professionnel.<\/li>\n<li>Permet de suivre l&#8217;\u00e9volution ou la r\u00e9gression de la cataracte.<\/li>\n<li>Facilite le diagnostic des troubles visuels.<\/li>\n<\/ul>\n<h2>Delivery<\/h2>\n<ul>\n<li><strong>France :<\/strong> Direct delivery.<\/li>\n<li><strong>Export (Europe and Africa) :<\/strong> Quote.<\/li>\n<\/ul>","protected":false},"excerpt":{"rendered":"<ul>\n<li>Test de sensibilit\u00e9 au contraste depuis une distance de 3 m.<\/li>\n<li>Permet d&#8217;identifier les probl\u00e8mes de vue, notamment li\u00e9s \u00e0 la cataracte.<\/li>\n<li>Dimensions optimales de 77 x 61 cm pour une utilisation ais\u00e9e.<\/li>\n<li>Outil essentiel pour les professionnels de la sant\u00e9 visuelle.<\/li>\n<\/ul>","protected":false},"featured_media":104672,"comment_status":"open","ping_status":"open","template":"","meta":{"inline_featured_image":false},"product_brand":[],"product_cat":[951,958,960],"product_tag":[],"class_list":{"0":"post-104671","1":"product","2":"type-product","3":"status-publish","4":"has-post-thumbnail","6":"product_cat-produits-orl","7":"product_cat-tests-dacuite-visuelle","8":"product_cat-tests-dacuite-visuelle-tests-dacuite-visuelle","10":"first","11":"instock","12":"sale","13":"taxable","14":"shipping-taxable","15":"purchasable","16":"product-type-simple"},"_links":{"self":[{"href":"https:\/\/nimedixmedical.com\/en\/wp-json\/wp\/v2\/product\/104671","targetHints":{"allow":["GET"]}}],"collection":[{"href":"https:\/\/nimedixmedical.com\/en\/wp-json\/wp\/v2\/product"}],"about":[{"href":"https:\/\/nimedixmedical.com\/en\/wp-json\/wp\/v2\/types\/product"}],"replies":[{"embeddable":true,"href":"https:\/\/nimedixmedical.com\/en\/wp-json\/wp\/v2\/comments?post=104671"}],"wp:featuredmedia":[{"embeddable":true,"href":"https:\/\/nimedixmedical.com\/en\/wp-json\/wp\/v2\/media\/104672"}],"wp:attachment":[{"href":"https:\/\/nimedixmedical.com\/en\/wp-json\/wp\/v2\/media?parent=104671"}],"wp:term":[{"taxonomy":"product_brand","embeddable":true,"href":"https:\/\/nimedixmedical.com\/en\/wp-json\/wp\/v2\/product_brand?post=104671"},{"taxonomy":"product_cat","embeddable":true,"href":"https:\/\/nimedixmedical.com\/en\/wp-json\/wp\/v2\/product_cat?post=104671"},{"taxonomy":"product_tag","embeddable":true,"href":"https:\/\/nimedixmedical.com\/en\/wp-json\/wp\/v2\/product_tag?post=104671"}],"curies":[{"name":"wp","href":"https:\/\/api.w.org\/{rel}","templated":true}]}}