{"id":104665,"date":"2025-11-30T19:58:53","date_gmt":"2025-11-30T18:58:53","guid":{"rendered":"https:\/\/nimedixmedical.com\/notre-catalogue\/tableau-pour-la-vision-de-loin-15-lignes-symboles-lea-3-m-10-pieds\/"},"modified":"2026-01-12T15:04:49","modified_gmt":"2026-01-12T14:04:49","slug":"distance-vision-chart-15-symbol-lines-lea-3-m-10-feet","status":"publish","type":"product","link":"https:\/\/nimedixmedical.com\/en\/our-catalog\/distance-vision-chart-15-symbol-lines-lea-3-m-10-feet\/","title":{"rendered":"Tableau pour la Vision de Loin 15 Lignes Symboles Lea &#8211; 3 M (10 Pieds)"},"content":{"rendered":"<p>Le tableau pour la vision de loin est un outil essentiel pour les professionnels de sant\u00e9 dans les \u00e9coles. Con\u00e7u pour \u00e9valuer l&#8217;acuit\u00e9 visuelle des enfants d\u00e8s l&#8217;\u00e2ge de 3 ans, il permet de d\u00e9tecter rapidement les probl\u00e8mes de vision.<\/p>\n<h2>Features<\/h2>\n<ul>\n<li>Dimensions : 43 x 53,4 cm (17 x 21\u2019\u2019), pli\u00e9 : 43 x 26,7 cm (17 x 10,5\u2019\u2019).<\/li>\n<li>15 lignes de symboles Lea pour une \u00e9valuation pr\u00e9cise.<\/li>\n<li>Conception adapt\u00e9e aux enfants pour un usage en milieu scolaire.<\/li>\n<li>Comprend des instructions d\u00e9taill\u00e9es pour une utilisation optimale.<\/li>\n<\/ul>\n<h2>Delivery<\/h2>\n<ul>\n<li><strong>France :<\/strong> Direct delivery.<\/li>\n<li><strong>Export (Europe and Africa) :<\/strong> Quote.<\/li>\n<\/ul>","protected":false},"excerpt":{"rendered":"<ul>\n<li>Usage : Id\u00e9al pour le contr\u00f4le de la vue chez les enfants d\u00e8s 3 ans.<\/li>\n<li>B\u00e9n\u00e9fice : \u00c9valuation pr\u00e9cise des besoins visuels gr\u00e2ce \u00e0 15 lignes de symboles Lea.<\/li>\n<li>Facilit\u00e9 d&#8217;installation : Livr\u00e9 avec un trou pour accrocher facilement au mur.<\/li>\n<li>Accessoires inclus : Comprend une cl\u00e9 des r\u00e9ponses semi-transparente et des instructions claires.<\/li>\n<\/ul>","protected":false},"featured_media":104666,"comment_status":"open","ping_status":"open","template":"","meta":{"inline_featured_image":false},"product_brand":[],"product_cat":[951,958,960],"product_tag":[],"class_list":{"0":"post-104665","1":"product","2":"type-product","3":"status-publish","4":"has-post-thumbnail","6":"product_cat-produits-orl","7":"product_cat-tests-dacuite-visuelle","8":"product_cat-tests-dacuite-visuelle-tests-dacuite-visuelle","10":"first","11":"instock","12":"sale","13":"taxable","14":"shipping-taxable","15":"purchasable","16":"product-type-simple"},"_links":{"self":[{"href":"https:\/\/nimedixmedical.com\/en\/wp-json\/wp\/v2\/product\/104665","targetHints":{"allow":["GET"]}}],"collection":[{"href":"https:\/\/nimedixmedical.com\/en\/wp-json\/wp\/v2\/product"}],"about":[{"href":"https:\/\/nimedixmedical.com\/en\/wp-json\/wp\/v2\/types\/product"}],"replies":[{"embeddable":true,"href":"https:\/\/nimedixmedical.com\/en\/wp-json\/wp\/v2\/comments?post=104665"}],"wp:featuredmedia":[{"embeddable":true,"href":"https:\/\/nimedixmedical.com\/en\/wp-json\/wp\/v2\/media\/104666"}],"wp:attachment":[{"href":"https:\/\/nimedixmedical.com\/en\/wp-json\/wp\/v2\/media?parent=104665"}],"wp:term":[{"taxonomy":"product_brand","embeddable":true,"href":"https:\/\/nimedixmedical.com\/en\/wp-json\/wp\/v2\/product_brand?post=104665"},{"taxonomy":"product_cat","embeddable":true,"href":"https:\/\/nimedixmedical.com\/en\/wp-json\/wp\/v2\/product_cat?post=104665"},{"taxonomy":"product_tag","embeddable":true,"href":"https:\/\/nimedixmedical.com\/en\/wp-json\/wp\/v2\/product_tag?post=104665"}],"curies":[{"name":"wp","href":"https:\/\/api.w.org\/{rel}","templated":true}]}}