{"id":104647,"date":"2025-11-30T19:58:53","date_gmt":"2025-11-30T18:58:53","guid":{"rendered":"https:\/\/nimedixmedical.com\/notre-catalogue\/oto-ophtalmoscope-halogene-parker\/"},"modified":"2026-01-12T15:04:43","modified_gmt":"2026-01-12T14:04:43","slug":"oto-ophtalmoscope-halogene-parker","status":"publish","type":"product","link":"https:\/\/nimedixmedical.com\/en\/our-catalog\/oto-ophtalmoscope-halogene-parker\/","title":{"rendered":"Parker Halogen Oto-ophthalmoscope"},"content":{"rendered":"<p>La trousse Oto-Ophtalmoscope Halog\u00e8ne Parker est un outil essentiel pour les professionnels de sant\u00e9. Con\u00e7ue pour des examens cliniques pr\u00e9cis, elle facilite l&#8217;\u00e9valuation des oreilles et des yeux gr\u00e2ce \u00e0 un \u00e9clairage optimal.<\/p>\n<h2>Features<\/h2>\n<ul>\n<li>Comprend 1 poign\u00e9e ergonomique pour un confort d&#8217;utilisation.<\/li>\n<li>\u00c9quip\u00e9e d&#8217;une t\u00eate otoscope halog\u00e8ne pour une inspection d\u00e9taill\u00e9e des oreilles.<\/li>\n<li>Inclut une t\u00eate ophtalmoscope halog\u00e8ne pour l&#8217;examen du fond d&#8217;\u0153il.<\/li>\n<li>Livr\u00e9e dans un \u00e9tui en plastique pour un transport et un stockage s\u00e9curis\u00e9s.<\/li>\n<\/ul>\n<h2>Delivery<\/h2>\n<ul>\n<li><strong>France :<\/strong> Direct delivery.<\/li>\n<li><strong>Export (Europe and Africa) :<\/strong> Quote.<\/li>\n<\/ul>","protected":false},"excerpt":{"rendered":"<ul>\n<li>Usage : Trousse compl\u00e8te pour l&#8217;examen des oreilles et des yeux.<\/li>\n<li>B\u00e9n\u00e9fice : \u00c9clairage halog\u00e8ne pour une vision claire et pr\u00e9cise.<\/li>\n<li>Pratique : Comprend une poign\u00e9e, une t\u00eate otoscope et une t\u00eate ophtalmoscope.<\/li>\n<li>Transport facile : Fournie dans un \u00e9tui en plastique robuste.<\/li>\n<\/ul>","protected":false},"featured_media":104648,"comment_status":"open","ping_status":"open","template":"","meta":{"inline_featured_image":false},"product_brand":[],"product_cat":[951,957,954],"product_tag":[],"class_list":{"0":"post-104647","1":"product","2":"type-product","3":"status-publish","4":"has-post-thumbnail","6":"product_cat-produits-orl","7":"product_cat-trousse-oto-ophtalmoscope-o-r-l-gima","8":"product_cat-trousses-de-diagnostic-o-r-l","10":"first","11":"instock","12":"sale","13":"taxable","14":"shipping-taxable","15":"purchasable","16":"product-type-simple"},"_links":{"self":[{"href":"https:\/\/nimedixmedical.com\/en\/wp-json\/wp\/v2\/product\/104647","targetHints":{"allow":["GET"]}}],"collection":[{"href":"https:\/\/nimedixmedical.com\/en\/wp-json\/wp\/v2\/product"}],"about":[{"href":"https:\/\/nimedixmedical.com\/en\/wp-json\/wp\/v2\/types\/product"}],"replies":[{"embeddable":true,"href":"https:\/\/nimedixmedical.com\/en\/wp-json\/wp\/v2\/comments?post=104647"}],"wp:featuredmedia":[{"embeddable":true,"href":"https:\/\/nimedixmedical.com\/en\/wp-json\/wp\/v2\/media\/104648"}],"wp:attachment":[{"href":"https:\/\/nimedixmedical.com\/en\/wp-json\/wp\/v2\/media?parent=104647"}],"wp:term":[{"taxonomy":"product_brand","embeddable":true,"href":"https:\/\/nimedixmedical.com\/en\/wp-json\/wp\/v2\/product_brand?post=104647"},{"taxonomy":"product_cat","embeddable":true,"href":"https:\/\/nimedixmedical.com\/en\/wp-json\/wp\/v2\/product_cat?post=104647"},{"taxonomy":"product_tag","embeddable":true,"href":"https:\/\/nimedixmedical.com\/en\/wp-json\/wp\/v2\/product_tag?post=104647"}],"curies":[{"name":"wp","href":"https:\/\/api.w.org\/{rel}","templated":true}]}}