{"id":104170,"date":"2025-11-30T19:52:48","date_gmt":"2025-11-30T18:52:48","guid":{"rendered":"https:\/\/nimedixmedical.com\/notre-catalogue\/sphygmomanometre-yton-aneroide-sans-latex\/"},"modified":"2026-01-12T15:02:54","modified_gmt":"2026-01-12T14:02:54","slug":"sphygmomanometre-yton-aneroide-sans-latex","status":"publish","type":"product","link":"https:\/\/nimedixmedical.com\/en\/our-catalog\/sphygmomanometre-yton-aneroide-sans-latex\/","title":{"rendered":"Sphygmomanom\u00e8tre Yton Anero\u00efde &#8211; Sans Latex"},"content":{"rendered":"<p>Le sphygmomanom\u00e8tre Yton an\u00e9ro\u00efde est un instrument m\u00e9dical essentiel pour la mesure de la pression art\u00e9rielle. Con\u00e7u sans latex, il garantit un usage s\u00fbr et confortable pour les patients sensibles. Son manom\u00e8tre fiable permet des lectures pr\u00e9cises, faisant de cet outil un alli\u00e9 incontournable dans le suivi de la sant\u00e9.<\/p>\n<h2>Features<\/h2>\n<ul>\n<li>Brassard en nylon \u00e0 fermeture velcro pour un ajustement facile.<\/li>\n<li>Manom\u00e8tre avec \u00e9chelle de 0 \u00e0 300 mmHg et graduations tous les 2 mmHg.<\/li>\n<li>D\u00e9compression r\u00e9glable manuellement avec un temps de d\u00e9gonflage maximal de 10 secondes.<\/li>\n<li>Robinet d&#8217;air chrom\u00e9 pour une r\u00e9gulation de d\u00e9compression pr\u00e9cise.<\/li>\n<li>Fourni dans un \u00e9tui souple en similicuir et une bo\u00eete en carton.<\/li>\n<li>Multilingual instruction manual available (GB, FR, IT, ES, PT, DE, GR, Arabic).<\/li>\n<\/ul>\n<h2>Delivery<\/h2>\n<ul>\n<li><strong>France :<\/strong> Direct delivery.<\/li>\n<li><strong>Export (Europe and Africa) :<\/strong> Quote.<\/li>\n<\/ul>","protected":false},"excerpt":{"rendered":"<ul>\n<li>Usage : Id\u00e9al pour la mesure pr\u00e9cise de la pression art\u00e9rielle dans un cadre m\u00e9dical ou \u00e0 domicile.<\/li>\n<li>B\u00e9n\u00e9fice : Manom\u00e8tre fiable et brassard en nylon sans latex pour un confort optimal.<\/li>\n<li>Pr\u00e9cision : Graduations tous les 2 mmHg pour une lecture facile et pr\u00e9cise.<\/li>\n<li>Accessoires : Fourni avec un \u00e9tui souple pour un transport facile.<\/li>\n<\/ul>","protected":false},"featured_media":104171,"comment_status":"open","ping_status":"open","template":"","meta":{"inline_featured_image":false},"product_brand":[],"product_cat":[938,942,911],"product_tag":[],"class_list":{"0":"post-104170","1":"product","2":"type-product","3":"status-publish","4":"has-post-thumbnail","6":"product_cat-sphygmomanometres-et-tensiometres-aneroides","7":"product_cat-sphygmomanometres-et-tensiometres-aneroides-gima","8":"product_cat-stetho-et-tensiometres","10":"first","11":"instock","12":"sale","13":"taxable","14":"shipping-taxable","15":"purchasable","16":"product-type-simple"},"_links":{"self":[{"href":"https:\/\/nimedixmedical.com\/en\/wp-json\/wp\/v2\/product\/104170","targetHints":{"allow":["GET"]}}],"collection":[{"href":"https:\/\/nimedixmedical.com\/en\/wp-json\/wp\/v2\/product"}],"about":[{"href":"https:\/\/nimedixmedical.com\/en\/wp-json\/wp\/v2\/types\/product"}],"replies":[{"embeddable":true,"href":"https:\/\/nimedixmedical.com\/en\/wp-json\/wp\/v2\/comments?post=104170"}],"wp:featuredmedia":[{"embeddable":true,"href":"https:\/\/nimedixmedical.com\/en\/wp-json\/wp\/v2\/media\/104171"}],"wp:attachment":[{"href":"https:\/\/nimedixmedical.com\/en\/wp-json\/wp\/v2\/media?parent=104170"}],"wp:term":[{"taxonomy":"product_brand","embeddable":true,"href":"https:\/\/nimedixmedical.com\/en\/wp-json\/wp\/v2\/product_brand?post=104170"},{"taxonomy":"product_cat","embeddable":true,"href":"https:\/\/nimedixmedical.com\/en\/wp-json\/wp\/v2\/product_cat?post=104170"},{"taxonomy":"product_tag","embeddable":true,"href":"https:\/\/nimedixmedical.com\/en\/wp-json\/wp\/v2\/product_tag?post=104170"}],"curies":[{"name":"wp","href":"https:\/\/api.w.org\/{rel}","templated":true}]}}