{"id":104100,"date":"2025-11-30T19:51:15","date_gmt":"2025-11-30T18:51:15","guid":{"rendered":"https:\/\/nimedixmedical.com\/notre-catalogue\/sphygmomanometre-heine-g5\/"},"modified":"2026-01-12T15:02:39","modified_gmt":"2026-01-12T14:02:39","slug":"sphygmomanometre-heine-g5","status":"publish","type":"product","link":"https:\/\/nimedixmedical.com\/en\/our-catalog\/sphygmomanometre-heine-g5\/","title":{"rendered":"Heine \u201cg5\u201d sphygmomanometer\u201d"},"content":{"rendered":"<p>Le tensiom\u00e8tre Heine Gamma\u00ae G5 est un instrument m\u00e9dical de haute pr\u00e9cision, con\u00e7u pour les professionnels de sant\u00e9. Sa robustesse et son ergonomie en font un outil essentiel pour le suivi des patients dans divers environnements cliniques.<\/p>\n<h2>Features<\/h2>\n<ul>\n<li>Manom\u00e8tre en plastique sans latex, garantissant s\u00e9curit\u00e9 et confort.<\/li>\n<li>Construction de haute qualit\u00e9 avec bo\u00eetier \u00e0 trois composants et syst\u00e8me d&#8217;absorption de choc.<\/li>\n<li>Protection ultra-r\u00e9sistante fabriqu\u00e9e en mat\u00e9riaux absorbant les chocs.<\/li>\n<li>Microfiltre int\u00e9gr\u00e9 pour prot\u00e9ger la valve et le manom\u00e8tre.<\/li>\n<li>Grande poire pour r\u00e9duire le temps de gonflage du brassard.<\/li>\n<li>Possibilit\u00e9 de r\u00e9glage de la cuill\u00e8re de gonflage pour gauchers ou droitiers.<\/li>\n<li>Garantie de 5 ans, made in Germany.<\/li>\n<\/ul>\n<h2>Delivery<\/h2>\n<ul>\n<li><strong>France :<\/strong> Direct delivery.<\/li>\n<li><strong>Export (Europe and Africa) :<\/strong> Quote.<\/li>\n<\/ul>","protected":false},"excerpt":{"rendered":"<ul>\n<li>Usage : Id\u00e9al pour les examens dans les cliniques et les cabinets m\u00e9dicaux.<\/li>\n<li>B\u00e9n\u00e9fice : Pr\u00e9cision de mesure exceptionnelle avec un design moderne et robuste.<\/li>\n<li>Construction durable : Fabriqu\u00e9 sans latex, avec un syst\u00e8me d&#8217;absorption de choc.<\/li>\n<li>Facilit\u00e9 d&#8217;utilisation : Grande poire pour un gonflage rapide et r\u00e9glage pour gauchers\/droitiers.<\/li>\n<\/ul>","protected":false},"featured_media":104101,"comment_status":"open","ping_status":"open","template":"","meta":{"inline_featured_image":false},"product_brand":[],"product_cat":[938,941,911],"product_tag":[],"class_list":{"0":"post-104100","1":"product","2":"type-product","3":"status-publish","4":"has-post-thumbnail","6":"product_cat-sphygmomanometres-et-tensiometres-aneroides","7":"product_cat-sphygmomanometres-et-tensiometres-aneroides-heine","8":"product_cat-stetho-et-tensiometres","10":"first","11":"instock","12":"sale","13":"taxable","14":"shipping-taxable","15":"purchasable","16":"product-type-simple"},"_links":{"self":[{"href":"https:\/\/nimedixmedical.com\/en\/wp-json\/wp\/v2\/product\/104100","targetHints":{"allow":["GET"]}}],"collection":[{"href":"https:\/\/nimedixmedical.com\/en\/wp-json\/wp\/v2\/product"}],"about":[{"href":"https:\/\/nimedixmedical.com\/en\/wp-json\/wp\/v2\/types\/product"}],"replies":[{"embeddable":true,"href":"https:\/\/nimedixmedical.com\/en\/wp-json\/wp\/v2\/comments?post=104100"}],"wp:featuredmedia":[{"embeddable":true,"href":"https:\/\/nimedixmedical.com\/en\/wp-json\/wp\/v2\/media\/104101"}],"wp:attachment":[{"href":"https:\/\/nimedixmedical.com\/en\/wp-json\/wp\/v2\/media?parent=104100"}],"wp:term":[{"taxonomy":"product_brand","embeddable":true,"href":"https:\/\/nimedixmedical.com\/en\/wp-json\/wp\/v2\/product_brand?post=104100"},{"taxonomy":"product_cat","embeddable":true,"href":"https:\/\/nimedixmedical.com\/en\/wp-json\/wp\/v2\/product_cat?post=104100"},{"taxonomy":"product_tag","embeddable":true,"href":"https:\/\/nimedixmedical.com\/en\/wp-json\/wp\/v2\/product_tag?post=104100"}],"curies":[{"name":"wp","href":"https:\/\/api.w.org\/{rel}","templated":true}]}}