{"id":104095,"date":"2025-11-30T19:51:15","date_gmt":"2025-11-30T18:51:15","guid":{"rendered":"https:\/\/nimedixmedical.com\/notre-catalogue\/sphygmomanometre-heine-g5-sans-sac-de-transport\/"},"modified":"2026-01-12T15:02:37","modified_gmt":"2026-01-12T14:02:37","slug":"sphygmomanometre-heine-g5-sans-sac-de-transport","status":"publish","type":"product","link":"https:\/\/nimedixmedical.com\/en\/our-catalog\/sphygmomanometre-heine-g5-sans-sac-de-transport\/","title":{"rendered":"Heine \u201cg5\u201d Sphygmomanometer - Without Carrying Bag"},"content":{"rendered":"<p>Le tensiom\u00e8tre Heine Gamma\u00ae G5 est un instrument m\u00e9dical de haute qualit\u00e9, con\u00e7u pour offrir une pr\u00e9cision de mesure optimale lors des examens cliniques. Son design moderne et sa robustesse en font un choix id\u00e9al pour les professionnels de sant\u00e9.<\/p>\n<h2>Features<\/h2>\n<ul>\n<li>Manom\u00e8tre en plastique de haute qualit\u00e9, sans latex.<\/li>\n<li>Construction en trois composants avec syst\u00e8me d&#8217;absorption de choc.<\/li>\n<li>Microfiltre prot\u00e9geant la valve et le manom\u00e8tre.<\/li>\n<li>Grande poire de gonflage pour un temps de gonflage r\u00e9duit.<\/li>\n<li>Garantie de 5 ans.<\/li>\n<li>R\u00e9glage de la cuill\u00e8re de gonflage pour gauchers ou droitiers.<\/li>\n<li>Made in Germany.<\/li>\n<\/ul>\n<h2>Delivery<\/h2>\n<ul>\n<li><strong>France :<\/strong> Direct delivery.<\/li>\n<li><strong>Export (Europe and Africa) :<\/strong> Quote.<\/li>\n<\/ul>","protected":false},"excerpt":{"rendered":"<ul>\n<li>Usage : Tensiom\u00e8tre an\u00e9ro\u00efde id\u00e9al pour les examens m\u00e9dicaux en clinique et cabinet.<\/li>\n<li>B\u00e9n\u00e9fice : Pr\u00e9cision de mesure exceptionnelle gr\u00e2ce \u00e0 une conception robuste et moderne.<\/li>\n<li>Mat\u00e9riaux : Fabriqu\u00e9 sans latex, avec des protections ultra-r\u00e9sistantes.<\/li>\n<li>Fonctionnalit\u00e9 : Poire de gonflage large pour un usage rapide et personnalis\u00e9 pour gauchers et droitiers.<\/li>\n<\/ul>","protected":false},"featured_media":104096,"comment_status":"open","ping_status":"open","template":"","meta":{"inline_featured_image":false},"product_brand":[],"product_cat":[938,941,911],"product_tag":[],"class_list":{"0":"post-104095","1":"product","2":"type-product","3":"status-publish","4":"has-post-thumbnail","6":"product_cat-sphygmomanometres-et-tensiometres-aneroides","7":"product_cat-sphygmomanometres-et-tensiometres-aneroides-heine","8":"product_cat-stetho-et-tensiometres","10":"first","11":"instock","12":"sale","13":"taxable","14":"shipping-taxable","15":"purchasable","16":"product-type-simple"},"_links":{"self":[{"href":"https:\/\/nimedixmedical.com\/en\/wp-json\/wp\/v2\/product\/104095","targetHints":{"allow":["GET"]}}],"collection":[{"href":"https:\/\/nimedixmedical.com\/en\/wp-json\/wp\/v2\/product"}],"about":[{"href":"https:\/\/nimedixmedical.com\/en\/wp-json\/wp\/v2\/types\/product"}],"replies":[{"embeddable":true,"href":"https:\/\/nimedixmedical.com\/en\/wp-json\/wp\/v2\/comments?post=104095"}],"wp:featuredmedia":[{"embeddable":true,"href":"https:\/\/nimedixmedical.com\/en\/wp-json\/wp\/v2\/media\/104096"}],"wp:attachment":[{"href":"https:\/\/nimedixmedical.com\/en\/wp-json\/wp\/v2\/media?parent=104095"}],"wp:term":[{"taxonomy":"product_brand","embeddable":true,"href":"https:\/\/nimedixmedical.com\/en\/wp-json\/wp\/v2\/product_brand?post=104095"},{"taxonomy":"product_cat","embeddable":true,"href":"https:\/\/nimedixmedical.com\/en\/wp-json\/wp\/v2\/product_cat?post=104095"},{"taxonomy":"product_tag","embeddable":true,"href":"https:\/\/nimedixmedical.com\/en\/wp-json\/wp\/v2\/product_tag?post=104095"}],"curies":[{"name":"wp","href":"https:\/\/api.w.org\/{rel}","templated":true}]}}