{"id":103932,"date":"2025-11-30T19:49:15","date_gmt":"2025-11-30T18:49:15","guid":{"rendered":"https:\/\/nimedixmedical.com\/notre-catalogue\/tensiometre-microlife-watch-bp-home-a-logiciel\/"},"modified":"2026-01-12T15:01:49","modified_gmt":"2026-01-12T14:01:49","slug":"tensiometre-microlife-watch-bp-home-a-logiciel","status":"publish","type":"product","link":"https:\/\/nimedixmedical.com\/en\/our-catalog\/tensiometre-microlife-watch-bp-home-a-logiciel\/","title":{"rendered":"Blood pressure monitor Microlife Watch Bp Home A +software"},"content":{"rendered":"<p>Le tensiom\u00e8tre Microlife Watch BP Home A est un dispositif m\u00e9dical con\u00e7u pour permettre un suivi fiable et pr\u00e9cis de la tension art\u00e9rielle \u00e0 domicile. Gr\u00e2ce \u00e0 ses fonctionnalit\u00e9s avanc\u00e9es, il aide \u00e0 d\u00e9tecter des anomalies cardiaques tout en respectant les lignes directrices m\u00e9dicales.<\/p>\n<h2>Features<\/h2>\n<ul>\n<li>D\u00e9tection de la fibrillation auriculaire (trouble sp\u00e9cifique du rythme cardiaque).<\/li>\n<li>Lignes directrices ESH \/ AHA int\u00e9gr\u00e9es pour des mesures fiables \u00e0 domicile.<\/li>\n<li>Affichage des moyennes du matin, du soir et du total des mesures.<\/li>\n<li>Test\u00e9 en clinique (protocole BHS) pour garantir l&#8217;exactitude des mesures.<\/li>\n<li>Technologie MAM (mesure automatique triple) pour une pr\u00e9cision accrue.<\/li>\n<li>Capacit\u00e9 de m\u00e9morisation de 250 donn\u00e9es en mode \u00abNORMAL\u00bb.<\/li>\n<li>Port USB et adaptateur sur secteur inclus pour une recharge facile.<\/li>\n<li>Indicateur de charge de la batterie pour ne jamais \u00eatre \u00e0 court d&#8217;\u00e9nergie.<\/li>\n<li>Dimensions : 150 x 100 x 50 mm ; Poids : 385 g.<\/li>\n<li>Livr\u00e9 avec un sac de transport, un c\u00e2ble USB, un brassard de 22-32 cm, un logiciel (GB) et un manuel (GB, IT, FR, DE).<\/li>\n<\/ul>\n<h2>Delivery<\/h2>\n<ul>\n<li><strong>France :<\/strong> Direct delivery.<\/li>\n<li><strong>Export (Europe and Africa) :<\/strong> Quote.<\/li>\n<\/ul>","protected":false},"excerpt":{"rendered":"<ul>\n<li>Utilisation facile \u00e0 domicile pour un suivi pr\u00e9cis de la tension art\u00e9rielle.<\/li>\n<li>D\u00e9tection de la fibrillation auriculaire pour une meilleure surveillance cardiaque.<\/li>\n<li>M\u00e9morisation de 250 mesures pour un acc\u00e8s rapide \u00e0 l&#8217;historique.<\/li>\n<li>\u00c9cran extra large pour une lisibilit\u00e9 optimale des r\u00e9sultats.<\/li>\n<\/ul>","protected":false},"featured_media":103933,"comment_status":"open","ping_status":"open","template":"","meta":{"inline_featured_image":false},"product_brand":[],"product_cat":[930,911,933],"product_tag":[],"class_list":{"0":"post-103932","1":"product","2":"type-product","3":"status-publish","4":"has-post-thumbnail","6":"product_cat-sphygmomanometres-et-tensiometres-numeriques","7":"product_cat-stetho-et-tensiometres","8":"product_cat-tensiometres-numeriques-microlife","10":"first","11":"instock","12":"sale","13":"taxable","14":"shipping-taxable","15":"purchasable","16":"product-type-simple"},"_links":{"self":[{"href":"https:\/\/nimedixmedical.com\/en\/wp-json\/wp\/v2\/product\/103932","targetHints":{"allow":["GET"]}}],"collection":[{"href":"https:\/\/nimedixmedical.com\/en\/wp-json\/wp\/v2\/product"}],"about":[{"href":"https:\/\/nimedixmedical.com\/en\/wp-json\/wp\/v2\/types\/product"}],"replies":[{"embeddable":true,"href":"https:\/\/nimedixmedical.com\/en\/wp-json\/wp\/v2\/comments?post=103932"}],"wp:featuredmedia":[{"embeddable":true,"href":"https:\/\/nimedixmedical.com\/en\/wp-json\/wp\/v2\/media\/103933"}],"wp:attachment":[{"href":"https:\/\/nimedixmedical.com\/en\/wp-json\/wp\/v2\/media?parent=103932"}],"wp:term":[{"taxonomy":"product_brand","embeddable":true,"href":"https:\/\/nimedixmedical.com\/en\/wp-json\/wp\/v2\/product_brand?post=103932"},{"taxonomy":"product_cat","embeddable":true,"href":"https:\/\/nimedixmedical.com\/en\/wp-json\/wp\/v2\/product_cat?post=103932"},{"taxonomy":"product_tag","embeddable":true,"href":"https:\/\/nimedixmedical.com\/en\/wp-json\/wp\/v2\/product_tag?post=103932"}],"curies":[{"name":"wp","href":"https:\/\/api.w.org\/{rel}","templated":true}]}}