{"id":103886,"date":"2025-11-30T19:49:15","date_gmt":"2025-11-30T18:49:15","guid":{"rendered":"https:\/\/nimedixmedical.com\/notre-catalogue\/tensiometre-ecg-omron-complete-hem-7350t\/"},"modified":"2026-01-12T15:01:40","modified_gmt":"2026-01-12T14:01:40","slug":"omron-complete-hem-7350t-ecg-blood-pressure-monitor","status":"publish","type":"product","link":"https:\/\/nimedixmedical.com\/en\/our-catalog\/omron-complete-hem-7350t-ecg-blood-pressure-monitor\/","title":{"rendered":"Tensiometer + ECG OMRON Complete Hem-7350t"},"content":{"rendered":"<p>Le tensiom\u00e8tre et ECG OMRON Complete HEM-7350T est un dispositif m\u00e9dical intelligent, con\u00e7u pour faciliter le suivi de la sant\u00e9 cardiaque \u00e0 domicile. Id\u00e9al pour les patients et les professionnels de sant\u00e9, il permet de mesurer la pression art\u00e9rielle et d&#8217;effectuer un ECG en toute simplicit\u00e9.<\/p>\n<h2>Features<\/h2>\n<ul>\n<li>Type : Tensiom\u00e8tre et ECG \u00e0 une d\u00e9rivation valid\u00e9 cliniquement.<\/li>\n<li>Mesure de la pression art\u00e9rielle : M\u00e9thode oscillom\u00e9trique, plage 0-299 mmHg.<\/li>\n<li>Fonctionnalit\u00e9s : Mesures simultan\u00e9es de la pression art\u00e9rielle et de l&#8217;ECG.<\/li>\n<li>Connectivit\u00e9 : Compatible avec l&#8217;application OMRON connect pour l&#8217;enregistrement et le partage des r\u00e9sultats.<\/li>\n<li>Alimentation : 4 batteries AA avec une autonomie d&#8217;environ 300 mesures.<\/li>\n<li>Dimensions : 232x123x98 mm, poids 550 g.<\/li>\n<li>M\u00e9moire int\u00e9gr\u00e9e : Jusqu&#8217;\u00e0 90 lectures.<\/li>\n<\/ul>\n<h2>Delivery<\/h2>\n<ul>\n<li><strong>France :<\/strong> Direct delivery.<\/li>\n<li><strong>Export (Europe and Africa) :<\/strong> Quote.<\/li>\n<\/ul>","protected":false},"excerpt":{"rendered":"<ul>\n<li>Usage : Tensiom\u00e8tre et ECG 2 en 1, id\u00e9al pour un suivi de sant\u00e9 \u00e0 domicile.<\/li>\n<li>B\u00e9n\u00e9fice : R\u00e9sultats instantan\u00e9s et pr\u00e9cis pour d\u00e9tecter des pathologies cardiaques.<\/li>\n<li>Fonctionnalit\u00e9 : Connectivit\u00e9 avec l&#8217;application OMRON pour le suivi et l&#8217;analyse des donn\u00e9es.<\/li>\n<li>Accessoires inclus : Brassard Easy Cuff et \u00e9tui pour un rangement pratique.<\/li>\n<\/ul>","protected":false},"featured_media":103887,"comment_status":"open","ping_status":"open","template":"","meta":{"inline_featured_image":false},"product_brand":[],"product_cat":[930,911,932],"product_tag":[],"class_list":{"0":"post-103886","1":"product","2":"type-product","3":"status-publish","4":"has-post-thumbnail","6":"product_cat-sphygmomanometres-et-tensiometres-numeriques","7":"product_cat-stetho-et-tensiometres","8":"product_cat-tensiometres-numeriques-omron","10":"first","11":"instock","12":"sale","13":"taxable","14":"shipping-taxable","15":"purchasable","16":"product-type-simple"},"_links":{"self":[{"href":"https:\/\/nimedixmedical.com\/en\/wp-json\/wp\/v2\/product\/103886","targetHints":{"allow":["GET"]}}],"collection":[{"href":"https:\/\/nimedixmedical.com\/en\/wp-json\/wp\/v2\/product"}],"about":[{"href":"https:\/\/nimedixmedical.com\/en\/wp-json\/wp\/v2\/types\/product"}],"replies":[{"embeddable":true,"href":"https:\/\/nimedixmedical.com\/en\/wp-json\/wp\/v2\/comments?post=103886"}],"wp:featuredmedia":[{"embeddable":true,"href":"https:\/\/nimedixmedical.com\/en\/wp-json\/wp\/v2\/media\/103887"}],"wp:attachment":[{"href":"https:\/\/nimedixmedical.com\/en\/wp-json\/wp\/v2\/media?parent=103886"}],"wp:term":[{"taxonomy":"product_brand","embeddable":true,"href":"https:\/\/nimedixmedical.com\/en\/wp-json\/wp\/v2\/product_brand?post=103886"},{"taxonomy":"product_cat","embeddable":true,"href":"https:\/\/nimedixmedical.com\/en\/wp-json\/wp\/v2\/product_cat?post=103886"},{"taxonomy":"product_tag","embeddable":true,"href":"https:\/\/nimedixmedical.com\/en\/wp-json\/wp\/v2\/product_tag?post=103886"}],"curies":[{"name":"wp","href":"https:\/\/api.w.org\/{rel}","templated":true}]}}