{"id":103877,"date":"2025-11-30T19:49:15","date_gmt":"2025-11-30T18:49:15","guid":{"rendered":"https:\/\/nimedixmedical.com\/notre-catalogue\/tensiometre-professionnel-omron-hbp-1120-e\/"},"modified":"2026-01-12T15:01:39","modified_gmt":"2026-01-12T14:01:39","slug":"omron-hbp-1120-e-professional-tensiometer","status":"publish","type":"product","link":"https:\/\/nimedixmedical.com\/en\/our-catalog\/omron-hbp-1120-e-professional-tensiometer\/","title":{"rendered":"OMRON Hbp-1120-e Professional Tensiometer"},"content":{"rendered":"<p>Le tensiom\u00e8tre professionnel Omron HBP-1120-E est un appareil m\u00e9dical de pr\u00e9cision, id\u00e9al pour une utilisation dans les environnements cliniques. Con\u00e7u pour fournir des mesures rapides et fiables, il est un outil essentiel pour les professionnels de la sant\u00e9.<\/p>\n<h2>Features<\/h2>\n<ul>\n<li>M\u00e9thode de mesure : oscillom\u00e9trique et auscultatoire.<\/li>\n<li>Plage de mesure : Pression de 0-300 mmHg (\u00b13 mmHg) et pouls de 40-200 battements\/min (\u00b15%).<\/li>\n<li>\u00c9cran : LCD \u00e0 7 segments pour une lecture facile des r\u00e9sultats.<\/li>\n<li>Dimensions : 130 x 120 x 175 mm ; Poids : 510 g.<\/li>\n<li>Alimentation : Adaptateur CA, tension d&#8217;entr\u00e9e de CA 100-240 V et sortie CC 6V \u00b1 0,5 V.<\/li>\n<\/ul>\n<h2>Delivery<\/h2>\n<ul>\n<li><strong>France :<\/strong> Direct delivery.<\/li>\n<li><strong>Export (Europe and Africa) :<\/strong> Quote.<\/li>\n<\/ul>","protected":false},"excerpt":{"rendered":"<ul>\n<li>Usage : Tensiom\u00e8tre professionnel con\u00e7u pour un usage quotidien dans les h\u00f4pitaux et \u00e9tablissements m\u00e9dicaux.<\/li>\n<li>B\u00e9n\u00e9fice : R\u00e9sultats rapides et fiables avec d\u00e9tection du pouls irr\u00e9gulier.<\/li>\n<li>Alimentation : Fonctionne avec adaptateur CA ou batteries pour une flexibilit\u00e9 d&#8217;utilisation.<\/li>\n<li>Inclus : Brassard 22-32 cm, adaptateur CA, carte de garantie et mode d&#8217;emploi multilingue.<\/li>\n<\/ul>","protected":false},"featured_media":103878,"comment_status":"open","ping_status":"open","template":"","meta":{"inline_featured_image":false},"product_brand":[],"product_cat":[930,911,932],"product_tag":[],"class_list":{"0":"post-103877","1":"product","2":"type-product","3":"status-publish","4":"has-post-thumbnail","6":"product_cat-sphygmomanometres-et-tensiometres-numeriques","7":"product_cat-stetho-et-tensiometres","8":"product_cat-tensiometres-numeriques-omron","10":"first","11":"instock","12":"sale","13":"taxable","14":"shipping-taxable","15":"purchasable","16":"product-type-simple"},"_links":{"self":[{"href":"https:\/\/nimedixmedical.com\/en\/wp-json\/wp\/v2\/product\/103877","targetHints":{"allow":["GET"]}}],"collection":[{"href":"https:\/\/nimedixmedical.com\/en\/wp-json\/wp\/v2\/product"}],"about":[{"href":"https:\/\/nimedixmedical.com\/en\/wp-json\/wp\/v2\/types\/product"}],"replies":[{"embeddable":true,"href":"https:\/\/nimedixmedical.com\/en\/wp-json\/wp\/v2\/comments?post=103877"}],"wp:featuredmedia":[{"embeddable":true,"href":"https:\/\/nimedixmedical.com\/en\/wp-json\/wp\/v2\/media\/103878"}],"wp:attachment":[{"href":"https:\/\/nimedixmedical.com\/en\/wp-json\/wp\/v2\/media?parent=103877"}],"wp:term":[{"taxonomy":"product_brand","embeddable":true,"href":"https:\/\/nimedixmedical.com\/en\/wp-json\/wp\/v2\/product_brand?post=103877"},{"taxonomy":"product_cat","embeddable":true,"href":"https:\/\/nimedixmedical.com\/en\/wp-json\/wp\/v2\/product_cat?post=103877"},{"taxonomy":"product_tag","embeddable":true,"href":"https:\/\/nimedixmedical.com\/en\/wp-json\/wp\/v2\/product_tag?post=103877"}],"curies":[{"name":"wp","href":"https:\/\/api.w.org\/{rel}","templated":true}]}}