{"id":103848,"date":"2025-11-30T19:48:03","date_gmt":"2025-11-30T18:48:03","guid":{"rendered":"https:\/\/nimedixmedical.com\/notre-catalogue\/tensiometre-au-bras-tout-en-un-omron-evolv\/"},"modified":"2026-01-12T15:01:29","modified_gmt":"2026-01-12T14:01:29","slug":"tensiometre-au-bras-tout-en-un-omron-evolv","status":"publish","type":"product","link":"https:\/\/nimedixmedical.com\/en\/our-catalog\/tensiometre-au-bras-tout-en-un-omron-evolv\/","title":{"rendered":"OMRON Evolv All-in-One Upper Arm Blood Pressure Monitor"},"content":{"rendered":"<p>Le tensiom\u00e8tre au bras OMRON EVOLV est un dispositif m\u00e9dical innovant con\u00e7u pour faciliter la mesure de la pression art\u00e9rielle. Gr\u00e2ce \u00e0 sa technologie avanc\u00e9e, il assure des r\u00e9sultats pr\u00e9cis et fiables, tout en permettant un suivi personnalis\u00e9 de votre sant\u00e9 via une application mobile.<\/p>\n<h2>Features<\/h2>\n<ul>\n<li>Type de brassard: Brassard Intelli Wrap 22\u201342 cm<\/li>\n<li>M\u00e9moire: 100 lectures pour un suivi simple de vos mesures.<\/li>\n<li>Guide d\u2019enroulement du brassard pour une installation correcte.<\/li>\n<li>D\u00e9tection de rythme cardiaque irr\u00e9gulier et des mouvements du corps.<\/li>\n<li>Validation clinique et pour grossesse, assurant une utilisation s\u00e9curis\u00e9e.<\/li>\n<li>Dimensions: 12&#215;17,3&#215;12,5 cm, compact et facile \u00e0 ranger.<\/li>\n<li>Compatible avec Alexa et application mobile pour iPhone \/ Android\u2122.<\/li>\n<\/ul>\n<h2>Delivery<\/h2>\n<ul>\n<li><strong>France :<\/strong> Direct delivery.<\/li>\n<li><strong>Export (Europe and Africa) :<\/strong> Quote.<\/li>\n<\/ul>","protected":false},"excerpt":{"rendered":"<ul>\n<li>Utilisation simple et intuitive avec un design tout-en-un.<\/li>\n<li>Mesures pr\u00e9cises de la pression art\u00e9rielle \u00e0 360\u00b0 gr\u00e2ce \u00e0 la technologie Intelli Wrap.<\/li>\n<li>Suivi de la sant\u00e9 via l&#8217;application mobile OMRON connect pour une meilleure gestion des donn\u00e9es.<\/li>\n<li>Cliniquement valid\u00e9, garantissant fiabilit\u00e9 et pr\u00e9cision des r\u00e9sultats.<\/li>\n<\/ul>","protected":false},"featured_media":103849,"comment_status":"open","ping_status":"open","template":"","meta":{"inline_featured_image":false},"product_brand":[],"product_cat":[930,911,932],"product_tag":[],"class_list":{"0":"post-103848","1":"product","2":"type-product","3":"status-publish","4":"has-post-thumbnail","6":"product_cat-sphygmomanometres-et-tensiometres-numeriques","7":"product_cat-stetho-et-tensiometres","8":"product_cat-tensiometres-numeriques-omron","10":"first","11":"instock","12":"sale","13":"taxable","14":"shipping-taxable","15":"purchasable","16":"product-type-simple"},"_links":{"self":[{"href":"https:\/\/nimedixmedical.com\/en\/wp-json\/wp\/v2\/product\/103848","targetHints":{"allow":["GET"]}}],"collection":[{"href":"https:\/\/nimedixmedical.com\/en\/wp-json\/wp\/v2\/product"}],"about":[{"href":"https:\/\/nimedixmedical.com\/en\/wp-json\/wp\/v2\/types\/product"}],"replies":[{"embeddable":true,"href":"https:\/\/nimedixmedical.com\/en\/wp-json\/wp\/v2\/comments?post=103848"}],"wp:featuredmedia":[{"embeddable":true,"href":"https:\/\/nimedixmedical.com\/en\/wp-json\/wp\/v2\/media\/103849"}],"wp:attachment":[{"href":"https:\/\/nimedixmedical.com\/en\/wp-json\/wp\/v2\/media?parent=103848"}],"wp:term":[{"taxonomy":"product_brand","embeddable":true,"href":"https:\/\/nimedixmedical.com\/en\/wp-json\/wp\/v2\/product_brand?post=103848"},{"taxonomy":"product_cat","embeddable":true,"href":"https:\/\/nimedixmedical.com\/en\/wp-json\/wp\/v2\/product_cat?post=103848"},{"taxonomy":"product_tag","embeddable":true,"href":"https:\/\/nimedixmedical.com\/en\/wp-json\/wp\/v2\/product_tag?post=103848"}],"curies":[{"name":"wp","href":"https:\/\/api.w.org\/{rel}","templated":true}]}}