{"id":103737,"date":"2025-11-30T19:47:11","date_gmt":"2025-11-30T18:47:11","guid":{"rendered":"https:\/\/nimedixmedical.com\/notre-catalogue\/tensiometre-de-poignet-jolly\/"},"modified":"2026-01-12T15:01:06","modified_gmt":"2026-01-12T14:01:06","slug":"tensiometre-de-poignet-jolly","status":"publish","type":"product","link":"https:\/\/nimedixmedical.com\/en\/our-catalog\/tensiometre-de-poignet-jolly\/","title":{"rendered":"Jolly Wrist Tensiometer"},"content":{"rendered":"<p>Le Tensiom\u00e8tre de Poignet Jolly est un dispositif m\u00e9dical con\u00e7u pour mesurer la tension art\u00e9rielle avec pr\u00e9cision. Sa conception ergonomique et ses fonctionnalit\u00e9s avanc\u00e9es le rendent adapt\u00e9 pour un usage domestique ou professionnel, assurant un suivi efficace de la sant\u00e9 cardiovasculaire.<\/p>\n<h2>Features<\/h2>\n<ul>\n<li>\u00c9cran LCD large de 47&#215;40 mm, \u00e9clair\u00e9 pour une lisibilit\u00e9 optimale.<\/li>\n<li>Indicateur de tension art\u00e9rielle conforme aux recommandations de l&#8217;OMS.<\/li>\n<li>D\u00e9tection d\u2019arythmie (IHB) pour une surveillance pr\u00e9cise.<\/li>\n<li>4 m\u00e9moires utilisateurs avec 30 valeurs mesur\u00e9es, date et heure.<\/li>\n<li>Moyenne des valeurs mesur\u00e9es des 7 derniers jours et tension art\u00e9rielle matinale\/du soir.<\/li>\n<li>Arr\u00eat automatique pour \u00e9conomiser les batteries.<\/li>\n<li>Plage de mesure : Tension de 0 \u00e0 300 mmHg \u00b13 mmHg, Pouls de 40 \u00e0 180 battements\/min \u00b15%.<\/li>\n<li>Dimensions : 89x60x31 mm, poids de 69,5 g sans batteries.<\/li>\n<\/ul>\n<h2>Delivery<\/h2>\n<ul>\n<li><strong>France :<\/strong> Direct delivery.<\/li>\n<li><strong>Export (Europe and Africa) :<\/strong> Quote.<\/li>\n<\/ul>","protected":false},"excerpt":{"rendered":"<ul>\n<li>Tensiom\u00e8tre professionnel id\u00e9al pour un usage m\u00e9dical \u00e0 domicile ou en cabinet.<\/li>\n<li>\u00c9cran LCD large et \u00e9clair\u00e9 pour une lecture facile des r\u00e9sultats.<\/li>\n<li>Fonctionnalit\u00e9s avanc\u00e9es telles que d\u00e9tection d&#8217;arythmie et m\u00e9morisation des mesures.<\/li>\n<li>Inclus : brassard, \u00e9tui de rangement et batteries pour une utilisation imm\u00e9diate.<\/li>\n<\/ul>","protected":false},"featured_media":103738,"comment_status":"open","ping_status":"open","template":"","meta":{"inline_featured_image":false},"product_brand":[],"product_cat":[929,911],"product_tag":[],"class_list":{"0":"post-103737","1":"product","2":"type-product","3":"status-publish","4":"has-post-thumbnail","6":"product_cat-sphygmomanometres-et-tensiometres-numeriques-gima","7":"product_cat-stetho-et-tensiometres","9":"first","10":"instock","11":"sale","12":"taxable","13":"shipping-taxable","14":"purchasable","15":"product-type-simple"},"_links":{"self":[{"href":"https:\/\/nimedixmedical.com\/en\/wp-json\/wp\/v2\/product\/103737","targetHints":{"allow":["GET"]}}],"collection":[{"href":"https:\/\/nimedixmedical.com\/en\/wp-json\/wp\/v2\/product"}],"about":[{"href":"https:\/\/nimedixmedical.com\/en\/wp-json\/wp\/v2\/types\/product"}],"replies":[{"embeddable":true,"href":"https:\/\/nimedixmedical.com\/en\/wp-json\/wp\/v2\/comments?post=103737"}],"wp:featuredmedia":[{"embeddable":true,"href":"https:\/\/nimedixmedical.com\/en\/wp-json\/wp\/v2\/media\/103738"}],"wp:attachment":[{"href":"https:\/\/nimedixmedical.com\/en\/wp-json\/wp\/v2\/media?parent=103737"}],"wp:term":[{"taxonomy":"product_brand","embeddable":true,"href":"https:\/\/nimedixmedical.com\/en\/wp-json\/wp\/v2\/product_brand?post=103737"},{"taxonomy":"product_cat","embeddable":true,"href":"https:\/\/nimedixmedical.com\/en\/wp-json\/wp\/v2\/product_cat?post=103737"},{"taxonomy":"product_tag","embeddable":true,"href":"https:\/\/nimedixmedical.com\/en\/wp-json\/wp\/v2\/product_tag?post=103737"}],"curies":[{"name":"wp","href":"https:\/\/api.w.org\/{rel}","templated":true}]}}