{"id":103732,"date":"2025-11-30T19:47:11","date_gmt":"2025-11-30T18:47:11","guid":{"rendered":"https:\/\/nimedixmedical.com\/notre-catalogue\/tensiometre-jolly\/"},"modified":"2026-01-12T15:01:05","modified_gmt":"2026-01-12T14:01:05","slug":"tensiometre-jolly","status":"publish","type":"product","link":"https:\/\/nimedixmedical.com\/en\/our-catalog\/tensiometre-jolly\/","title":{"rendered":"Jolly Tensiometer"},"content":{"rendered":"<p>Le tensiom\u00e8tre num\u00e9rique Jolly est un dispositif m\u00e9dical con\u00e7u pour un usage professionnel. Il permet une \u00e9valuation pr\u00e9cise de la pression art\u00e9rielle, essentielle pour le suivi de la sant\u00e9 cardiovasculaire.<\/p>\n<h2>Features<\/h2>\n<ul>\n<li>\u00c9cran LCD large, \u00e9clair\u00e9, facile \u00e0 lire (86&#215;74 mm)<\/li>\n<li>Classification OMS pour une interpr\u00e9tation standardis\u00e9e des r\u00e9sultats<\/li>\n<li>D\u00e9tection d&#8217;arythmie (IHB) pour une surveillance avanc\u00e9e<\/li>\n<li>M\u00e9moire de 4 utilisateurs avec 30 m\u00e9moires chacun<\/li>\n<li>Moyenne des valeurs mesur\u00e9es et des tensions art\u00e9rielles matinales et nocturnes des 7 derniers jours<\/li>\n<li>Date et heure affich\u00e9es pour un suivi organis\u00e9<\/li>\n<li>Arr\u00eat automatique pour \u00e9conomiser les batteries<\/li>\n<li>Syst\u00e8me de mesure oscillom\u00e9trique avec plage de 0~300 mmHg \u00b13 mmHg pour la pression et 40~180 pulsations\/min. \u00b15% pour le pouls<\/li>\n<li>Alimentation par 4 batteries 1,5 AAA (incluses)<\/li>\n<li>Dimensions : 150x95xh 65 mm, poids d&#8217;environ 235 g (sans batteries)<\/li>\n<\/ul>\n<h2>Delivery<\/h2>\n<ul>\n<li><strong>France :<\/strong> Direct delivery.<\/li>\n<li><strong>Export (Europe and Africa) :<\/strong> Quote.<\/li>\n<\/ul>","protected":false},"excerpt":{"rendered":"<ul>\n<li>Usage : Tensiom\u00e8tre num\u00e9rique professionnel pour un suivi m\u00e9dical pr\u00e9cis.<\/li>\n<li>B\u00e9n\u00e9fice : \u00c9cran LCD large et \u00e9clair\u00e9 pour une lecture facile des r\u00e9sultats.<\/li>\n<li>Fonctionnalit\u00e9 : M\u00e9moire pour 4 utilisateurs avec 30 m\u00e9moires chacun, id\u00e9al pour les familles.<\/li>\n<li>Pr\u00e9cision : D\u00e9tection d&#8217;arythmie et classification selon l&#8217;OMS pour un suivi optimal.<\/li>\n<\/ul>","protected":false},"featured_media":103733,"comment_status":"open","ping_status":"open","template":"","meta":{"inline_featured_image":false},"product_brand":[],"product_cat":[929,911],"product_tag":[],"class_list":{"0":"post-103732","1":"product","2":"type-product","3":"status-publish","4":"has-post-thumbnail","6":"product_cat-sphygmomanometres-et-tensiometres-numeriques-gima","7":"product_cat-stetho-et-tensiometres","9":"first","10":"instock","11":"sale","12":"taxable","13":"shipping-taxable","14":"purchasable","15":"product-type-simple"},"_links":{"self":[{"href":"https:\/\/nimedixmedical.com\/en\/wp-json\/wp\/v2\/product\/103732","targetHints":{"allow":["GET"]}}],"collection":[{"href":"https:\/\/nimedixmedical.com\/en\/wp-json\/wp\/v2\/product"}],"about":[{"href":"https:\/\/nimedixmedical.com\/en\/wp-json\/wp\/v2\/types\/product"}],"replies":[{"embeddable":true,"href":"https:\/\/nimedixmedical.com\/en\/wp-json\/wp\/v2\/comments?post=103732"}],"wp:featuredmedia":[{"embeddable":true,"href":"https:\/\/nimedixmedical.com\/en\/wp-json\/wp\/v2\/media\/103733"}],"wp:attachment":[{"href":"https:\/\/nimedixmedical.com\/en\/wp-json\/wp\/v2\/media?parent=103732"}],"wp:term":[{"taxonomy":"product_brand","embeddable":true,"href":"https:\/\/nimedixmedical.com\/en\/wp-json\/wp\/v2\/product_brand?post=103732"},{"taxonomy":"product_cat","embeddable":true,"href":"https:\/\/nimedixmedical.com\/en\/wp-json\/wp\/v2\/product_cat?post=103732"},{"taxonomy":"product_tag","embeddable":true,"href":"https:\/\/nimedixmedical.com\/en\/wp-json\/wp\/v2\/product_tag?post=103732"}],"curies":[{"name":"wp","href":"https:\/\/api.w.org\/{rel}","templated":true}]}}