{"id":103713,"date":"2025-11-30T19:46:25","date_gmt":"2025-11-30T18:46:25","guid":{"rendered":"https:\/\/nimedixmedical.com\/notre-catalogue\/tensiometre-leo\/"},"modified":"2026-01-12T15:01:01","modified_gmt":"2026-01-12T14:01:01","slug":"tensiometre-leo","status":"publish","type":"product","link":"https:\/\/nimedixmedical.com\/en\/our-catalog\/tensiometre-leo\/","title":{"rendered":"Leo sphygmomanometer"},"content":{"rendered":"<p>Le tensiom\u00e8tre \u00e9lectronique LEO est un appareil m\u00e9dical de haute pr\u00e9cision, con\u00e7u pour faciliter la mesure de la pression art\u00e9rielle. Adapt\u00e9 \u00e0 une large gamme d&#8217;utilisateurs, il offre des fonctionnalit\u00e9s avanc\u00e9es pour un suivi rigoureux et efficace de la sant\u00e9.<\/p>\n<h2>Features<\/h2>\n<ul>\n<li>Mesure automatique de la pression art\u00e9rielle par m\u00e9thode oscillom\u00e9trique.<\/li>\n<li>Plage de mesure : 0-39,6 kPa (0-297 mmHg) avec une pr\u00e9cision de \u00b10,4 kPa (\u00b13 mmHg).<\/li>\n<li>\u00c9cran LCD couleur de 2,8\u201d avec interface USB pour un usage simplifi\u00e9.<\/li>\n<li>Fonction d\u2019alarme personnalisable pour le suivi des limites de pression.<\/li>\n<li>M\u00e9moire pour 100 groupes de donn\u00e9es, accessible par 3 utilisateurs.<\/li>\n<li>Brassard large, c\u00e2ble USB, logiciel multilingue inclus pour une analyse approfondie des r\u00e9sultats.<\/li>\n<li>Dimensions : 130x110x80 mm ; Poids : 300 g.<\/li>\n<\/ul>\n<h2>Delivery<\/h2>\n<ul>\n<li><strong>France :<\/strong> Direct delivery.<\/li>\n<li><strong>Export (Europe and Africa) :<\/strong> Quote.<\/li>\n<\/ul>","protected":false},"excerpt":{"rendered":"<ul>\n<li>Mesure automatique de la pression art\u00e9rielle pour adultes, enfants et nouveau-n\u00e9s.<\/li>\n<li>M\u00e9moire des donn\u00e9es pour 3 utilisateurs, permettant un suivi personnalis\u00e9.<\/li>\n<li>\u00c9cran LCD couleur haute d\u00e9finition pour une lisibilit\u00e9 optimale.<\/li>\n<li>Logiciel inclus pour analyser les r\u00e9sultats et imprimer des rapports.<\/li>\n<\/ul>","protected":false},"featured_media":103714,"comment_status":"open","ping_status":"open","template":"","meta":{"inline_featured_image":false},"product_brand":[],"product_cat":[929,911],"product_tag":[],"class_list":{"0":"post-103713","1":"product","2":"type-product","3":"status-publish","4":"has-post-thumbnail","6":"product_cat-sphygmomanometres-et-tensiometres-numeriques-gima","7":"product_cat-stetho-et-tensiometres","9":"first","10":"instock","11":"sale","12":"taxable","13":"shipping-taxable","14":"purchasable","15":"product-type-simple"},"_links":{"self":[{"href":"https:\/\/nimedixmedical.com\/en\/wp-json\/wp\/v2\/product\/103713","targetHints":{"allow":["GET"]}}],"collection":[{"href":"https:\/\/nimedixmedical.com\/en\/wp-json\/wp\/v2\/product"}],"about":[{"href":"https:\/\/nimedixmedical.com\/en\/wp-json\/wp\/v2\/types\/product"}],"replies":[{"embeddable":true,"href":"https:\/\/nimedixmedical.com\/en\/wp-json\/wp\/v2\/comments?post=103713"}],"wp:featuredmedia":[{"embeddable":true,"href":"https:\/\/nimedixmedical.com\/en\/wp-json\/wp\/v2\/media\/103714"}],"wp:attachment":[{"href":"https:\/\/nimedixmedical.com\/en\/wp-json\/wp\/v2\/media?parent=103713"}],"wp:term":[{"taxonomy":"product_brand","embeddable":true,"href":"https:\/\/nimedixmedical.com\/en\/wp-json\/wp\/v2\/product_brand?post=103713"},{"taxonomy":"product_cat","embeddable":true,"href":"https:\/\/nimedixmedical.com\/en\/wp-json\/wp\/v2\/product_cat?post=103713"},{"taxonomy":"product_tag","embeddable":true,"href":"https:\/\/nimedixmedical.com\/en\/wp-json\/wp\/v2\/product_tag?post=103713"}],"curies":[{"name":"wp","href":"https:\/\/api.w.org\/{rel}","templated":true}]}}