{"id":103164,"date":"2025-11-30T19:40:39","date_gmt":"2025-11-30T18:40:39","guid":{"rendered":"https:\/\/nimedixmedical.com\/notre-catalogue\/stethoscope-wan-tete-double-y-noir\/"},"modified":"2026-01-12T14:59:03","modified_gmt":"2026-01-12T13:59:03","slug":"stethoscope-wan-tete-double-y-noir","status":"publish","type":"product","link":"https:\/\/nimedixmedical.com\/en\/our-catalog\/stethoscope-wan-tete-double-y-noir\/","title":{"rendered":"St\u00e9thoscope Wan T\u00eate Double &#8211; Y Noir"},"content":{"rendered":"<p>Le st\u00e9thoscope WAN t\u00eate double adulte est un instrument essentiel pour les professionnels de sant\u00e9. Con\u00e7u pour garantir des performances acoustiques de haut niveau, il est id\u00e9al pour l&#8217;examen et le diagnostic m\u00e9dical.<\/p>\n<h2>Features<\/h2>\n<ul>\n<li>Pavillon en alliage de zinc chrom\u00e9, offrant durabilit\u00e9 et efficacit\u00e9 acoustique.<\/li>\n<li>Dimensions du pavillon : \u00d8 45 mm, cloche : \u00d8 30 mm.<\/li>\n<li>Tubing length: 63 cm, with an internal diameter of 4.2 mm and an external diameter of 8 mm.<\/li>\n<li>Conception sans latex, adapt\u00e9e aux personnes allergiques.<\/li>\n<li>Livr\u00e9 dans une bo\u00eete en carton avec mode d&#8217;emploi multilingue (GB, FR, IT, ES, DE, PT, HR, GR, BG, RO, PL, HU, SE, FI, Arabe).<\/li>\n<\/ul>\n<h2>Delivery<\/h2>\n<ul>\n<li><strong>France :<\/strong> Direct delivery.<\/li>\n<li><strong>Export (Europe and Africa) :<\/strong> Quote.<\/li>\n<\/ul>","protected":false},"excerpt":{"rendered":"<ul>\n<li>Usage : Id\u00e9al pour les professionnels de sant\u00e9 \u00e0 la recherche d&#8217;un st\u00e9thoscope fiable et performant.<\/li>\n<li>B\u00e9n\u00e9fice : Performances acoustiques optimales gr\u00e2ce \u00e0 sa conception en alliage de zinc chrom\u00e9 et tubulure en PVC.<\/li>\n<li>Confort : Lyre \u00e0 ressort externe et bague anti-froid pour un usage prolong\u00e9 sans inconfort.<\/li>\n<li>Pratique : Livr\u00e9 dans une bo\u00eete multilangues, facilitant son utilisation \u00e0 l&#8217;international.<\/li>\n<\/ul>","protected":false},"featured_media":103165,"comment_status":"open","ping_status":"open","template":"","meta":{"inline_featured_image":false},"product_brand":[],"product_cat":[911,919],"product_tag":[],"class_list":{"0":"post-103164","1":"product","2":"type-product","3":"status-publish","4":"has-post-thumbnail","6":"product_cat-stetho-et-tensiometres","7":"product_cat-stethoscopes-adultes-tete-double","9":"first","10":"instock","11":"sale","12":"taxable","13":"shipping-taxable","14":"purchasable","15":"product-type-simple"},"_links":{"self":[{"href":"https:\/\/nimedixmedical.com\/en\/wp-json\/wp\/v2\/product\/103164","targetHints":{"allow":["GET"]}}],"collection":[{"href":"https:\/\/nimedixmedical.com\/en\/wp-json\/wp\/v2\/product"}],"about":[{"href":"https:\/\/nimedixmedical.com\/en\/wp-json\/wp\/v2\/types\/product"}],"replies":[{"embeddable":true,"href":"https:\/\/nimedixmedical.com\/en\/wp-json\/wp\/v2\/comments?post=103164"}],"wp:featuredmedia":[{"embeddable":true,"href":"https:\/\/nimedixmedical.com\/en\/wp-json\/wp\/v2\/media\/103165"}],"wp:attachment":[{"href":"https:\/\/nimedixmedical.com\/en\/wp-json\/wp\/v2\/media?parent=103164"}],"wp:term":[{"taxonomy":"product_brand","embeddable":true,"href":"https:\/\/nimedixmedical.com\/en\/wp-json\/wp\/v2\/product_brand?post=103164"},{"taxonomy":"product_cat","embeddable":true,"href":"https:\/\/nimedixmedical.com\/en\/wp-json\/wp\/v2\/product_cat?post=103164"},{"taxonomy":"product_tag","embeddable":true,"href":"https:\/\/nimedixmedical.com\/en\/wp-json\/wp\/v2\/product_tag?post=103164"}],"curies":[{"name":"wp","href":"https:\/\/api.w.org\/{rel}","templated":true}]}}