{"id":103141,"date":"2025-11-30T19:39:36","date_gmt":"2025-11-30T18:39:36","guid":{"rendered":"https:\/\/nimedixmedical.com\/notre-catalogue\/stethoscope-jotarap-a-tete-double-y-bleu\/"},"modified":"2026-01-12T14:58:59","modified_gmt":"2026-01-12T13:58:59","slug":"stethoscope-jotarap-a-tete-double-y-bleu","status":"publish","type":"product","link":"https:\/\/nimedixmedical.com\/en\/our-catalog\/stethoscope-jotarap-a-tete-double-y-bleu\/","title":{"rendered":"St\u00e9thoscope Jotarap \u00c0 T\u00eate Double &#8211; Y Bleu"},"content":{"rendered":"<p>Le st\u00e9thoscope JOTARAP \u00e0 t\u00eate double est un outil essentiel pour les professionnels de la sant\u00e9, offrant une \u00e9coute pr\u00e9cise et claire des sons cardiaques et pulmonaires. Sa conception innovante garantit une flexibilit\u00e9 d&#8217;utilisation pour tous les patients, des enfants aux adultes.<\/p>\n<h2>Features<\/h2>\n<ul>\n<li>Type : St\u00e9thoscope GIMA de type Sprague Rappaport \u00e0 t\u00eate double.<\/li>\n<li>Mat\u00e9riau : Alliage de zinc, sans latex.<\/li>\n<li>5 en 1 : Utilisable pour 5 applications diff\u00e9rentes gr\u00e2ce \u00e0 ses cloches interchangeables.<\/li>\n<li>Longueur des tubes : 56 cm (22&#8243;) avec double tubulure pour une transmission pr\u00e9cise des sons.<\/li>\n<li>Accessoires inclus : 3 cloches en plastique noir, 1 diaphragme de rechange, embouts auriculaires en n\u00e9opr\u00e8ne et champignons auriculaires.<\/li>\n<li>Operating instructions multi-lingual : Available in 15 languages.<\/li>\n<\/ul>\n<h2>Delivery<\/h2>\n<ul>\n<li><strong>France :<\/strong> Direct delivery.<\/li>\n<li><strong>Export (Europe and Africa) :<\/strong> Quote.<\/li>\n<\/ul>","protected":false},"excerpt":{"rendered":"<ul>\n<li>St\u00e9thoscope double tubulure pour une \u00e9coute pr\u00e9cise des sons cardiaques et pulmonaires.<\/li>\n<li>Transformable avec cloches de diff\u00e9rentes tailles, adapt\u00e9 \u00e0 toutes les tranches d&#8217;\u00e2ge.<\/li>\n<li>Kit d&#8217;accessoires complet inclus pour une utilisation optimale.<\/li>\n<li>Conception sans latex pour un usage confortable et s\u00e9curis\u00e9.<\/li>\n<\/ul>","protected":false},"featured_media":103142,"comment_status":"open","ping_status":"open","template":"","meta":{"inline_featured_image":false},"product_brand":[],"product_cat":[911,919],"product_tag":[],"class_list":{"0":"post-103141","1":"product","2":"type-product","3":"status-publish","4":"has-post-thumbnail","6":"product_cat-stetho-et-tensiometres","7":"product_cat-stethoscopes-adultes-tete-double","9":"first","10":"instock","11":"sale","12":"taxable","13":"shipping-taxable","14":"purchasable","15":"product-type-simple"},"_links":{"self":[{"href":"https:\/\/nimedixmedical.com\/en\/wp-json\/wp\/v2\/product\/103141","targetHints":{"allow":["GET"]}}],"collection":[{"href":"https:\/\/nimedixmedical.com\/en\/wp-json\/wp\/v2\/product"}],"about":[{"href":"https:\/\/nimedixmedical.com\/en\/wp-json\/wp\/v2\/types\/product"}],"replies":[{"embeddable":true,"href":"https:\/\/nimedixmedical.com\/en\/wp-json\/wp\/v2\/comments?post=103141"}],"wp:featuredmedia":[{"embeddable":true,"href":"https:\/\/nimedixmedical.com\/en\/wp-json\/wp\/v2\/media\/103142"}],"wp:attachment":[{"href":"https:\/\/nimedixmedical.com\/en\/wp-json\/wp\/v2\/media?parent=103141"}],"wp:term":[{"taxonomy":"product_brand","embeddable":true,"href":"https:\/\/nimedixmedical.com\/en\/wp-json\/wp\/v2\/product_brand?post=103141"},{"taxonomy":"product_cat","embeddable":true,"href":"https:\/\/nimedixmedical.com\/en\/wp-json\/wp\/v2\/product_cat?post=103141"},{"taxonomy":"product_tag","embeddable":true,"href":"https:\/\/nimedixmedical.com\/en\/wp-json\/wp\/v2\/product_tag?post=103141"}],"curies":[{"name":"wp","href":"https:\/\/api.w.org\/{rel}","templated":true}]}}