{"id":103055,"date":"2025-11-30T19:38:41","date_gmt":"2025-11-30T18:38:41","guid":{"rendered":"https:\/\/nimedixmedical.com\/notre-catalogue\/stethoscope-trad-y-jaune\/"},"modified":"2026-01-12T14:58:38","modified_gmt":"2026-01-12T13:58:38","slug":"stethoscope-trad-y-jaune","status":"publish","type":"product","link":"https:\/\/nimedixmedical.com\/en\/our-catalog\/stethoscope-trad-y-jaune\/","title":{"rendered":"St\u00e9thoscope Trad &#8211; Y Jaune"},"content":{"rendered":"<p>Le st\u00e9thoscope TRAD &#8211; Y jaune est un outil essentiel pour les professionnels de sant\u00e9, offrant une \u00e9coute pr\u00e9cise et fiable lors des auscultations. Sa conception l\u00e9g\u00e8re et ergonomique le rend id\u00e9al pour un usage quotidien, tant chez les adultes que chez les enfants.<\/p>\n<h2>Features<\/h2>\n<ul>\n<li>T\u00eate simple de couleur jaune, adapt\u00e9e pour les adultes et les patients p\u00e9diatriques.<\/li>\n<li>Pavillon de 43,5 mm de diam\u00e8tre (35 mm pour le mod\u00e8le p\u00e9diatrique) et cloche de 30 mm (26,5 mm pour le mod\u00e8le p\u00e9diatrique).<\/li>\n<li>Tubulure de 62 cm de long avec un diam\u00e8tre int\u00e9rieur de 4 mm et ext\u00e9rieur de 8 mm.<\/li>\n<li>Fabriqu\u00e9 sans latex pour minimiser les risques d&#8217;allergies.<\/li>\n<li>Livr\u00e9 dans une bo\u00eete en carton avec mode d&#8217;emploi disponible en 11 langues.<\/li>\n<\/ul>\n<h2>Delivery<\/h2>\n<ul>\n<li><strong>France :<\/strong> Direct delivery.<\/li>\n<li><strong>Export (Europe and Africa) :<\/strong> Quote.<\/li>\n<\/ul>","protected":false},"excerpt":{"rendered":"<ul>\n<li>St\u00e9thoscope traditionnel en aluminium, l\u00e9ger et durable.<\/li>\n<li>Id\u00e9al pour une utilisation chez les adultes et les enfants (p\u00e9diatrique).<\/li>\n<li>Design ergonomique avec lyre en laiton et bague anti-froid.<\/li>\n<li>Livr\u00e9 avec un mode d&#8217;emploi multilingue, pratique pour tous.<\/li>\n<\/ul>","protected":false},"featured_media":103056,"comment_status":"open","ping_status":"open","template":"","meta":{"inline_featured_image":false},"product_brand":[],"product_cat":[911,918],"product_tag":[],"class_list":{"0":"post-103055","1":"product","2":"type-product","3":"status-publish","4":"has-post-thumbnail","6":"product_cat-stetho-et-tensiometres","7":"product_cat-stethoscopes-adultes-tete-simple","9":"first","10":"instock","11":"sale","12":"taxable","13":"shipping-taxable","14":"purchasable","15":"product-type-simple"},"_links":{"self":[{"href":"https:\/\/nimedixmedical.com\/en\/wp-json\/wp\/v2\/product\/103055","targetHints":{"allow":["GET"]}}],"collection":[{"href":"https:\/\/nimedixmedical.com\/en\/wp-json\/wp\/v2\/product"}],"about":[{"href":"https:\/\/nimedixmedical.com\/en\/wp-json\/wp\/v2\/types\/product"}],"replies":[{"embeddable":true,"href":"https:\/\/nimedixmedical.com\/en\/wp-json\/wp\/v2\/comments?post=103055"}],"wp:featuredmedia":[{"embeddable":true,"href":"https:\/\/nimedixmedical.com\/en\/wp-json\/wp\/v2\/media\/103056"}],"wp:attachment":[{"href":"https:\/\/nimedixmedical.com\/en\/wp-json\/wp\/v2\/media?parent=103055"}],"wp:term":[{"taxonomy":"product_brand","embeddable":true,"href":"https:\/\/nimedixmedical.com\/en\/wp-json\/wp\/v2\/product_brand?post=103055"},{"taxonomy":"product_cat","embeddable":true,"href":"https:\/\/nimedixmedical.com\/en\/wp-json\/wp\/v2\/product_cat?post=103055"},{"taxonomy":"product_tag","embeddable":true,"href":"https:\/\/nimedixmedical.com\/en\/wp-json\/wp\/v2\/product_tag?post=103055"}],"curies":[{"name":"wp","href":"https:\/\/api.w.org\/{rel}","templated":true}]}}