{"id":103053,"date":"2025-11-30T19:38:41","date_gmt":"2025-11-30T18:38:41","guid":{"rendered":"https:\/\/nimedixmedical.com\/notre-catalogue\/stethoscope-trad-y-violet\/"},"modified":"2026-01-12T14:58:37","modified_gmt":"2026-01-12T13:58:37","slug":"stethoscope-trad-y-violet","status":"publish","type":"product","link":"https:\/\/nimedixmedical.com\/en\/our-catalog\/stethoscope-trad-y-violet\/","title":{"rendered":"St\u00e9thoscope Trad &#8211; Y Violet"},"content":{"rendered":"<p>Le st\u00e9thoscope TRAD &#8211; Y violet est un outil m\u00e9dical essentiel pour les professionnels de sant\u00e9, offrant une \u00e9coute pr\u00e9cise et fiable. Con\u00e7u pour les adultes et les p\u00e9diatriques, il allie l\u00e9g\u00e8ret\u00e9 et ergonomie tout en garantissant un confort d&#8217;utilisation optimal.<\/p>\n<h2>Features<\/h2>\n<ul>\n<li>St\u00e9thoscope classique en aluminium, l\u00e9ger et durable.<\/li>\n<li>T\u00eate simple de couleur violet, pavillon \u00d8 43,5 mm (\u00d8 35 pour le mod\u00e8le p\u00e9diatrique).<\/li>\n<li>Cloche \u00d8 30 mm (\u00d8 26,5 pour le mod\u00e8le p\u00e9diatrique) pour des auscultations pr\u00e9cises.<\/li>\n<li>Lyre en laiton avec une bague anti-froid pour un usage confortable.<\/li>\n<li>Tubulure de 62 cm de long avec un diam\u00e8tre int\u00e9rieur de 4 mm et ext\u00e9rieur de 8 mm.<\/li>\n<li>Livr\u00e9 dans une bo\u00eete en carton avec mode d&#8217;emploi en 11 langues : GB, FR, IT, ES, DE, PT, GR, PL, HU, SE, Arabe.<\/li>\n<\/ul>\n<h2>Delivery<\/h2>\n<ul>\n<li><strong>France :<\/strong> Direct delivery.<\/li>\n<li><strong>Export (Europe and Africa) :<\/strong> Quote.<\/li>\n<\/ul>","protected":false},"excerpt":{"rendered":"<ul>\n<li>Usage : Id\u00e9al pour les professionnels de sant\u00e9, adultes et p\u00e9diatriques.<\/li>\n<li>B\u00e9n\u00e9fice : L\u00e9ger et fiable, avec une t\u00eate simple pour une \u00e9coute pr\u00e9cise.<\/li>\n<li>Conception : Sans latex, convient aux personnes sensibles.<\/li>\n<li>Accessibilit\u00e9 : Livr\u00e9 avec un mode d&#8217;emploi dans 11 langues.<\/li>\n<\/ul>","protected":false},"featured_media":103054,"comment_status":"open","ping_status":"open","template":"","meta":{"inline_featured_image":false},"product_brand":[],"product_cat":[911,918],"product_tag":[],"class_list":{"0":"post-103053","1":"product","2":"type-product","3":"status-publish","4":"has-post-thumbnail","6":"product_cat-stetho-et-tensiometres","7":"product_cat-stethoscopes-adultes-tete-simple","9":"first","10":"outofstock","11":"sale","12":"taxable","13":"shipping-taxable","14":"purchasable","15":"product-type-simple"},"_links":{"self":[{"href":"https:\/\/nimedixmedical.com\/en\/wp-json\/wp\/v2\/product\/103053","targetHints":{"allow":["GET"]}}],"collection":[{"href":"https:\/\/nimedixmedical.com\/en\/wp-json\/wp\/v2\/product"}],"about":[{"href":"https:\/\/nimedixmedical.com\/en\/wp-json\/wp\/v2\/types\/product"}],"replies":[{"embeddable":true,"href":"https:\/\/nimedixmedical.com\/en\/wp-json\/wp\/v2\/comments?post=103053"}],"wp:featuredmedia":[{"embeddable":true,"href":"https:\/\/nimedixmedical.com\/en\/wp-json\/wp\/v2\/media\/103054"}],"wp:attachment":[{"href":"https:\/\/nimedixmedical.com\/en\/wp-json\/wp\/v2\/media?parent=103053"}],"wp:term":[{"taxonomy":"product_brand","embeddable":true,"href":"https:\/\/nimedixmedical.com\/en\/wp-json\/wp\/v2\/product_brand?post=103053"},{"taxonomy":"product_cat","embeddable":true,"href":"https:\/\/nimedixmedical.com\/en\/wp-json\/wp\/v2\/product_cat?post=103053"},{"taxonomy":"product_tag","embeddable":true,"href":"https:\/\/nimedixmedical.com\/en\/wp-json\/wp\/v2\/product_tag?post=103053"}],"curies":[{"name":"wp","href":"https:\/\/api.w.org\/{rel}","templated":true}]}}