{"id":102990,"date":"2025-11-30T19:38:41","date_gmt":"2025-11-30T18:38:41","guid":{"rendered":"https:\/\/nimedixmedical.com\/notre-catalogue\/stethoscope-de-couleur-trad-rouge\/"},"modified":"2026-01-12T14:58:27","modified_gmt":"2026-01-12T13:58:27","slug":"stethoscope-de-couleur-trad-rouge","status":"publish","type":"product","link":"https:\/\/nimedixmedical.com\/en\/our-catalog\/stethoscope-de-couleur-trad-rouge\/","title":{"rendered":"St\u00e9thoscope de Couleur Trad &#8211; Rouge"},"content":{"rendered":"<p>Le st\u00e9thoscope de couleur Trad &#8211; rouge est un outil essentiel pour les professionnels de la sant\u00e9. Sa l\u00e9g\u00e8ret\u00e9 et sa fiabilit\u00e9 en font un choix privil\u00e9gi\u00e9 pour les examens cliniques, permettant une \u00e9coute pr\u00e9cise des sons corporels. Con\u00e7u sans latex, il r\u00e9pond aux besoins des utilisateurs sensibles.<\/p>\n<h2>Features<\/h2>\n<ul>\n<li>Type : St\u00e9thoscope de couleur Trad &#8211; t\u00eate simple, rouge.<\/li>\n<li>Mat\u00e9riau : Aluminium l\u00e9ger et durable, sans latex.<\/li>\n<li>Pavillon : Diam\u00e8tre de 43,5 mm, cloche de 30 mm.<\/li>\n<li>Lyre : En laiton pour une meilleure durabilit\u00e9.<\/li>\n<li>Tubulure : Longueur de 62 cm, diam\u00e8tre int\u00e9rieur de 4 mm, diam\u00e8tre ext\u00e9rieur de 8 mm.<\/li>\n<li>Emballage : Livr\u00e9 dans une bo\u00eete en carton avec mode d&#8217;emploi en 11 langues.<\/li>\n<\/ul>\n<h2>Delivery<\/h2>\n<ul>\n<li><strong>France :<\/strong> Direct delivery.<\/li>\n<li><strong>Export (Europe and Africa) :<\/strong> Quote.<\/li>\n<\/ul>","protected":false},"excerpt":{"rendered":"<ul>\n<li>Usage : Id\u00e9al pour les professionnels de sant\u00e9 souhaitant un st\u00e9thoscope l\u00e9ger et pratique.<\/li>\n<li>B\u00e9n\u00e9fice : Conception sans latex pour r\u00e9duire le risque d\u2019allergies.<\/li>\n<li>Design : Disponible en couleur rouge, alliant esth\u00e9tique et fonctionnalit\u00e9.<\/li>\n<li>Inclus : Mode d&#8217;emploi multilingue pour une utilisation simplifi\u00e9e.<\/li>\n<\/ul>","protected":false},"featured_media":102991,"comment_status":"open","ping_status":"open","template":"","meta":{"inline_featured_image":false},"product_brand":[],"product_cat":[911,918],"product_tag":[],"class_list":{"0":"post-102990","1":"product","2":"type-product","3":"status-publish","4":"has-post-thumbnail","6":"product_cat-stetho-et-tensiometres","7":"product_cat-stethoscopes-adultes-tete-simple","9":"first","10":"instock","11":"sale","12":"taxable","13":"shipping-taxable","14":"purchasable","15":"product-type-simple"},"_links":{"self":[{"href":"https:\/\/nimedixmedical.com\/en\/wp-json\/wp\/v2\/product\/102990","targetHints":{"allow":["GET"]}}],"collection":[{"href":"https:\/\/nimedixmedical.com\/en\/wp-json\/wp\/v2\/product"}],"about":[{"href":"https:\/\/nimedixmedical.com\/en\/wp-json\/wp\/v2\/types\/product"}],"replies":[{"embeddable":true,"href":"https:\/\/nimedixmedical.com\/en\/wp-json\/wp\/v2\/comments?post=102990"}],"wp:featuredmedia":[{"embeddable":true,"href":"https:\/\/nimedixmedical.com\/en\/wp-json\/wp\/v2\/media\/102991"}],"wp:attachment":[{"href":"https:\/\/nimedixmedical.com\/en\/wp-json\/wp\/v2\/media?parent=102990"}],"wp:term":[{"taxonomy":"product_brand","embeddable":true,"href":"https:\/\/nimedixmedical.com\/en\/wp-json\/wp\/v2\/product_brand?post=102990"},{"taxonomy":"product_cat","embeddable":true,"href":"https:\/\/nimedixmedical.com\/en\/wp-json\/wp\/v2\/product_cat?post=102990"},{"taxonomy":"product_tag","embeddable":true,"href":"https:\/\/nimedixmedical.com\/en\/wp-json\/wp\/v2\/product_tag?post=102990"}],"curies":[{"name":"wp","href":"https:\/\/api.w.org\/{rel}","templated":true}]}}