{"id":102975,"date":"2025-11-30T19:38:41","date_gmt":"2025-11-30T18:38:41","guid":{"rendered":"https:\/\/nimedixmedical.com\/notre-catalogue\/stethoscope-de-couleur-trad-vert\/"},"modified":"2026-01-12T14:58:24","modified_gmt":"2026-01-12T13:58:24","slug":"stethoscope-de-couleur-trad-vert","status":"publish","type":"product","link":"https:\/\/nimedixmedical.com\/en\/our-catalog\/stethoscope-de-couleur-trad-vert\/","title":{"rendered":"St\u00e9thoscope de Couleur Trad &#8211; Vert"},"content":{"rendered":"<p>Le st\u00e9thoscope de couleur Trad vert est un outil m\u00e9dical essentiel pour les professionnels de la sant\u00e9. Avec sa conception l\u00e9g\u00e8re et ses mat\u00e9riaux de qualit\u00e9, il permet une auscultation pr\u00e9cise tout en offrant un confort d&#8217;utilisation optimal. Son design color\u00e9 ajoute une touche de personnalit\u00e9 \u00e0 votre \u00e9quipement m\u00e9dical.<\/p>\n<h2>Features<\/h2>\n<ul>\n<li>T\u00eate simple en aluminium de couleur vert.<\/li>\n<li>Pavillon de 43,5 mm de diam\u00e8tre et cloche de 30 mm.<\/li>\n<li>Lyre en laiton pour une meilleure durabilit\u00e9.<\/li>\n<li>Tubulure de 62 cm de long, diam\u00e8tre int\u00e9rieur de 4 mm et ext\u00e9rieur de 8 mm.<\/li>\n<li>Livr\u00e9 dans une bo\u00eete en carton avec un mode d&#8217;emploi en 11 langues.<\/li>\n<\/ul>\n<h2>Delivery<\/h2>\n<ul>\n<li><strong>France :<\/strong> Direct delivery.<\/li>\n<li><strong>Export (Europe and Africa) :<\/strong> Quote.<\/li>\n<\/ul>","protected":false},"excerpt":{"rendered":"<ul>\n<li>Usage : Id\u00e9al pour les professionnels de sant\u00e9 et les \u00e9tudiants en m\u00e9decine.<\/li>\n<li>B\u00e9n\u00e9fice : Conception l\u00e9g\u00e8re et fiable pour un confort d&#8217;utilisation optimal.<\/li>\n<li>Mat\u00e9riaux : Fabriqu\u00e9 sans latex, id\u00e9al pour les personnes sensibles.<\/li>\n<li>Facilit\u00e9 d&#8217;utilisation : Livr\u00e9 avec un mode d&#8217;emploi en 11 langues.<\/li>\n<\/ul>","protected":false},"featured_media":102976,"comment_status":"open","ping_status":"open","template":"","meta":{"inline_featured_image":false},"product_brand":[],"product_cat":[911,918],"product_tag":[],"class_list":{"0":"post-102975","1":"product","2":"type-product","3":"status-publish","4":"has-post-thumbnail","6":"product_cat-stetho-et-tensiometres","7":"product_cat-stethoscopes-adultes-tete-simple","9":"first","10":"outofstock","11":"sale","12":"taxable","13":"shipping-taxable","14":"purchasable","15":"product-type-simple"},"_links":{"self":[{"href":"https:\/\/nimedixmedical.com\/en\/wp-json\/wp\/v2\/product\/102975","targetHints":{"allow":["GET"]}}],"collection":[{"href":"https:\/\/nimedixmedical.com\/en\/wp-json\/wp\/v2\/product"}],"about":[{"href":"https:\/\/nimedixmedical.com\/en\/wp-json\/wp\/v2\/types\/product"}],"replies":[{"embeddable":true,"href":"https:\/\/nimedixmedical.com\/en\/wp-json\/wp\/v2\/comments?post=102975"}],"wp:featuredmedia":[{"embeddable":true,"href":"https:\/\/nimedixmedical.com\/en\/wp-json\/wp\/v2\/media\/102976"}],"wp:attachment":[{"href":"https:\/\/nimedixmedical.com\/en\/wp-json\/wp\/v2\/media?parent=102975"}],"wp:term":[{"taxonomy":"product_brand","embeddable":true,"href":"https:\/\/nimedixmedical.com\/en\/wp-json\/wp\/v2\/product_brand?post=102975"},{"taxonomy":"product_cat","embeddable":true,"href":"https:\/\/nimedixmedical.com\/en\/wp-json\/wp\/v2\/product_cat?post=102975"},{"taxonomy":"product_tag","embeddable":true,"href":"https:\/\/nimedixmedical.com\/en\/wp-json\/wp\/v2\/product_tag?post=102975"}],"curies":[{"name":"wp","href":"https:\/\/api.w.org\/{rel}","templated":true}]}}