{"id":102949,"date":"2025-11-30T19:37:59","date_gmt":"2025-11-30T18:37:59","guid":{"rendered":"https:\/\/nimedixmedical.com\/notre-catalogue\/stethoscope-obstetrical-long-bois\/"},"modified":"2026-01-12T14:58:19","modified_gmt":"2026-01-12T13:58:19","slug":"stethoscope-obstetrical-long-bois","status":"publish","type":"product","link":"https:\/\/nimedixmedical.com\/en\/our-catalog\/stethoscope-obstetrical-long-bois\/","title":{"rendered":"St\u00e9thoscope Obst\u00e9trical Long &#8211; Bois"},"content":{"rendered":"<p>Le st\u00e9thoscope obst\u00e9trical long en bois de h\u00eatre est un instrument m\u00e9dical traditionnel, essentiel pour les professionnels de sant\u00e9 lors des examens pr\u00e9nataux. Sa fabrication artisanale assure une qualit\u00e9 d&#8217;\u00e9coute optimale pour le suivi des battements cardiaques f\u0153taux.<\/p>\n<h2>Features<\/h2>\n<ul>\n<li>Mat\u00e9riau : Bois de h\u00eatre s\u00e9lectionn\u00e9 et s\u00e9ch\u00e9 pendant au moins 3 ans.<\/li>\n<li>Finition : Vernis transparent sp\u00e9cial pour une durabilit\u00e9 et une esth\u00e9tique am\u00e9lior\u00e9es.<\/li>\n<li>Longueur : 17 cm, id\u00e9al pour une manipulation ais\u00e9e.<\/li>\n<li>Fabrication : Made in Germany, gage de qualit\u00e9 et de savoir-faire.<\/li>\n<li>Bo\u00eete multilingue : Contient des informations en plusieurs langues (GB, FR, IT, ES, PT, DE, NL, PL, RO, HU, GR, Arabe).<\/li>\n<\/ul>\n<h2>Delivery<\/h2>\n<ul>\n<li><strong>France :<\/strong> Direct delivery.<\/li>\n<li><strong>Export (Europe and Africa) :<\/strong> Quote.<\/li>\n<\/ul>","protected":false},"excerpt":{"rendered":"<ul>\n<li>Usage : Outil essentiel pour les examens obst\u00e9tricaux, permettant d&#8217;\u00e9couter les battements cardiaques du f\u0153tus.<\/li>\n<li>B\u00e9n\u00e9fice : Fabrication artisanale en bois de h\u00eatre, offrant une acoustique optimale et une durabilit\u00e9 accrue.<\/li>\n<li>Design ergonomique : Longueur de 17 cm pour une prise en main confortable.<\/li>\n<li>Finition de qualit\u00e9 : Vernis transparent sp\u00e9cial pour une protection et une esth\u00e9tique sup\u00e9rieure.<\/li>\n<\/ul>","protected":false},"featured_media":102950,"comment_status":"open","ping_status":"open","template":"","meta":{"inline_featured_image":false},"product_brand":[],"product_cat":[915,911,913],"product_tag":[],"class_list":{"0":"post-102949","1":"product","2":"type-product","3":"status-publish","4":"has-post-thumbnail","6":"product_cat-pinard","7":"product_cat-stetho-et-tensiometres","8":"product_cat-stethoscopes-obstetricaux-et-pediatriques","10":"first","11":"instock","12":"sale","13":"taxable","14":"shipping-taxable","15":"purchasable","16":"product-type-simple"},"_links":{"self":[{"href":"https:\/\/nimedixmedical.com\/en\/wp-json\/wp\/v2\/product\/102949","targetHints":{"allow":["GET"]}}],"collection":[{"href":"https:\/\/nimedixmedical.com\/en\/wp-json\/wp\/v2\/product"}],"about":[{"href":"https:\/\/nimedixmedical.com\/en\/wp-json\/wp\/v2\/types\/product"}],"replies":[{"embeddable":true,"href":"https:\/\/nimedixmedical.com\/en\/wp-json\/wp\/v2\/comments?post=102949"}],"wp:featuredmedia":[{"embeddable":true,"href":"https:\/\/nimedixmedical.com\/en\/wp-json\/wp\/v2\/media\/102950"}],"wp:attachment":[{"href":"https:\/\/nimedixmedical.com\/en\/wp-json\/wp\/v2\/media?parent=102949"}],"wp:term":[{"taxonomy":"product_brand","embeddable":true,"href":"https:\/\/nimedixmedical.com\/en\/wp-json\/wp\/v2\/product_brand?post=102949"},{"taxonomy":"product_cat","embeddable":true,"href":"https:\/\/nimedixmedical.com\/en\/wp-json\/wp\/v2\/product_cat?post=102949"},{"taxonomy":"product_tag","embeddable":true,"href":"https:\/\/nimedixmedical.com\/en\/wp-json\/wp\/v2\/product_tag?post=102949"}],"curies":[{"name":"wp","href":"https:\/\/api.w.org\/{rel}","templated":true}]}}