{"id":102943,"date":"2025-11-30T19:37:59","date_gmt":"2025-11-30T18:37:59","guid":{"rendered":"https:\/\/nimedixmedical.com\/notre-catalogue\/stethoscope-neonatal-wan-rouge\/"},"modified":"2026-01-12T14:58:17","modified_gmt":"2026-01-12T13:58:17","slug":"stethoscope-neonatal-wan-rouge","status":"publish","type":"product","link":"https:\/\/nimedixmedical.com\/en\/our-catalog\/stethoscope-neonatal-wan-rouge\/","title":{"rendered":"St\u00e9thoscope N\u00e9onatal Wan &#8211; Rouge"},"content":{"rendered":"<p>Le st\u00e9thoscope n\u00e9onatal WAN en rouge est un outil essentiel pour les professionnels de sant\u00e9 travaillant avec les nourrissons. Sa conception sp\u00e9cialis\u00e9e permet une auscultation pr\u00e9cise et s\u00e9curis\u00e9e, tout en garantissant un confort optimal pour le praticien. Id\u00e9al pour une utilisation dans les services n\u00e9onatals et p\u00e9diatriques.<\/p>\n<h2>Features<\/h2>\n<ul>\n<li>T\u00eate double n\u00e9onatale, sans latex pour \u00e9viter les allergies.<\/li>\n<li>Pavillon en alliage de zinc chrom\u00e9, diam\u00e8tre de 22 mm et cloche de 19 mm.<\/li>\n<li>Longueur de la tubulure : 63 cm, facilitant l&#8217;acc\u00e8s lors des examens.<\/li>\n<li>Livr\u00e9 dans une bo\u00eete en carton avec mode d&#8217;emploi en 11 langues.<\/li>\n<\/ul>\n<h2>Delivery<\/h2>\n<ul>\n<li><strong>France :<\/strong> Direct delivery.<\/li>\n<li><strong>Export (Europe and Africa) :<\/strong> Quote.<\/li>\n<\/ul>","protected":false},"excerpt":{"rendered":"<ul>\n<li>Usage : St\u00e9thoscope n\u00e9onatal id\u00e9al pour les examens cliniques des nourrissons.<\/li>\n<li>B\u00e9n\u00e9fice : Mat\u00e9riaux sans latex garantissant la s\u00e9curit\u00e9 des patients sensibles.<\/li>\n<li>Performance : Pavillon en alliage de zinc chrom\u00e9 pour une acoustique optimale.<\/li>\n<li>Conception : Tubulure en PVC moul\u00e9 avec bague anti-froid pour un confort d&#8217;utilisation.<\/li>\n<\/ul>","protected":false},"featured_media":102944,"comment_status":"open","ping_status":"open","template":"","meta":{"inline_featured_image":false},"product_brand":[],"product_cat":[911,913,914],"product_tag":[],"class_list":{"0":"post-102943","1":"product","2":"type-product","3":"status-publish","4":"has-post-thumbnail","6":"product_cat-stetho-et-tensiometres","7":"product_cat-stethoscopes-obstetricaux-et-pediatriques","8":"product_cat-stethoscopes-pediatriques-et-neonatals","10":"first","11":"outofstock","12":"sale","13":"taxable","14":"shipping-taxable","15":"purchasable","16":"product-type-simple"},"_links":{"self":[{"href":"https:\/\/nimedixmedical.com\/en\/wp-json\/wp\/v2\/product\/102943","targetHints":{"allow":["GET"]}}],"collection":[{"href":"https:\/\/nimedixmedical.com\/en\/wp-json\/wp\/v2\/product"}],"about":[{"href":"https:\/\/nimedixmedical.com\/en\/wp-json\/wp\/v2\/types\/product"}],"replies":[{"embeddable":true,"href":"https:\/\/nimedixmedical.com\/en\/wp-json\/wp\/v2\/comments?post=102943"}],"wp:featuredmedia":[{"embeddable":true,"href":"https:\/\/nimedixmedical.com\/en\/wp-json\/wp\/v2\/media\/102944"}],"wp:attachment":[{"href":"https:\/\/nimedixmedical.com\/en\/wp-json\/wp\/v2\/media?parent=102943"}],"wp:term":[{"taxonomy":"product_brand","embeddable":true,"href":"https:\/\/nimedixmedical.com\/en\/wp-json\/wp\/v2\/product_brand?post=102943"},{"taxonomy":"product_cat","embeddable":true,"href":"https:\/\/nimedixmedical.com\/en\/wp-json\/wp\/v2\/product_cat?post=102943"},{"taxonomy":"product_tag","embeddable":true,"href":"https:\/\/nimedixmedical.com\/en\/wp-json\/wp\/v2\/product_tag?post=102943"}],"curies":[{"name":"wp","href":"https:\/\/api.w.org\/{rel}","templated":true}]}}