{"id":102919,"date":"2025-11-30T19:37:59","date_gmt":"2025-11-30T18:37:59","guid":{"rendered":"https:\/\/nimedixmedical.com\/notre-catalogue\/stethoscope-pediatrique-trad-tete-double-y-noir\/"},"modified":"2026-01-12T14:58:11","modified_gmt":"2026-01-12T13:58:11","slug":"stethoscope-pediatrique-trad-tete-double-y-noir","status":"publish","type":"product","link":"https:\/\/nimedixmedical.com\/en\/our-catalog\/stethoscope-pediatrique-trad-tete-double-y-noir\/","title":{"rendered":"St\u00e9thoscope P\u00e9diatrique Trad T\u00eate Double &#8211; Y Noir"},"content":{"rendered":"<p>Le st\u00e9thoscope p\u00e9diatrique Trad \u00e0 t\u00eate double est sp\u00e9cialement con\u00e7u pour les professionnels de sant\u00e9 qui travaillent aupr\u00e8s des enfants. Sa l\u00e9g\u00e8ret\u00e9 et sa pr\u00e9cision en font un outil indispensable pour des examens cliniques efficaces et confortables.<\/p>\n<h2>Features<\/h2>\n<ul>\n<li>T\u00eate double p\u00e9diatrique de couleur noire, adapt\u00e9e pour des auscultations pr\u00e9cises.<\/li>\n<li>Pavillon de \u00d8 35 mm et cloche de \u00d8 26,5 mm, sp\u00e9cifiquement con\u00e7us pour les enfants.<\/li>\n<li>Lyre en laiton avec bague anti-froid pour un confort optimal pendant l&#8217;utilisation.<\/li>\n<li>Tubulure de 62 cm de longueur avec un diam\u00e8tre int\u00e9rieur de 4 mm et ext\u00e9rieur de 8 mm.<\/li>\n<li>Livr\u00e9 dans une bo\u00eete en carton avec mode d&#8217;emploi en 11 langues : GB, FR, IT, ES, DE, PT, GR, PL, HU, SE, Arabe.<\/li>\n<\/ul>\n<h2>Delivery<\/h2>\n<ul>\n<li><strong>France :<\/strong> Direct delivery.<\/li>\n<li><strong>Export (Europe and Africa) :<\/strong> Quote.<\/li>\n<\/ul>","protected":false},"excerpt":{"rendered":"<ul>\n<li>Id\u00e9al pour les examens p\u00e9diatriques gr\u00e2ce \u00e0 sa t\u00eate double adapt\u00e9e aux enfants.<\/li>\n<li>Conception en aluminium l\u00e9ger, assurant un confort optimal lors de l&#8217;utilisation.<\/li>\n<li>Livr\u00e9 avec un mode d&#8217;emploi multilingue pour une utilisation facilit\u00e9e.<\/li>\n<li>Mat\u00e9riaux sans latex, r\u00e9duisant les risques d&#8217;allergies.<\/li>\n<\/ul>","protected":false},"featured_media":102920,"comment_status":"open","ping_status":"open","template":"","meta":{"inline_featured_image":false},"product_brand":[],"product_cat":[911,913,914],"product_tag":[],"class_list":{"0":"post-102919","1":"product","2":"type-product","3":"status-publish","4":"has-post-thumbnail","6":"product_cat-stetho-et-tensiometres","7":"product_cat-stethoscopes-obstetricaux-et-pediatriques","8":"product_cat-stethoscopes-pediatriques-et-neonatals","10":"first","11":"instock","12":"sale","13":"taxable","14":"shipping-taxable","15":"purchasable","16":"product-type-simple"},"_links":{"self":[{"href":"https:\/\/nimedixmedical.com\/en\/wp-json\/wp\/v2\/product\/102919","targetHints":{"allow":["GET"]}}],"collection":[{"href":"https:\/\/nimedixmedical.com\/en\/wp-json\/wp\/v2\/product"}],"about":[{"href":"https:\/\/nimedixmedical.com\/en\/wp-json\/wp\/v2\/types\/product"}],"replies":[{"embeddable":true,"href":"https:\/\/nimedixmedical.com\/en\/wp-json\/wp\/v2\/comments?post=102919"}],"wp:featuredmedia":[{"embeddable":true,"href":"https:\/\/nimedixmedical.com\/en\/wp-json\/wp\/v2\/media\/102920"}],"wp:attachment":[{"href":"https:\/\/nimedixmedical.com\/en\/wp-json\/wp\/v2\/media?parent=102919"}],"wp:term":[{"taxonomy":"product_brand","embeddable":true,"href":"https:\/\/nimedixmedical.com\/en\/wp-json\/wp\/v2\/product_brand?post=102919"},{"taxonomy":"product_cat","embeddable":true,"href":"https:\/\/nimedixmedical.com\/en\/wp-json\/wp\/v2\/product_cat?post=102919"},{"taxonomy":"product_tag","embeddable":true,"href":"https:\/\/nimedixmedical.com\/en\/wp-json\/wp\/v2\/product_tag?post=102919"}],"curies":[{"name":"wp","href":"https:\/\/api.w.org\/{rel}","templated":true}]}}