{"id":102755,"date":"2025-11-30T19:35:40","date_gmt":"2025-11-30T18:35:40","guid":{"rendered":"https:\/\/nimedixmedical.com\/notre-catalogue\/filtre-anti-bacterien-embout-buccal-pour-customed-jaeger\/"},"modified":"2026-01-12T14:57:33","modified_gmt":"2026-01-12T13:57:33","slug":"filtre-anti-bacterien-embout-buccal-pour-customed-jaeger","status":"publish","type":"product","link":"https:\/\/nimedixmedical.com\/en\/our-catalog\/filtre-anti-bacterien-embout-buccal-pour-customed-jaeger\/","title":{"rendered":"Filtre Anti-bact\u00e9rien &#8211; Embout Buccal pour Customed, Jaeger"},"content":{"rendered":"<p>Le filtre anti-bact\u00e9rien avec embout buccal est con\u00e7u pour une utilisation avec les spirom\u00e8tres Customed et Jaeger. Ce dispositif essentiel assure la protection contre les contaminations lors des tests respiratoires en milieu m\u00e9dical.<\/p>\n<h2>Features<\/h2>\n<ul>\n<li>Mesure interne: \u00d8 2,95 cm<\/li>\n<li>Mesure externe: \u00d8 3,4 cm<\/li>\n<li>Usage unique pour une s\u00e9curit\u00e9 accrue<\/li>\n<li>Forme anatomique pour un confort optimal lors de l&#8217;utilisation<\/li>\n<li>Made in Italy with high quality standards<\/li>\n<li>Individually packaged in a transparent pouch<\/li>\n<\/ul>\n<h2>Delivery<\/h2>\n<ul>\n<li><strong>France :<\/strong> Direct delivery.<\/li>\n<li><strong>Export (Europe and Africa) :<\/strong> Quote.<\/li>\n<\/ul>","protected":false},"excerpt":{"rendered":"<ul>\n<li>Filtre \u00e0 usage unique pour une hygi\u00e8ne optimale.<\/li>\n<li>Pr\u00e9vention des contaminations bact\u00e9riennes et virales.<\/li>\n<li>Compatible avec les spirom\u00e8tres Customed et Jaeger.<\/li>\n<li>Conditionnement individuel pour une utilisation pratique.<\/li>\n<\/ul>","protected":false},"featured_media":102756,"comment_status":"open","ping_status":"open","template":"","meta":{"inline_featured_image":false},"product_brand":[],"product_cat":[908,902,909],"product_tag":[],"class_list":{"0":"post-102755","1":"product","2":"type-product","3":"status-publish","4":"has-post-thumbnail","6":"product_cat-accessoires-pour-spirometres","7":"product_cat-audiometrie-et-spirometrie","8":"product_cat-embouts-buccaux-papier-filtre-et-pince-nez-pour-spirometres","10":"first","11":"instock","12":"sale","13":"taxable","14":"shipping-taxable","15":"purchasable","16":"product-type-simple"},"_links":{"self":[{"href":"https:\/\/nimedixmedical.com\/en\/wp-json\/wp\/v2\/product\/102755","targetHints":{"allow":["GET"]}}],"collection":[{"href":"https:\/\/nimedixmedical.com\/en\/wp-json\/wp\/v2\/product"}],"about":[{"href":"https:\/\/nimedixmedical.com\/en\/wp-json\/wp\/v2\/types\/product"}],"replies":[{"embeddable":true,"href":"https:\/\/nimedixmedical.com\/en\/wp-json\/wp\/v2\/comments?post=102755"}],"wp:featuredmedia":[{"embeddable":true,"href":"https:\/\/nimedixmedical.com\/en\/wp-json\/wp\/v2\/media\/102756"}],"wp:attachment":[{"href":"https:\/\/nimedixmedical.com\/en\/wp-json\/wp\/v2\/media?parent=102755"}],"wp:term":[{"taxonomy":"product_brand","embeddable":true,"href":"https:\/\/nimedixmedical.com\/en\/wp-json\/wp\/v2\/product_brand?post=102755"},{"taxonomy":"product_cat","embeddable":true,"href":"https:\/\/nimedixmedical.com\/en\/wp-json\/wp\/v2\/product_cat?post=102755"},{"taxonomy":"product_tag","embeddable":true,"href":"https:\/\/nimedixmedical.com\/en\/wp-json\/wp\/v2\/product_tag?post=102755"}],"curies":[{"name":"wp","href":"https:\/\/api.w.org\/{rel}","templated":true}]}}