{"id":102713,"date":"2025-11-30T19:35:11","date_gmt":"2025-11-30T18:35:11","guid":{"rendered":"https:\/\/nimedixmedical.com\/notre-catalogue\/audiometre-depistage-piccolo-basic-aerien-masquage\/"},"modified":"2026-02-14T19:37:04","modified_gmt":"2026-02-14T18:37:04","slug":"audiometre-depistage-piccolo-basic-aerien-masquage","status":"publish","type":"product","link":"https:\/\/nimedixmedical.com\/en\/our-catalog\/audiometre-depistage-piccolo-basic-aerien-masquage\/","title":{"rendered":"Audiom\u00e8tre D\u00e9pistage Piccolo Basic &#8211; A\u00e9rien + Masquage"},"content":{"rendered":"<p>Le d\u00e9pistage auditif est essentiel pour identifier les troubles de l&#8217;audition. L&#8217;audiom\u00e8tre Piccolo Basic offre une solution efficace pour les professionnels de la sant\u00e9, permettant un d\u00e9pistage rapide et fiable gr\u00e2ce \u00e0 ses fonctionnalit\u00e9s avanc\u00e9es et sa connectivit\u00e9 simple avec un PC.<\/p>\n<h2>Features<\/h2>\n<ul>\n<li>Type de dispositif : Audiom\u00e8tre contr\u00f4l\u00e9 par PC.<\/li>\n<li>Compatibilit\u00e9 : Logiciel Maestro, compatible avec Windows 7, 8, 10.<\/li>\n<li>Dimensions : 16x16x3 cm, poids de 300 g.<\/li>\n<li>Plage de fr\u00e9quence : 125 &#8211; 8 000 Hz avec intensit\u00e9 max de -10 \u00e0 120 dB HL.<\/li>\n<li>Fonctionnalit\u00e9s : Ton wobul\u00e9, ton puls\u00e9, audiom\u00e9trie automatique et masquage NBN.<\/li>\n<li>Alimentation : Via USB lors de la connexion au PC.<\/li>\n<\/ul>\n<h2>Delivery<\/h2>\n<ul>\n<li><strong>France :<\/strong> Direct delivery.<\/li>\n<li><strong>Export (Europe and Africa) :<\/strong> Quote.<\/li>\n<\/ul>","protected":false},"excerpt":{"rendered":"<ul>\n<li>Usage : Audiom\u00e8tre portable pour d\u00e9pistage de l&#8217;audition, contr\u00f4l\u00e9 par PC.<\/li>\n<li>B\u00e9n\u00e9fice : L\u00e9ger et compact, id\u00e9al pour les professionnels du secteur m\u00e9dical.<\/li>\n<li>Fonctionnalit\u00e9s : Audiom\u00e9trie a\u00e9rienne et osseuse avec masquage NBN int\u00e9gr\u00e9.<\/li>\n<li>Compatibilit\u00e9 : Fonctionne avec Windows 7, 8, 10 et facile \u00e0 utiliser gr\u00e2ce au logiciel Maestro.<\/li>\n<\/ul>","protected":false},"featured_media":102714,"comment_status":"open","ping_status":"closed","template":"","meta":{"inline_featured_image":false},"product_brand":[],"product_cat":[907,902],"product_tag":[],"class_list":{"0":"post-102713","1":"product","2":"type-product","3":"status-publish","4":"has-post-thumbnail","6":"product_cat-audiometres","7":"product_cat-audiometrie-et-spirometrie","9":"first","10":"instock","11":"sale","12":"taxable","13":"shipping-taxable","14":"purchasable","15":"product-type-simple"},"_links":{"self":[{"href":"https:\/\/nimedixmedical.com\/en\/wp-json\/wp\/v2\/product\/102713","targetHints":{"allow":["GET"]}}],"collection":[{"href":"https:\/\/nimedixmedical.com\/en\/wp-json\/wp\/v2\/product"}],"about":[{"href":"https:\/\/nimedixmedical.com\/en\/wp-json\/wp\/v2\/types\/product"}],"replies":[{"embeddable":true,"href":"https:\/\/nimedixmedical.com\/en\/wp-json\/wp\/v2\/comments?post=102713"}],"wp:featuredmedia":[{"embeddable":true,"href":"https:\/\/nimedixmedical.com\/en\/wp-json\/wp\/v2\/media\/102714"}],"wp:attachment":[{"href":"https:\/\/nimedixmedical.com\/en\/wp-json\/wp\/v2\/media?parent=102713"}],"wp:term":[{"taxonomy":"product_brand","embeddable":true,"href":"https:\/\/nimedixmedical.com\/en\/wp-json\/wp\/v2\/product_brand?post=102713"},{"taxonomy":"product_cat","embeddable":true,"href":"https:\/\/nimedixmedical.com\/en\/wp-json\/wp\/v2\/product_cat?post=102713"},{"taxonomy":"product_tag","embeddable":true,"href":"https:\/\/nimedixmedical.com\/en\/wp-json\/wp\/v2\/product_tag?post=102713"}],"curies":[{"name":"wp","href":"https:\/\/api.w.org\/{rel}","templated":true}]}}