{"id":102706,"date":"2025-11-30T19:35:11","date_gmt":"2025-11-30T18:35:11","guid":{"rendered":"https:\/\/nimedixmedical.com\/notre-catalogue\/dispositif-disolation-pour-ecouteurs-a-conduction-aerienne\/"},"modified":"2026-01-12T14:57:16","modified_gmt":"2026-01-12T13:57:16","slug":"dispositif-disolation-pour-ecouteurs-a-conduction-aerienne","status":"publish","type":"product","link":"https:\/\/nimedixmedical.com\/en\/our-catalog\/dispositif-disolation-pour-ecouteurs-a-conduction-aerienne\/","title":{"rendered":"Dispositif D&#8217;isolation pour \u00c9couteurs \u00e0 Conduction A\u00e9rienne"},"content":{"rendered":"<p>Le dispositif d&#8217;isolation pour \u00e9couteurs \u00e0 conduction a\u00e9rienne est essentiel pour les professionnels de l&#8217;audiom\u00e9trie. Il permet de garantir des r\u00e9sultats pr\u00e9cis lors des tests auditifs en minimisant les bruits ambiants. Sa compatibilit\u00e9 avec les mod\u00e8les TDH39 et DD45 en fait un choix adapt\u00e9 pour les environnements m\u00e9dicaux.<\/p>\n<h2>Features<\/h2>\n<ul>\n<li>Con\u00e7u pour une utilisation avec \u00e9couteurs \u00e0 conduction a\u00e9rienne<\/li>\n<li>Compatible uniquement avec les \u00e9couteurs TDH39 et DD45<\/li>\n<li>Facile \u00e0 installer, avec un design ergonomique<\/li>\n<li>R\u00e9duction des interf\u00e9rences sonores pour des tests plus fiables<\/li>\n<\/ul>\n<h2>Delivery<\/h2>\n<ul>\n<li><strong>France :<\/strong> Direct delivery.<\/li>\n<li><strong>Export (Europe and Africa) :<\/strong> Quote.<\/li>\n<\/ul>","protected":false},"excerpt":{"rendered":"<ul>\n<li>Dispositif d&#8217;isolation pour une utilisation avec \u00e9couteurs \u00e0 conduction a\u00e9rienne<\/li>\n<li>Compatible avec les mod\u00e8les TDH39 et DD45 pour un ajustement parfait<\/li>\n<li>Am\u00e9liore la pr\u00e9cision des tests audiom\u00e9triques en r\u00e9duisant les interf\u00e9rences sonores<\/li>\n<li>Facile \u00e0 installer et \u00e0 utiliser, id\u00e9al pour les professionnels de la sant\u00e9<\/li>\n<\/ul>","protected":false},"featured_media":102707,"comment_status":"open","ping_status":"open","template":"","meta":{"inline_featured_image":false},"product_brand":[],"product_cat":[907,902],"product_tag":[],"class_list":{"0":"post-102706","1":"product","2":"type-product","3":"status-publish","4":"has-post-thumbnail","6":"product_cat-audiometres","7":"product_cat-audiometrie-et-spirometrie","9":"first","10":"instock","11":"sale","12":"taxable","13":"shipping-taxable","14":"purchasable","15":"product-type-simple"},"_links":{"self":[{"href":"https:\/\/nimedixmedical.com\/en\/wp-json\/wp\/v2\/product\/102706","targetHints":{"allow":["GET"]}}],"collection":[{"href":"https:\/\/nimedixmedical.com\/en\/wp-json\/wp\/v2\/product"}],"about":[{"href":"https:\/\/nimedixmedical.com\/en\/wp-json\/wp\/v2\/types\/product"}],"replies":[{"embeddable":true,"href":"https:\/\/nimedixmedical.com\/en\/wp-json\/wp\/v2\/comments?post=102706"}],"wp:featuredmedia":[{"embeddable":true,"href":"https:\/\/nimedixmedical.com\/en\/wp-json\/wp\/v2\/media\/102707"}],"wp:attachment":[{"href":"https:\/\/nimedixmedical.com\/en\/wp-json\/wp\/v2\/media?parent=102706"}],"wp:term":[{"taxonomy":"product_brand","embeddable":true,"href":"https:\/\/nimedixmedical.com\/en\/wp-json\/wp\/v2\/product_brand?post=102706"},{"taxonomy":"product_cat","embeddable":true,"href":"https:\/\/nimedixmedical.com\/en\/wp-json\/wp\/v2\/product_cat?post=102706"},{"taxonomy":"product_tag","embeddable":true,"href":"https:\/\/nimedixmedical.com\/en\/wp-json\/wp\/v2\/product_tag?post=102706"}],"curies":[{"name":"wp","href":"https:\/\/api.w.org\/{rel}","templated":true}]}}