{"id":102691,"date":"2025-11-30T19:35:11","date_gmt":"2025-11-30T18:35:11","guid":{"rendered":"https:\/\/nimedixmedical.com\/notre-catalogue\/tympanometre-portable-mt10\/"},"modified":"2026-01-12T14:57:10","modified_gmt":"2026-01-12T13:57:10","slug":"tympanometre-portable-mt10","status":"publish","type":"product","link":"https:\/\/nimedixmedical.com\/en\/our-catalog\/tympanometre-portable-mt10\/","title":{"rendered":"Portable Tympanometer Mt10"},"content":{"rendered":"<p>Le tympanom\u00e8tre portable MT10 est un dispositif m\u00e9dical de pointe con\u00e7u pour r\u00e9aliser des tests auditifs de mani\u00e8re rapide et pr\u00e9cise. Adapt\u00e9 aux situations cliniques n\u00e9cessitant une analyse objective, il se r\u00e9v\u00e8le particuli\u00e8rement utile dans le cadre de l&#8217;audiom\u00e9trie, notamment pour les jeunes patients et ceux pr\u00e9sentant des difficult\u00e9s de coop\u00e9ration.<\/p>\n<h2>Features<\/h2>\n<ul>\n<li>Dimensions: 19 x 8 x 4 cm (22,5 cm avec sonde); Poids: 285 g sans batterie.<\/li>\n<li>Analyse tympanom\u00e9trique: pic de compliance, pic de pression, gradient, volume du conduit auditif.<\/li>\n<li>Capteur tonalit\u00e9: 226 Hz; Niveaux de pression: +200 daPa \u00e0 -400 daPa.<\/li>\n<li>M\u00e9moire: Enregistrements de 30 patients avec d\u00e9tails et graphiques.<\/li>\n<li>Interface de transfert de donn\u00e9es: Infra-rouge, connexion vers PC.<\/li>\n<li>Normes de s\u00e9curit\u00e9: IEC 60601-1 et IEC 60601-1-2.<\/li>\n<li>Dur\u00e9e de vie batterie: Environ 400 tests avec piles alcalines AA.<\/li>\n<\/ul>\n<h2>Delivery<\/h2>\n<ul>\n<li><strong>France :<\/strong> Direct delivery.<\/li>\n<li><strong>Export (Europe and Africa) :<\/strong> Quote.<\/li>\n<\/ul>","protected":false},"excerpt":{"rendered":"<ul>\n<li>Usage: Tympanom\u00e8tre portable pour des tests auditifs rapides et pr\u00e9cis.<\/li>\n<li>B\u00e9n\u00e9fice: M\u00e9morisation de 30 patients pour un suivi efficace.<\/li>\n<li>Facilit\u00e9 d&#8217;utilisation: R\u00e9sultats obtenus sans intervention du patient, id\u00e9al pour les jeunes enfants.<\/li>\n<li>Int\u00e9gration PC: Transfert de donn\u00e9es facile gr\u00e2ce \u00e0 l&#8217;interface USB.<\/li>\n<\/ul>","protected":false},"featured_media":102690,"comment_status":"open","ping_status":"open","template":"","meta":{"inline_featured_image":false},"product_brand":[],"product_cat":[907,902],"product_tag":[],"class_list":{"0":"post-102691","1":"product","2":"type-product","3":"status-publish","4":"has-post-thumbnail","6":"product_cat-audiometres","7":"product_cat-audiometrie-et-spirometrie","9":"first","10":"instock","11":"sale","12":"taxable","13":"shipping-taxable","14":"purchasable","15":"product-type-simple"},"_links":{"self":[{"href":"https:\/\/nimedixmedical.com\/en\/wp-json\/wp\/v2\/product\/102691","targetHints":{"allow":["GET"]}}],"collection":[{"href":"https:\/\/nimedixmedical.com\/en\/wp-json\/wp\/v2\/product"}],"about":[{"href":"https:\/\/nimedixmedical.com\/en\/wp-json\/wp\/v2\/types\/product"}],"replies":[{"embeddable":true,"href":"https:\/\/nimedixmedical.com\/en\/wp-json\/wp\/v2\/comments?post=102691"}],"wp:featuredmedia":[{"embeddable":true,"href":"https:\/\/nimedixmedical.com\/en\/wp-json\/wp\/v2\/media\/102690"}],"wp:attachment":[{"href":"https:\/\/nimedixmedical.com\/en\/wp-json\/wp\/v2\/media?parent=102691"}],"wp:term":[{"taxonomy":"product_brand","embeddable":true,"href":"https:\/\/nimedixmedical.com\/en\/wp-json\/wp\/v2\/product_brand?post=102691"},{"taxonomy":"product_cat","embeddable":true,"href":"https:\/\/nimedixmedical.com\/en\/wp-json\/wp\/v2\/product_cat?post=102691"},{"taxonomy":"product_tag","embeddable":true,"href":"https:\/\/nimedixmedical.com\/en\/wp-json\/wp\/v2\/product_tag?post=102691"}],"curies":[{"name":"wp","href":"https:\/\/api.w.org\/{rel}","templated":true}]}}