{"id":102578,"date":"2025-11-30T19:33:16","date_gmt":"2025-11-30T18:33:16","guid":{"rendered":"https:\/\/nimedixmedical.com\/notre-catalogue\/entretoise-pour-aerosol-175-ml-masque-pour-bebes-0-18-mois\/"},"modified":"2026-01-12T14:56:26","modified_gmt":"2026-01-12T13:56:26","slug":"entretoise-pour-aerosol-175-ml-masque-pour-bebes-0-18-mois","status":"publish","type":"product","link":"https:\/\/nimedixmedical.com\/en\/our-catalog\/entretoise-pour-aerosol-175-ml-masque-pour-bebes-0-18-mois\/","title":{"rendered":"Entretoise pour A\u00e9rosol 175 mL &#8211; Masque pour B\u00e9b\u00e9s (0-18 Mois)"},"content":{"rendered":"<p>This spacer for aerosol to 175 ml is specially designed for babies from 0 to 18 months. It facilitates the inhalation of drugs for respiratory diseases, including asthma, improving the effectiveness of the treatment.<\/p>\n<h2>Features<\/h2>\n<ul>\n<li>Dimensions : 52 x 131 mm.<\/li>\n<li>Inhalation chamber emi for better performance.<\/li>\n<li>Recommended use for single patient use, non-sterile.<\/li>\n<li>Multilingual Instructions : available in GB, FR, IT, ES, PT, DE, GR, IS.<\/li>\n<\/ul>\n<h2>Delivery<\/h2>\n<ul>\n<li><strong>France :<\/strong> Direct delivery.<\/li>\n<li><strong>Export (Europe and Africa) :<\/strong> Quote.<\/li>\n<\/ul>","protected":false},"excerpt":{"rendered":"<ul>\n<li>Designed for babies from 0 to 18 months, facilitating the administration of medication for asthma.<\/li>\n<li>Inhalation chamber anti-static, portable, and simple to use.<\/li>\n<li>Allows an inhalation efficient, reducing the waste of medicine.<\/li>\n<li>Use for a single patient, ensuring maximum hygiene.<\/li>\n<\/ul>","protected":false},"featured_media":102579,"comment_status":"open","ping_status":"open","template":"","meta":{"inline_featured_image":false},"product_brand":[],"product_cat":[902,904],"product_tag":[],"class_list":{"0":"post-102578","1":"product","2":"type-product","3":"status-publish","4":"has-post-thumbnail","6":"product_cat-audiometrie-et-spirometrie","7":"product_cat-debitmetres-de-pointe-asthme","9":"first","10":"instock","11":"sale","12":"taxable","13":"shipping-taxable","14":"purchasable","15":"product-type-simple"},"_links":{"self":[{"href":"https:\/\/nimedixmedical.com\/en\/wp-json\/wp\/v2\/product\/102578","targetHints":{"allow":["GET"]}}],"collection":[{"href":"https:\/\/nimedixmedical.com\/en\/wp-json\/wp\/v2\/product"}],"about":[{"href":"https:\/\/nimedixmedical.com\/en\/wp-json\/wp\/v2\/types\/product"}],"replies":[{"embeddable":true,"href":"https:\/\/nimedixmedical.com\/en\/wp-json\/wp\/v2\/comments?post=102578"}],"wp:featuredmedia":[{"embeddable":true,"href":"https:\/\/nimedixmedical.com\/en\/wp-json\/wp\/v2\/media\/102579"}],"wp:attachment":[{"href":"https:\/\/nimedixmedical.com\/en\/wp-json\/wp\/v2\/media?parent=102578"}],"wp:term":[{"taxonomy":"product_brand","embeddable":true,"href":"https:\/\/nimedixmedical.com\/en\/wp-json\/wp\/v2\/product_brand?post=102578"},{"taxonomy":"product_cat","embeddable":true,"href":"https:\/\/nimedixmedical.com\/en\/wp-json\/wp\/v2\/product_cat?post=102578"},{"taxonomy":"product_tag","embeddable":true,"href":"https:\/\/nimedixmedical.com\/en\/wp-json\/wp\/v2\/product_tag?post=102578"}],"curies":[{"name":"wp","href":"https:\/\/api.w.org\/{rel}","templated":true}]}}