{"id":101901,"date":"2025-11-30T19:25:50","date_gmt":"2025-11-30T18:25:50","guid":{"rendered":"https:\/\/nimedixmedical.com\/notre-catalogue\/gel-de-cavitation-konix-cubitainer-5-l\/"},"modified":"2026-01-12T14:53:44","modified_gmt":"2026-01-12T13:53:44","slug":"cavitation-gel-konix-cubitainer-5-l","status":"publish","type":"product","link":"https:\/\/nimedixmedical.com\/en\/our-catalog\/cavitation-gel-konix-cubitainer-5-l\/","title":{"rendered":"Konix Cavitation Gel - Cubitainer 5 L"},"content":{"rendered":"<p>Le Gel de Cavitation Konix est un produit con\u00e7u pour optimiser les traitements esth\u00e9tiques par laser et cavitation. Sa formule innovante garantit un confort maximal tout en prot\u00e9geant les \u00e9quipements utilis\u00e9s lors des s\u00e9ances.<\/p>\n<h2>Features<\/h2>\n<ul>\n<li>Volume : 5 litres en cubitainer.<\/li>\n<li>Bo\u00eete de 2 contenant 1 bouteille vide de 250 ml et 1 bec \u00e0 recharge.<\/li>\n<li>Propri\u00e9t\u00e9s : hypoallerg\u00e9nique, hydrosoluble, sans substances huileuses, formald\u00e9hyde ou sel.<\/li>\n<li>Facilement nettoyable et inodore.<\/li>\n<\/ul>\n<h2>Delivery<\/h2>\n<ul>\n<li><strong>France :<\/strong> Direct delivery.<\/li>\n<li><strong>Export (Europe and Africa) :<\/strong> Quote.<\/li>\n<\/ul>","protected":false},"excerpt":{"rendered":"<ul>\n<li>Gel cosm\u00e9tique pour laser et cavitation.<\/li>\n<li>Calme la douleur lors de l\u2019\u00e9pilation.<\/li>\n<li>Prolonge la dur\u00e9e de vie des dispositifs en refroidissant la t\u00eate et le verre.<\/li>\n<li>Hypoallerg\u00e9nique et n\u2019irrite pas la peau.<\/li>\n<\/ul>","protected":false},"featured_media":101902,"comment_status":"open","ping_status":"open","template":"","meta":{"inline_featured_image":false},"product_brand":[],"product_cat":[866,875,880],"product_tag":[],"class_list":{"0":"post-101901","1":"product","2":"type-product","3":"status-publish","4":"has-post-thumbnail","6":"product_cat-ecg-moniteurs-et-ultrasons","7":"product_cat-gel","8":"product_cat-gel-cosmetique","10":"first","11":"outofstock","12":"sale","13":"taxable","14":"shipping-taxable","15":"purchasable","16":"product-type-simple"},"_links":{"self":[{"href":"https:\/\/nimedixmedical.com\/en\/wp-json\/wp\/v2\/product\/101901","targetHints":{"allow":["GET"]}}],"collection":[{"href":"https:\/\/nimedixmedical.com\/en\/wp-json\/wp\/v2\/product"}],"about":[{"href":"https:\/\/nimedixmedical.com\/en\/wp-json\/wp\/v2\/types\/product"}],"replies":[{"embeddable":true,"href":"https:\/\/nimedixmedical.com\/en\/wp-json\/wp\/v2\/comments?post=101901"}],"wp:featuredmedia":[{"embeddable":true,"href":"https:\/\/nimedixmedical.com\/en\/wp-json\/wp\/v2\/media\/101902"}],"wp:attachment":[{"href":"https:\/\/nimedixmedical.com\/en\/wp-json\/wp\/v2\/media?parent=101901"}],"wp:term":[{"taxonomy":"product_brand","embeddable":true,"href":"https:\/\/nimedixmedical.com\/en\/wp-json\/wp\/v2\/product_brand?post=101901"},{"taxonomy":"product_cat","embeddable":true,"href":"https:\/\/nimedixmedical.com\/en\/wp-json\/wp\/v2\/product_cat?post=101901"},{"taxonomy":"product_tag","embeddable":true,"href":"https:\/\/nimedixmedical.com\/en\/wp-json\/wp\/v2\/product_tag?post=101901"}],"curies":[{"name":"wp","href":"https:\/\/api.w.org\/{rel}","templated":true}]}}