{"id":101626,"date":"2025-11-30T19:22:55","date_gmt":"2025-11-30T18:22:55","guid":{"rendered":"https:\/\/nimedixmedical.com\/notre-catalogue\/set-de-4-ceintures-de-securite-avec-crochet-polyester-4-couleurs-bout-a-crochet-boucle-en-metal-disponible-en-septembre-2024\/"},"modified":"2026-01-12T14:52:31","modified_gmt":"2026-01-12T13:52:31","slug":"set-de-4-ceintures-de-securite-avec-crochet-polyester-4-couleurs-bout-a-crochet-boucle-en-metal-disponible-en-septembre-2024","status":"publish","type":"product","link":"https:\/\/nimedixmedical.com\/en\/our-catalog\/set-de-4-ceintures-de-securite-avec-crochet-polyester-4-couleurs-bout-a-crochet-boucle-en-metal-disponible-en-septembre-2024\/","title":{"rendered":"Set de 4 Ceintures de S\u00e9curit\u00e9 avec Crochet &#8211; Polyester 4 Couleurs &#8211; Bout \u00e0 Crochet, Boucle en M\u00e9tal Disponible en Septembre 2024"},"content":{"rendered":"<p>This set of 4 seat belts is essential to guarantee the immobilization of the patients on stretchers and boards in the back. Crafted of polyester, it ensures enhanced security during emergency response.<\/p>\n<h2>Features<\/h2>\n<ul>\n<li>Type : Set of 4 seat belts<\/li>\n<li>Color : Mixed<\/li>\n<li>Dimensions : Width: 4.8 cm, Length 150+30 cm (belt in two parts)<\/li>\n<li>Material : Polyester<\/li>\n<li>Buckle : metal Buckle with end-to-end hook<\/li>\n<li>Compatibility : Stretchers pE and boards dorsal<\/li>\n<li>Operating instructions multi-lingual : Available in several languages, including French<\/li>\n<\/ul>\n<h2>Delivery<\/h2>\n<ul>\n<li><strong>France :<\/strong> Direct delivery.<\/li>\n<li><strong>Export (Europe and Africa) :<\/strong> Quote.<\/li>\n<\/ul>","protected":false},"excerpt":{"rendered":"<ul>\n<li>Set of 4 seat belts for a capital efficient on stretchers and boards in the back.<\/li>\n<li>Material durable polyester provides optimal resistance.<\/li>\n<li>Ease of use thanks to the metal loop and the end-to-end hook.<\/li>\n<li>Compatible with various medical equipment, enhancing the safety during transport.<\/li>\n<\/ul>","protected":false},"featured_media":101627,"comment_status":"open","ping_status":"open","template":"","meta":{"inline_featured_image":false},"product_brand":[],"product_cat":[863,865,784],"product_tag":[],"class_list":{"0":"post-101626","1":"product","2":"type-product","3":"status-publish","4":"has-post-thumbnail","6":"product_cat-accessoires-pour-brancards","7":"product_cat-ceintures-dimmobilisation","8":"product_cat-urgences-premiers-secours","10":"first","11":"instock","12":"sale","13":"taxable","14":"shipping-taxable","15":"purchasable","16":"product-type-simple"},"_links":{"self":[{"href":"https:\/\/nimedixmedical.com\/en\/wp-json\/wp\/v2\/product\/101626","targetHints":{"allow":["GET"]}}],"collection":[{"href":"https:\/\/nimedixmedical.com\/en\/wp-json\/wp\/v2\/product"}],"about":[{"href":"https:\/\/nimedixmedical.com\/en\/wp-json\/wp\/v2\/types\/product"}],"replies":[{"embeddable":true,"href":"https:\/\/nimedixmedical.com\/en\/wp-json\/wp\/v2\/comments?post=101626"}],"wp:featuredmedia":[{"embeddable":true,"href":"https:\/\/nimedixmedical.com\/en\/wp-json\/wp\/v2\/media\/101627"}],"wp:attachment":[{"href":"https:\/\/nimedixmedical.com\/en\/wp-json\/wp\/v2\/media?parent=101626"}],"wp:term":[{"taxonomy":"product_brand","embeddable":true,"href":"https:\/\/nimedixmedical.com\/en\/wp-json\/wp\/v2\/product_brand?post=101626"},{"taxonomy":"product_cat","embeddable":true,"href":"https:\/\/nimedixmedical.com\/en\/wp-json\/wp\/v2\/product_cat?post=101626"},{"taxonomy":"product_tag","embeddable":true,"href":"https:\/\/nimedixmedical.com\/en\/wp-json\/wp\/v2\/product_tag?post=101626"}],"curies":[{"name":"wp","href":"https:\/\/api.w.org\/{rel}","templated":true}]}}