{"id":100900,"date":"2025-11-30T19:14:12","date_gmt":"2025-11-30T18:14:12","guid":{"rendered":"https:\/\/nimedixmedical.com\/notre-catalogue\/masque-facial-ambu-bebe-n-0a-nouveau-ne-bleu\/"},"modified":"2026-01-12T14:49:09","modified_gmt":"2026-01-12T13:49:09","slug":"masque-facial-ambu-bebe-n-0a-nouveau-ne-bleu","status":"publish","type":"product","link":"https:\/\/nimedixmedical.com\/en\/our-catalog\/masque-facial-ambu-bebe-n-0a-nouveau-ne-bleu\/","title":{"rendered":"Masque Facial Ambu B\u00e9b\u00e9 N.0a &#8211; Nouveau-n\u00e9 Bleu"},"content":{"rendered":"<p>The facial mask Ambu Baby no. 0A is specially designed for newborn babies and premature infants. Its design silicone latex-free guarantees optimum safety during medical interventions, while providing effective ventilation and reliable.<\/p>\n<h2>Features<\/h2>\n<ul>\n<li>Mask silicone autogonflable, latex-free.<\/li>\n<li>Designed for newborns\/premature, blue color.<\/li>\n<li>Code Ambu : 000313000.<\/li>\n<li>Pressure of the flange adjustable for a snug-tight.<\/li>\n<li>Notch for the thumb for easy grip.<\/li>\n<li>Transparent dome for visual check of vital functions.<\/li>\n<li>Autoclavable at 134 \u00b0C for sterilization safe.<\/li>\n<\/ul>\n<h2>Delivery<\/h2>\n<ul>\n<li><strong>France :<\/strong> Direct delivery.<\/li>\n<li><strong>Export (Europe and Africa) :<\/strong> Quote.<\/li>\n<\/ul>","protected":false},"excerpt":{"rendered":"<ul>\n<li>Use : face Mask suitable for newborns and preterm infants for efficient ventilation.<\/li>\n<li>Benefit : Autogonflable with pressure setting for an optimal seal.<\/li>\n<li>Ease of use : Notch for the thumb for better grip.<\/li>\n<li>Visual inspection : transparent Dome to monitor vital signs.<\/li>\n<\/ul>","protected":false},"featured_media":100901,"comment_status":"open","ping_status":"open","template":"","meta":{"inline_featured_image":false},"product_brand":[],"product_cat":[843,784],"product_tag":[],"class_list":{"0":"post-100900","1":"product","2":"type-product","3":"status-publish","4":"has-post-thumbnail","6":"product_cat-ballons-insufflateurs-et-masques-de-reanimation-ambu","7":"product_cat-urgences-premiers-secours","9":"first","10":"instock","11":"sale","12":"taxable","13":"shipping-taxable","14":"purchasable","15":"product-type-simple"},"_links":{"self":[{"href":"https:\/\/nimedixmedical.com\/en\/wp-json\/wp\/v2\/product\/100900","targetHints":{"allow":["GET"]}}],"collection":[{"href":"https:\/\/nimedixmedical.com\/en\/wp-json\/wp\/v2\/product"}],"about":[{"href":"https:\/\/nimedixmedical.com\/en\/wp-json\/wp\/v2\/types\/product"}],"replies":[{"embeddable":true,"href":"https:\/\/nimedixmedical.com\/en\/wp-json\/wp\/v2\/comments?post=100900"}],"wp:featuredmedia":[{"embeddable":true,"href":"https:\/\/nimedixmedical.com\/en\/wp-json\/wp\/v2\/media\/100901"}],"wp:attachment":[{"href":"https:\/\/nimedixmedical.com\/en\/wp-json\/wp\/v2\/media?parent=100900"}],"wp:term":[{"taxonomy":"product_brand","embeddable":true,"href":"https:\/\/nimedixmedical.com\/en\/wp-json\/wp\/v2\/product_brand?post=100900"},{"taxonomy":"product_cat","embeddable":true,"href":"https:\/\/nimedixmedical.com\/en\/wp-json\/wp\/v2\/product_cat?post=100900"},{"taxonomy":"product_tag","embeddable":true,"href":"https:\/\/nimedixmedical.com\/en\/wp-json\/wp\/v2\/product_tag?post=100900"}],"curies":[{"name":"wp","href":"https:\/\/api.w.org\/{rel}","templated":true}]}}