{"id":100847,"date":"2025-11-30T19:13:44","date_gmt":"2025-11-30T18:13:44","guid":{"rendered":"https:\/\/nimedixmedical.com\/notre-catalogue\/insufflateur-en-pvc-a-usage-unique-bebe-avec-valve-anti-retour\/"},"modified":"2026-01-12T14:48:53","modified_gmt":"2026-01-12T13:48:53","slug":"insufflateur-en-pvc-a-usage-unique-bebe-avec-valve-anti-retour","status":"publish","type":"product","link":"https:\/\/nimedixmedical.com\/en\/our-catalog\/insufflateur-en-pvc-a-usage-unique-bebe-avec-valve-anti-retour\/","title":{"rendered":"Insufflateur en PVC \u00c0 Usage Unique &#8211; B\u00e9b\u00e9 &#8211; avec Valve Anti-retour"},"content":{"rendered":"<p>Designed for emergency situations, the blower PVC single use for babies is an essential device for resuscitation. Its design allows for an efficient and safe manoeuvring of ventilation.<\/p>\n<h2>Features<\/h2>\n<ul>\n<li>Ball bag and mask disposable 280 ml, suitable for babies.<\/li>\n<li>Included : a mask, single-use # 1 and a one-way valve \"pop-off\" set to 40 cm H2O.<\/li>\n<li>Mask in transparent PVC, latex-free, for a perfect adhesion to the patient's face.<\/li>\n<li>Connection for valve PEEP, increasing the effectiveness of ventilations.<\/li>\n<\/ul>\n<h2>Delivery<\/h2>\n<ul>\n<li><strong>France :<\/strong> Direct delivery.<\/li>\n<li><strong>Export (Europe and Africa) :<\/strong> Quote.<\/li>\n<\/ul>","protected":false},"excerpt":{"rendered":"<ul>\n<li>Single-use to reduce the risk of infection.<\/li>\n<li>Valve anti-retour \"pop-off\" for maximum safety.<\/li>\n<li>Mask in transparent PVC for a perfect fit to the face.<\/li>\n<li>Volume of 280 ml, adapted to the needs of the babies.<\/li>\n<\/ul>","protected":false},"featured_media":100848,"comment_status":"open","ping_status":"open","template":"","meta":{"inline_featured_image":false},"product_brand":[],"product_cat":[842,784],"product_tag":[],"class_list":{"0":"post-100847","1":"product","2":"type-product","3":"status-publish","4":"has-post-thumbnail","6":"product_cat-ballons-insufflateurs-et-masques-de-reanimation-gima","7":"product_cat-urgences-premiers-secours","9":"first","10":"instock","11":"sale","12":"taxable","13":"shipping-taxable","14":"purchasable","15":"product-type-simple"},"_links":{"self":[{"href":"https:\/\/nimedixmedical.com\/en\/wp-json\/wp\/v2\/product\/100847","targetHints":{"allow":["GET"]}}],"collection":[{"href":"https:\/\/nimedixmedical.com\/en\/wp-json\/wp\/v2\/product"}],"about":[{"href":"https:\/\/nimedixmedical.com\/en\/wp-json\/wp\/v2\/types\/product"}],"replies":[{"embeddable":true,"href":"https:\/\/nimedixmedical.com\/en\/wp-json\/wp\/v2\/comments?post=100847"}],"wp:featuredmedia":[{"embeddable":true,"href":"https:\/\/nimedixmedical.com\/en\/wp-json\/wp\/v2\/media\/100848"}],"wp:attachment":[{"href":"https:\/\/nimedixmedical.com\/en\/wp-json\/wp\/v2\/media?parent=100847"}],"wp:term":[{"taxonomy":"product_brand","embeddable":true,"href":"https:\/\/nimedixmedical.com\/en\/wp-json\/wp\/v2\/product_brand?post=100847"},{"taxonomy":"product_cat","embeddable":true,"href":"https:\/\/nimedixmedical.com\/en\/wp-json\/wp\/v2\/product_cat?post=100847"},{"taxonomy":"product_tag","embeddable":true,"href":"https:\/\/nimedixmedical.com\/en\/wp-json\/wp\/v2\/product_tag?post=100847"}],"curies":[{"name":"wp","href":"https:\/\/api.w.org\/{rel}","templated":true}]}}