{"id":100747,"date":"2025-11-30T19:12:53","date_gmt":"2025-11-30T18:12:53","guid":{"rendered":"https:\/\/nimedixmedical.com\/notre-catalogue\/detendeur-de-pression-avec-debimetre-et-humidificateur-uni\/"},"modified":"2026-01-12T14:48:21","modified_gmt":"2026-01-12T13:48:21","slug":"detendeur-de-pression-avec-debimetre-et-humidificateur-uni","status":"publish","type":"product","link":"https:\/\/nimedixmedical.com\/en\/our-catalog\/detendeur-de-pression-avec-debimetre-et-humidificateur-uni\/","title":{"rendered":"D\u00e9tendeur de Pression avec D\u00e9bim\u00e8tre et Humidificateur &#8211; Uni"},"content":{"rendered":"<p>The pressure reducing valve KINGDOM is a medical device designed for the secure management of oxygen. For emergency situations, it ensures a controlled rate, and a humidification system, guaranteeing optimal comfort for the patient.<\/p>\n<h2>Features<\/h2>\n<ul>\n<li>Regulator with relief valve and pressure gauge high pressure.<\/li>\n<li>Flowmeter ball adjustable from 0 to 15 l\/min.<\/li>\n<li>Humidification system to be connected to the cylinder valve.<\/li>\n<li>Autoclavable for a perfect hygiene.<\/li>\n<\/ul>\n<h2>Delivery<\/h2>\n<ul>\n<li><strong>France :<\/strong> Direct delivery.<\/li>\n<li><strong>Export (Europe and Africa) :<\/strong> Quote.<\/li>\n<\/ul>","protected":false},"excerpt":{"rendered":"<ul>\n<li>Usage : pressure reducing valve for medical oxygen, ideal in case of an emergency.<\/li>\n<li>Income : flow Meter adjustable (0-15 l\/min) for a precise control of the oxygen supply.<\/li>\n<li>Ease of maintenance : Autoclavable for disinfection optimal.<\/li>\n<li>Humidification system built for comfort increased respiratory.<\/li>\n<\/ul>","protected":false},"featured_media":100748,"comment_status":"open","ping_status":"open","template":"","meta":{"inline_featured_image":false},"product_brand":[],"product_cat":[836,838,784],"product_tag":[],"class_list":{"0":"post-100747","1":"product","2":"type-product","3":"status-publish","4":"has-post-thumbnail","6":"product_cat-bouteilles-a-oxygene-et-detendeurs","7":"product_cat-detendeur-et-humidificateur","8":"product_cat-urgences-premiers-secours","10":"first","11":"instock","12":"sale","13":"taxable","14":"shipping-taxable","15":"purchasable","16":"product-type-simple"},"_links":{"self":[{"href":"https:\/\/nimedixmedical.com\/en\/wp-json\/wp\/v2\/product\/100747","targetHints":{"allow":["GET"]}}],"collection":[{"href":"https:\/\/nimedixmedical.com\/en\/wp-json\/wp\/v2\/product"}],"about":[{"href":"https:\/\/nimedixmedical.com\/en\/wp-json\/wp\/v2\/types\/product"}],"replies":[{"embeddable":true,"href":"https:\/\/nimedixmedical.com\/en\/wp-json\/wp\/v2\/comments?post=100747"}],"wp:featuredmedia":[{"embeddable":true,"href":"https:\/\/nimedixmedical.com\/en\/wp-json\/wp\/v2\/media\/100748"}],"wp:attachment":[{"href":"https:\/\/nimedixmedical.com\/en\/wp-json\/wp\/v2\/media?parent=100747"}],"wp:term":[{"taxonomy":"product_brand","embeddable":true,"href":"https:\/\/nimedixmedical.com\/en\/wp-json\/wp\/v2\/product_brand?post=100747"},{"taxonomy":"product_cat","embeddable":true,"href":"https:\/\/nimedixmedical.com\/en\/wp-json\/wp\/v2\/product_cat?post=100747"},{"taxonomy":"product_tag","embeddable":true,"href":"https:\/\/nimedixmedical.com\/en\/wp-json\/wp\/v2\/product_tag?post=100747"}],"curies":[{"name":"wp","href":"https:\/\/api.w.org\/{rel}","templated":true}]}}