{"id":100737,"date":"2025-11-30T19:12:53","date_gmt":"2025-11-30T18:12:53","guid":{"rendered":"https:\/\/nimedixmedical.com\/notre-catalogue\/detendeur-de-pression-avec-debimetre-et-humidif-din\/"},"modified":"2026-01-12T14:48:18","modified_gmt":"2026-01-12T13:48:18","slug":"detendeur-de-pression-avec-debimetre-et-humidif-din","status":"publish","type":"product","link":"https:\/\/nimedixmedical.com\/en\/our-catalog\/detendeur-de-pression-avec-debimetre-et-humidif-din\/","title":{"rendered":"D\u00e9tendeur de Pression avec D\u00e9bim\u00e8tre et Humidif. &#8211; Din"},"content":{"rendered":"<p>The pressure reducing valve with flow meter and humidifier is a crucial piece of equipment in the medical field, particularly during emergency care. It allows clear-cut administration of oxygen to patients, while ensuring a comfortable fit thanks to its humidification system.<\/p>\n<h2>Features<\/h2>\n<ul>\n<li>Expansion valve integrated for increased security.<\/li>\n<li>Pressure gauge high pressure for visual monitoring of pressure.<\/li>\n<li>Flowmeter ball adjustable from 0 to 15 l\/min, with a flexibility of use.<\/li>\n<li>Compatible with a humidification system to be connected to the cylinder valve.<\/li>\n<li>Autoclavable for disinfection, easy and effective.<\/li>\n<\/ul>\n<h2>Delivery<\/h2>\n<ul>\n<li><strong>France :<\/strong> Direct delivery.<\/li>\n<li><strong>Export (Europe and Africa) :<\/strong> Quote.<\/li>\n<\/ul>","protected":false},"excerpt":{"rendered":"<ul>\n<li>Usage : pressure reducing valve to regulate the oxygen during a medical emergency.<\/li>\n<li>Benefit : pressure Gauge high pressure and flow adjustable for a precise control of the oxygen flow.<\/li>\n<li>Autoclavable : Easy-to-disinfect for safe use.<\/li>\n<li>Humidification system : Improves patient comfort by adding moisture to the oxygen administered.<\/li>\n<\/ul>","protected":false},"featured_media":100738,"comment_status":"open","ping_status":"open","template":"","meta":{"inline_featured_image":false},"product_brand":[],"product_cat":[836,838,784],"product_tag":[],"class_list":{"0":"post-100737","1":"product","2":"type-product","3":"status-publish","4":"has-post-thumbnail","6":"product_cat-bouteilles-a-oxygene-et-detendeurs","7":"product_cat-detendeur-et-humidificateur","8":"product_cat-urgences-premiers-secours","10":"first","11":"instock","12":"sale","13":"taxable","14":"shipping-taxable","15":"purchasable","16":"product-type-simple"},"_links":{"self":[{"href":"https:\/\/nimedixmedical.com\/en\/wp-json\/wp\/v2\/product\/100737","targetHints":{"allow":["GET"]}}],"collection":[{"href":"https:\/\/nimedixmedical.com\/en\/wp-json\/wp\/v2\/product"}],"about":[{"href":"https:\/\/nimedixmedical.com\/en\/wp-json\/wp\/v2\/types\/product"}],"replies":[{"embeddable":true,"href":"https:\/\/nimedixmedical.com\/en\/wp-json\/wp\/v2\/comments?post=100737"}],"wp:featuredmedia":[{"embeddable":true,"href":"https:\/\/nimedixmedical.com\/en\/wp-json\/wp\/v2\/media\/100738"}],"wp:attachment":[{"href":"https:\/\/nimedixmedical.com\/en\/wp-json\/wp\/v2\/media?parent=100737"}],"wp:term":[{"taxonomy":"product_brand","embeddable":true,"href":"https:\/\/nimedixmedical.com\/en\/wp-json\/wp\/v2\/product_brand?post=100737"},{"taxonomy":"product_cat","embeddable":true,"href":"https:\/\/nimedixmedical.com\/en\/wp-json\/wp\/v2\/product_cat?post=100737"},{"taxonomy":"product_tag","embeddable":true,"href":"https:\/\/nimedixmedical.com\/en\/wp-json\/wp\/v2\/product_tag?post=100737"}],"curies":[{"name":"wp","href":"https:\/\/api.w.org\/{rel}","templated":true}]}}