{"id":100732,"date":"2025-11-30T19:12:20","date_gmt":"2025-11-30T18:12:20","guid":{"rendered":"https:\/\/nimedixmedical.com\/notre-catalogue\/detendeur-de-pression-avec-debimetre-et-humidif-std-britannique\/"},"modified":"2026-01-12T14:48:17","modified_gmt":"2026-01-12T13:48:17","slug":"detendeur-de-pression-avec-debimetre-et-humidif-std-britannique","status":"publish","type":"product","link":"https:\/\/nimedixmedical.com\/en\/our-catalog\/detendeur-de-pression-avec-debimetre-et-humidif-std-britannique\/","title":{"rendered":"D\u00e9tendeur de Pression avec D\u00e9bim\u00e8tre et Humidif. &#8211; Std. Britannique"},"content":{"rendered":"<p>The pressure reducing valve with flow meter and humidifier is a crucial piece of equipment in a medical setting, particularly in emergency situations. It allows a precise control of the oxygen administered, ensuring an optimal management of patients requiring respiratory support.<\/p>\n<h2>Features<\/h2>\n<ul>\n<li>System relaxation with pressure gauge integrated high-pressure.<\/li>\n<li>Flowmeter ball adjustable from 0 to 15 l\/min.<\/li>\n<li>Compatible with humidifier for better breathing comfort.<\/li>\n<li>Autoclavable to ensure strict hygiene and safe reuse.<\/li>\n<\/ul>\n<h2>Delivery<\/h2>\n<ul>\n<li><strong>France :<\/strong> Direct delivery.<\/li>\n<li><strong>Export (Europe and Africa) :<\/strong> Quote.<\/li>\n<\/ul>","protected":false},"excerpt":{"rendered":"<ul>\n<li>Pressure reducing valve with pressure gauge H. P. built-in for precise control of the oxygen.<\/li>\n<li>Flow adjustable from 0-15 l\/min to adapt to the needs of the patient.<\/li>\n<li>Humidification system to improve breathing comfort.<\/li>\n<li>Design autoclavable for optimum hygiene and durability.<\/li>\n<\/ul>","protected":false},"featured_media":100733,"comment_status":"open","ping_status":"open","template":"","meta":{"inline_featured_image":false},"product_brand":[],"product_cat":[836,838,784],"product_tag":[],"class_list":{"0":"post-100732","1":"product","2":"type-product","3":"status-publish","4":"has-post-thumbnail","6":"product_cat-bouteilles-a-oxygene-et-detendeurs","7":"product_cat-detendeur-et-humidificateur","8":"product_cat-urgences-premiers-secours","10":"first","11":"outofstock","12":"sale","13":"taxable","14":"shipping-taxable","15":"purchasable","16":"product-type-simple"},"_links":{"self":[{"href":"https:\/\/nimedixmedical.com\/en\/wp-json\/wp\/v2\/product\/100732","targetHints":{"allow":["GET"]}}],"collection":[{"href":"https:\/\/nimedixmedical.com\/en\/wp-json\/wp\/v2\/product"}],"about":[{"href":"https:\/\/nimedixmedical.com\/en\/wp-json\/wp\/v2\/types\/product"}],"replies":[{"embeddable":true,"href":"https:\/\/nimedixmedical.com\/en\/wp-json\/wp\/v2\/comments?post=100732"}],"wp:featuredmedia":[{"embeddable":true,"href":"https:\/\/nimedixmedical.com\/en\/wp-json\/wp\/v2\/media\/100733"}],"wp:attachment":[{"href":"https:\/\/nimedixmedical.com\/en\/wp-json\/wp\/v2\/media?parent=100732"}],"wp:term":[{"taxonomy":"product_brand","embeddable":true,"href":"https:\/\/nimedixmedical.com\/en\/wp-json\/wp\/v2\/product_brand?post=100732"},{"taxonomy":"product_cat","embeddable":true,"href":"https:\/\/nimedixmedical.com\/en\/wp-json\/wp\/v2\/product_cat?post=100732"},{"taxonomy":"product_tag","embeddable":true,"href":"https:\/\/nimedixmedical.com\/en\/wp-json\/wp\/v2\/product_tag?post=100732"}],"curies":[{"name":"wp","href":"https:\/\/api.w.org\/{rel}","templated":true}]}}