{"id":100727,"date":"2025-11-30T19:12:20","date_gmt":"2025-11-30T18:12:20","guid":{"rendered":"https:\/\/nimedixmedical.com\/notre-catalogue\/detendeur-de-pression-avec-debimetre-et-humidif-pin-index\/"},"modified":"2026-01-12T14:48:16","modified_gmt":"2026-01-12T13:48:16","slug":"pressure-reducing-valve-with-flowmeter-and-pin-index-humidifier","status":"publish","type":"product","link":"https:\/\/nimedixmedical.com\/en\/our-catalog\/pressure-reducing-valve-with-flowmeter-and-pin-index-humidifier\/","title":{"rendered":"D\u00e9tendeur de Pression avec D\u00e9bim\u00e8tre et Humidif. &#8211; Pin Index"},"content":{"rendered":"<p>The pressure reducing valve with flow meter and humidifier is a device that is essential in medical emergency situations. It allows a secure administration and efficient oxygen, essential for the treatment of patients in respiratory distress.<\/p>\n<h2>Features<\/h2>\n<ul>\n<li>Regulator is equipped with a relief valve for precise control of pressure.<\/li>\n<li>Pressure gauge high pressure for a clear reading of the pressure levels.<\/li>\n<li>Flowmeter ball adjustable from 0 to 15 l\/min to adapt to the needs of the patient.<\/li>\n<li>Humidification system to be connected to the cylinder valve for an optimal breathing comfort.<\/li>\n<li>Autoclavable, ensuring a sterilization efficient and easy to use.<\/li>\n<\/ul>\n<h2>Delivery<\/h2>\n<ul>\n<li><strong>France :<\/strong> Direct delivery.<\/li>\n<li><strong>Export (Europe and Africa) :<\/strong> Quote.<\/li>\n<\/ul>","protected":false},"excerpt":{"rendered":"<ul>\n<li>Usage : pressure reducing valve designed to regulate the oxygen during emergency response.<\/li>\n<li>Benefit : Allows a flow rate adjustable from 0-15 l\/min for oxygen administration accurate.<\/li>\n<li>Convenience : Equipped with a pressure gauge H. P. and flow meter ball for optimal control.<\/li>\n<li>Hygiene : Autoclavable to ensure sterility during repeated use.<\/li>\n<\/ul>","protected":false},"featured_media":100728,"comment_status":"open","ping_status":"open","template":"","meta":{"inline_featured_image":false},"product_brand":[],"product_cat":[836,838,784],"product_tag":[],"class_list":{"0":"post-100727","1":"product","2":"type-product","3":"status-publish","4":"has-post-thumbnail","6":"product_cat-bouteilles-a-oxygene-et-detendeurs","7":"product_cat-detendeur-et-humidificateur","8":"product_cat-urgences-premiers-secours","10":"first","11":"outofstock","12":"sale","13":"taxable","14":"shipping-taxable","15":"purchasable","16":"product-type-simple"},"_links":{"self":[{"href":"https:\/\/nimedixmedical.com\/en\/wp-json\/wp\/v2\/product\/100727","targetHints":{"allow":["GET"]}}],"collection":[{"href":"https:\/\/nimedixmedical.com\/en\/wp-json\/wp\/v2\/product"}],"about":[{"href":"https:\/\/nimedixmedical.com\/en\/wp-json\/wp\/v2\/types\/product"}],"replies":[{"embeddable":true,"href":"https:\/\/nimedixmedical.com\/en\/wp-json\/wp\/v2\/comments?post=100727"}],"wp:featuredmedia":[{"embeddable":true,"href":"https:\/\/nimedixmedical.com\/en\/wp-json\/wp\/v2\/media\/100728"}],"wp:attachment":[{"href":"https:\/\/nimedixmedical.com\/en\/wp-json\/wp\/v2\/media?parent=100727"}],"wp:term":[{"taxonomy":"product_brand","embeddable":true,"href":"https:\/\/nimedixmedical.com\/en\/wp-json\/wp\/v2\/product_brand?post=100727"},{"taxonomy":"product_cat","embeddable":true,"href":"https:\/\/nimedixmedical.com\/en\/wp-json\/wp\/v2\/product_cat?post=100727"},{"taxonomy":"product_tag","embeddable":true,"href":"https:\/\/nimedixmedical.com\/en\/wp-json\/wp\/v2\/product_tag?post=100727"}],"curies":[{"name":"wp","href":"https:\/\/api.w.org\/{rel}","templated":true}]}}