{"id":100714,"date":"2025-11-30T19:12:20","date_gmt":"2025-11-30T18:12:20","guid":{"rendered":"https:\/\/nimedixmedical.com\/notre-catalogue\/masque-doxygenotherapie-hi-pediatrique\/"},"modified":"2026-01-12T14:48:11","modified_gmt":"2026-01-12T13:48:11","slug":"masque-doxygenotherapie-hi-pediatrique","status":"publish","type":"product","link":"https:\/\/nimedixmedical.com\/en\/our-catalog\/masque-doxygenotherapie-hi-pediatrique\/","title":{"rendered":"Masque D&#8217;oxyg\u00e9noth\u00e9rapie Hi &#8211; P\u00e9diatrique"},"content":{"rendered":"<p>The mask of oxygen HI pediatric is designed specifically for young patients requiring oxygen. Its secure design and comfortable fit ensures optimal utilization in a medical setting, ensuring an effective treatment in emergency situations.<\/p>\n<h2>Features<\/h2>\n<ul>\n<li>Pediatric mask suitable for children.<\/li>\n<li>Made of material that is non-toxic to ensure safety.<\/li>\n<li>Equipped with a clip-on nose, adjustable elastic for a perfect fit.<\/li>\n<li>Comes with a hose connection for easy installation.<\/li>\n<\/ul>\n<h2>Delivery<\/h2>\n<ul>\n<li><strong>France :<\/strong> Direct delivery.<\/li>\n<li><strong>Export (Europe and Africa) :<\/strong> Quote.<\/li>\n<\/ul>","protected":false},"excerpt":{"rendered":"<ul>\n<li>Use : Ideal for home oxygen therapy pediatric hospital.<\/li>\n<li>Benefit : optimum Comfort thanks to its clip nose, adjustable elastic.<\/li>\n<li>Material : Made of material that is non-toxic for the safety of the children.<\/li>\n<li>Practice : Included with a hose connection for easy use.<\/li>\n<\/ul>","protected":false},"featured_media":100715,"comment_status":"open","ping_status":"open","template":"","meta":{"inline_featured_image":false},"product_brand":[],"product_cat":[836,837,784],"product_tag":[],"class_list":{"0":"post-100714","1":"product","2":"type-product","3":"status-publish","4":"has-post-thumbnail","6":"product_cat-bouteilles-a-oxygene-et-detendeurs","7":"product_cat-masques","8":"product_cat-urgences-premiers-secours","10":"first","11":"instock","12":"sale","13":"taxable","14":"shipping-taxable","15":"purchasable","16":"product-type-simple"},"_links":{"self":[{"href":"https:\/\/nimedixmedical.com\/en\/wp-json\/wp\/v2\/product\/100714","targetHints":{"allow":["GET"]}}],"collection":[{"href":"https:\/\/nimedixmedical.com\/en\/wp-json\/wp\/v2\/product"}],"about":[{"href":"https:\/\/nimedixmedical.com\/en\/wp-json\/wp\/v2\/types\/product"}],"replies":[{"embeddable":true,"href":"https:\/\/nimedixmedical.com\/en\/wp-json\/wp\/v2\/comments?post=100714"}],"wp:featuredmedia":[{"embeddable":true,"href":"https:\/\/nimedixmedical.com\/en\/wp-json\/wp\/v2\/media\/100715"}],"wp:attachment":[{"href":"https:\/\/nimedixmedical.com\/en\/wp-json\/wp\/v2\/media?parent=100714"}],"wp:term":[{"taxonomy":"product_brand","embeddable":true,"href":"https:\/\/nimedixmedical.com\/en\/wp-json\/wp\/v2\/product_brand?post=100714"},{"taxonomy":"product_cat","embeddable":true,"href":"https:\/\/nimedixmedical.com\/en\/wp-json\/wp\/v2\/product_cat?post=100714"},{"taxonomy":"product_tag","embeddable":true,"href":"https:\/\/nimedixmedical.com\/en\/wp-json\/wp\/v2\/product_tag?post=100714"}],"curies":[{"name":"wp","href":"https:\/\/api.w.org\/{rel}","templated":true}]}}