{"id":100226,"date":"2025-11-30T19:07:06","date_gmt":"2025-11-30T18:07:06","guid":{"rendered":"https:\/\/nimedixmedical.com\/notre-catalogue\/manche-led-f-o-a-batterie-a-usage-unique-rtu-145-klux-pediatrique\/"},"modified":"2026-01-12T14:45:49","modified_gmt":"2026-01-12T13:45:49","slug":"manche-led-f-o-a-batterie-a-usage-unique-rtu-145-klux-pediatrique","status":"publish","type":"product","link":"https:\/\/nimedixmedical.com\/en\/our-catalog\/manche-led-f-o-a-batterie-a-usage-unique-rtu-145-klux-pediatrique\/","title":{"rendered":"Manche LED F.o \u00c0 Batterie \u00c0 Usage Unique Rtu 145 Klux &#8211; P\u00e9diatrique"},"content":{"rendered":"<p>Les manches LED F.O \u00e0 batterie \u00e0 usage unique RTU 145 kLux p\u00e9diatriques sont con\u00e7us pour un usage hospitalier quotidien. Leur conception l\u00e9g\u00e8re et pr\u00eate \u00e0 l&#8217;emploi assure une utilisation optimale tout en minimisant les risques d&#8217;infections crois\u00e9es chez les patients.<\/p>\n<h2>Features<\/h2>\n<ul>\n<li>Type : Manche \u00e0 batterie LED 2,5 V \u00e0 usage individuel.<\/li>\n<li>Format : Bo\u00eete de 10 unit\u00e9s, pr\u00eates \u00e0 l&#8217;emploi.<\/li>\n<li>Lux : 145 kLux, assurant une excellente visibilit\u00e9.<\/li>\n<li>Temp\u00e9rature de couleur : 4500K.<\/li>\n<li>Mat\u00e9riau : ABS, l\u00e9ger et r\u00e9sistant.<\/li>\n<li>IRC : >110 pour une fid\u00e9lit\u00e9 des couleurs optimale.<\/li>\n<li>Batteries : Sans mercure, pr\u00e9-charg\u00e9es et jetables.<\/li>\n<li>Mode d&#8217;emploi : Multilingue (GB, FR, IT, ES, PT, DE, RO, GR, Arabe).<\/li>\n<\/ul>\n<h2>Delivery<\/h2>\n<ul>\n<li><strong>France :<\/strong> Direct delivery.<\/li>\n<li><strong>Export (Europe and Africa) :<\/strong> Quote.<\/li>\n<\/ul>","protected":false},"excerpt":{"rendered":"<ul>\n<li>Usage unique pour pr\u00e9venir les infections crois\u00e9es.<\/li>\n<li>Compatible avec lames r\u00e9utilisables pour plus de flexibilit\u00e9.<\/li>\n<li>Batteries pr\u00e9-charg\u00e9es \u00e9cologiques, pr\u00eates \u00e0 l&#8217;emploi.<\/li>\n<li>Indiqu\u00e9 pour un usage hospitalier quotidien et facile \u00e0 utiliser.<\/li>\n<\/ul>","protected":false},"featured_media":100227,"comment_status":"open","ping_status":"open","template":"","meta":{"inline_featured_image":false},"product_brand":[],"product_cat":[818,812,784],"product_tag":[],"class_list":{"0":"post-100226","1":"product","2":"type-product","3":"status-publish","4":"has-post-thumbnail","6":"product_cat-lames-jetables","7":"product_cat-laryngoscopes-gima","8":"product_cat-urgences-premiers-secours","10":"first","11":"outofstock","12":"sale","13":"taxable","14":"shipping-taxable","15":"purchasable","16":"product-type-simple"},"_links":{"self":[{"href":"https:\/\/nimedixmedical.com\/en\/wp-json\/wp\/v2\/product\/100226","targetHints":{"allow":["GET"]}}],"collection":[{"href":"https:\/\/nimedixmedical.com\/en\/wp-json\/wp\/v2\/product"}],"about":[{"href":"https:\/\/nimedixmedical.com\/en\/wp-json\/wp\/v2\/types\/product"}],"replies":[{"embeddable":true,"href":"https:\/\/nimedixmedical.com\/en\/wp-json\/wp\/v2\/comments?post=100226"}],"wp:featuredmedia":[{"embeddable":true,"href":"https:\/\/nimedixmedical.com\/en\/wp-json\/wp\/v2\/media\/100227"}],"wp:attachment":[{"href":"https:\/\/nimedixmedical.com\/en\/wp-json\/wp\/v2\/media?parent=100226"}],"wp:term":[{"taxonomy":"product_brand","embeddable":true,"href":"https:\/\/nimedixmedical.com\/en\/wp-json\/wp\/v2\/product_brand?post=100226"},{"taxonomy":"product_cat","embeddable":true,"href":"https:\/\/nimedixmedical.com\/en\/wp-json\/wp\/v2\/product_cat?post=100226"},{"taxonomy":"product_tag","embeddable":true,"href":"https:\/\/nimedixmedical.com\/en\/wp-json\/wp\/v2\/product_tag?post=100226"}],"curies":[{"name":"wp","href":"https:\/\/api.w.org\/{rel}","templated":true}]}}