{"id":100003,"date":"2025-11-30T19:04:25","date_gmt":"2025-11-30T18:04:25","guid":{"rendered":"https:\/\/nimedixmedical.com\/notre-catalogue\/oxymetre-de-pouls-pour-poignet-avec-logiciel\/"},"modified":"2026-01-12T14:44:57","modified_gmt":"2026-01-12T13:44:57","slug":"oxymetre-de-pouls-pour-poignet-avec-logiciel","status":"publish","type":"product","link":"https:\/\/nimedixmedical.com\/en\/our-catalog\/oxymetre-de-pouls-pour-poignet-avec-logiciel\/","title":{"rendered":"Oxym\u00e8tre de Pouls pour Poignet avec Logiciel"},"content":{"rendered":"<p>L&#8217;oxym\u00e8tre de pouls pour poignet est un appareil m\u00e9dical innovant, con\u00e7u pour mesurer de mani\u00e8re pr\u00e9cise la saturation en oxyg\u00e8ne du sang et la fr\u00e9quence cardiaque. Compact et l\u00e9ger, il est id\u00e9al pour une utilisation \u00e0 domicile ou en milieu hospitalier, apportant un confort optimal pour le patient.<\/p>\n<h2>Features<\/h2>\n<ul>\n<li>Alarme sonore et visuelle avec valeurs limites r\u00e9glables pour un suivi constant.<\/li>\n<li>Fonction de revue des tendances de la SpO2 et de la fr\u00e9quence cardiaque.<\/li>\n<li>Modes de stockage : 1 groupe\/1 s, 1 groupe\/4 s et 1 groupe\/8 s.<\/li>\n<li>Capacit\u00e9 de stockage jusqu\u2019\u00e0 500 heures de donn\u00e9es en mode par d\u00e9faut.<\/li>\n<li>R\u00e9glage de la montre et fonction d\u2019affichage de la date pour un suivi quotidien.<\/li>\n<li>Logiciel inclus pour le t\u00e9l\u00e9chargement et le stockage des mesures sur PC.<\/li>\n<li>Capteur au doigt amovible; non adapt\u00e9 pour usage p\u00e9diatrique.<\/li>\n<\/ul>\n<h2>Delivery<\/h2>\n<ul>\n<li><strong>France :<\/strong> Direct delivery.<\/li>\n<li><strong>Export (Europe and Africa) :<\/strong> Quote.<\/li>\n<\/ul>","protected":false},"excerpt":{"rendered":"<ul>\n<li>Usage : Oxym\u00e8tre l\u00e9ger et compact, id\u00e9al pour un port au poignet, adapt\u00e9 pour un suivi \u00e0 domicile ou en milieu hospitalier.<\/li>\n<li>B\u00e9n\u00e9fice : Mesures pr\u00e9cises de la SpO2 et de la fr\u00e9quence cardiaque, avec alarme pour un suivi continu.<\/li>\n<li>Stockage : Jusqu&#8217;\u00e0 500 heures de donn\u00e9es, permettant une analyse des tendances sur le long terme.<\/li>\n<li>Logiciel inclus : T\u00e9l\u00e9chargement facile des mesures sur PC pour un suivi approfondi.<\/li>\n<\/ul>","protected":false},"featured_media":100004,"comment_status":"open","ping_status":"open","template":"","meta":{"inline_featured_image":false},"product_brand":[],"product_cat":[807,784],"product_tag":[],"class_list":{"0":"post-100003","1":"product","2":"type-product","3":"status-publish","4":"has-post-thumbnail","6":"product_cat-oxymetres-bout-du-doigt","7":"product_cat-urgences-premiers-secours","9":"first","10":"instock","11":"sale","12":"taxable","13":"shipping-taxable","14":"purchasable","15":"product-type-simple"},"_links":{"self":[{"href":"https:\/\/nimedixmedical.com\/en\/wp-json\/wp\/v2\/product\/100003","targetHints":{"allow":["GET"]}}],"collection":[{"href":"https:\/\/nimedixmedical.com\/en\/wp-json\/wp\/v2\/product"}],"about":[{"href":"https:\/\/nimedixmedical.com\/en\/wp-json\/wp\/v2\/types\/product"}],"replies":[{"embeddable":true,"href":"https:\/\/nimedixmedical.com\/en\/wp-json\/wp\/v2\/comments?post=100003"}],"wp:featuredmedia":[{"embeddable":true,"href":"https:\/\/nimedixmedical.com\/en\/wp-json\/wp\/v2\/media\/100004"}],"wp:attachment":[{"href":"https:\/\/nimedixmedical.com\/en\/wp-json\/wp\/v2\/media?parent=100003"}],"wp:term":[{"taxonomy":"product_brand","embeddable":true,"href":"https:\/\/nimedixmedical.com\/en\/wp-json\/wp\/v2\/product_brand?post=100003"},{"taxonomy":"product_cat","embeddable":true,"href":"https:\/\/nimedixmedical.com\/en\/wp-json\/wp\/v2\/product_cat?post=100003"},{"taxonomy":"product_tag","embeddable":true,"href":"https:\/\/nimedixmedical.com\/en\/wp-json\/wp\/v2\/product_tag?post=100003"}],"curies":[{"name":"wp","href":"https:\/\/api.w.org\/{rel}","templated":true}]}}